{"id":8449,"date":"2025-06-26T12:27:32","date_gmt":"2025-06-26T05:27:32","guid":{"rendered":"https:\/\/unalomesilverdesign.com\/?post_type=product&#038;p=8449"},"modified":"2025-06-30T14:47:59","modified_gmt":"2025-06-30T07:47:59","slug":"sand-silver-ring-size-9","status":"publish","type":"product","link":"https:\/\/unalomesilverdesign.com\/th\/shop\/sand-silver-ring-size-9\/","title":{"rendered":"\u0e41\u0e2b\u0e27\u0e19\u0e40\u0e07\u0e34\u0e19 : \u0e2d\u0e34\u0e19\u0e40\u0e25\u0e22\u0e4c\u0e17\u0e23\u0e32\u0e22 &#8211; \u0e44\u0e0b\u0e2a\u0e4c\u00a09 (US)"},"content":{"rendered":"<h2>\u0e41\u0e2b\u0e27\u0e19\u0e40\u0e07\u0e34\u0e19 : \u0e2d\u0e34\u0e19\u0e40\u0e25\u0e22\u0e4c\u0e17\u0e23\u0e32\u0e22 &#8211; \u0e44\u0e0b\u0e2a\u0e4c 9 (US)<\/h2>\n<p>&nbsp;<\/p>\n<p>\u0e41\u0e2b\u0e27\u0e19\u0e40\u0e07\u0e34\u0e19 : \u0e2d\u0e34\u0e19\u0e40\u0e25\u0e22\u0e4c\u0e17\u0e23\u0e32\u0e22\u00a0 : \u0e40\u0e17\u0e04\u0e19\u0e34\u0e04\u0e2d\u0e34\u0e19\u0e40\u0e25\u0e22\u0e4c\u0e1d\u0e31\u0e07\u0e17\u0e23\u0e32\u0e22 (\u0e17\u0e23\u0e32\u0e22\u0e08\u0e32\u0e01\u0e2b\u0e32\u0e14\u0e43\u0e19\u0e40\u0e01\u0e32\u0e30\u0e25\u0e31\u0e19\u0e15\u0e32 \u0e01\u0e23\u0e30\u0e1a\u0e35\u0e48) \u0e02\u0e19\u0e32\u0e14\u0e44\u0e0b\u0e2a\u0e4c (US) 9 (\u2300 19 \u0e21\u0e21.) (\u0e04\u0e27\u0e32\u0e21\u0e2b\u0e19\u0e32 10 \u0e21\u0e21.) \u0e02\u0e36\u0e49\u0e19\u0e40\u0e23\u0e37\u0e2d\u0e19\u0e14\u0e49\u0e27\u0e22\u0e40\u0e07\u0e34\u0e19\u0e41\u0e17\u0e49 \u0e59\u0e52.\u0e55 \u0e40\u0e1b\u0e2d\u0e23\u0e4c\u0e40\u0e0b\u0e47\u0e19\u0e15\u0e4c.<\/p>\n<p>\u0e40\u0e04\u0e23\u0e37\u0e48\u0e2d\u0e07\u0e1b\u0e23\u0e30\u0e14\u0e31\u0e1a\u0e21\u0e32\u0e1e\u0e23\u0e49\u0e2d\u0e21\u0e01\u0e31\u0e1a\u0e1c\u0e49\u0e32\u0e02\u0e31\u0e14\u0e40\u0e07\u0e34\u0e19.\u0e2a\u0e34\u0e19\u0e04\u0e49\u0e32 \u0e41\u0e25\u0e30 \u0e07\u0e32\u0e19\u0e02\u0e2d\u0e07\u0e17\u0e32\u0e07\u0e23\u0e49\u0e32\u0e19\u0e08\u0e30\u0e08\u0e31\u0e14\u0e2a\u0e48\u0e07\u0e43\u0e19\u0e16\u0e38\u0e07\u0e40\u0e04\u0e23\u0e37\u0e48\u0e2d\u0e07\u0e1b\u0e23\u0e30\u0e14\u0e31\u0e1a\u0e01\u0e33\u0e21\u0e30\u0e2b\u0e22\u0e35\u0e48\u0e2a\u0e35\u0e14\u0e33\u0e41\u0e1a\u0e1a\u0e2b\u0e19\u0e32 \u0e41\u0e25\u0e30 \u0e01\u0e25\u0e48\u0e2d\u0e07\u0e01\u0e23\u0e30\u0e14\u0e32\u0e29\u0e43\u0e2a\u0e48\u0e02\u0e2d\u0e07\u0e02\u0e27\u0e31\u0e0d.\u00a0\u0e44\u0e14\u0e49\u0e23\u0e31\u0e1a\u0e01\u0e32\u0e23\u0e2b\u0e48\u0e2d\u0e2b\u0e38\u0e49\u0e21\u0e08\u0e31\u0e14\u0e2a\u0e48\u0e07\u0e43\u0e19\u0e01\u0e25\u0e48\u0e2d\u0e07\u0e2d\u0e35\u0e01\u0e0a\u0e31\u0e49\u0e19\u0e2b\u0e19\u0e36\u0e48\u0e07 \u0e42\u0e14\u0e22\u0e43\u0e0a\u0e49\u0e0a\u0e48\u0e2d\u0e07\u0e17\u0e32\u0e07\u0e01\u0e32\u0e23\u0e2a\u0e48\u0e07\u0e42\u0e14\u0e22 \u0e44\u0e1b\u0e23\u0e29\u0e13\u0e35\u0e22\u0e4c\u0e44\u0e17\u0e22 \u0e1e\u0e23\u0e49\u0e2d\u0e21\u0e25\u0e07\u0e17\u0e30\u0e40\u0e1a\u0e35\u0e22\u0e19\u0e43\u0e19\u0e17\u0e38\u0e01\u0e0a\u0e34\u0e49\u0e19\u0e07\u0e32\u0e19. \u0e43\u0e19\u0e01\u0e23\u0e13\u0e35\u0e2a\u0e48\u0e07\u0e02\u0e2d\u0e07\u0e20\u0e32\u0e22\u0e43\u0e19\u0e1b\u0e23\u0e30\u0e17\u0e28\u0e44\u0e17\u0e22 \u0e1f\u0e23\u0e35\u0e04\u0e48\u0e32\u0e08\u0e31\u0e14\u0e2a\u0e48\u0e07.<\/p>\n<p>\u0e02\u0e2d\u0e1a\u0e04\u0e38\u0e13\u0e17\u0e38\u0e01\u0e46\u0e04\u0e19 \u0e17\u0e35\u0e48\u0e40\u0e02\u0e49\u0e32\u0e21\u0e32\u0e0a\u0e37\u0e48\u0e19\u0e0a\u0e21\u0e1c\u0e25\u0e07\u0e32\u0e19\u0e41\u0e25\u0e30\u0e23\u0e49\u0e32\u0e19\u0e02\u0e2d\u0e07\u0e40\u0e23\u0e32,\u0e2a\u0e38\u0e14\u0e17\u0e49\u0e32\u0e22\u0e19\u0e35\u0e49\u0e2b\u0e32\u0e01\u0e21\u0e35\u0e02\u0e49\u0e2d\u0e2a\u0e07\u0e2a\u0e31\u0e22 \u0e2b\u0e23\u0e37\u0e2d \u0e04\u0e33\u0e16\u0e32\u0e21\u0e2d\u0e37\u0e48\u0e19\u0e46 \u0e2d\u0e22\u0e48\u0e32\u0e23\u0e35\u0e23\u0e2d\u0e23\u0e35\u0e1a\u0e15\u0e34\u0e14\u0e15\u0e48\u0e2d\u0e2a\u0e2d\u0e1a\u0e16\u0e32\u0e21\u0e40\u0e02\u0e49\u0e32\u0e21\u0e32\u0e44\u0e14\u0e49\u0e43\u0e19\u0e15\u0e25\u0e2d\u0e14\u0e04\u0e48\u0e30.<\/p>\n<p>&nbsp;<\/p>\n","protected":false},"excerpt":{"rendered":"<ul class=\"mb-xs-2 overview-bullets text-body\">\n<li>\u0e07\u0e32\u0e19\u0e2b\u0e31\u0e15\u0e16\u0e01\u0e23\u0e23\u0e21<\/li>\n<li>\u0e40\u0e07\u0e34\u0e19\u0e41\u0e17\u0e49 \u0e59\u0e52.\u0e55 \u0e40\u0e1b\u0e2d\u0e23\u0e4c\u0e40\u0e0b\u0e47\u0e19\u0e15\u0e4c<\/li>\n<li>\u0e04\u0e27\u0e32\u0e21\u0e2b\u0e19\u0e32\u0e02\u0e2d\u0e07\u0e41\u0e2b\u0e27\u0e19 10 \u0e21\u0e21.<\/li>\n<li>\u0e02\u0e19\u0e32\u0e14\u0e41\u0e2b\u0e27\u0e19 &#8211; \u0e44\u0e0b\u0e2a\u0e4c\u0e21\u0e32\u0e15\u0e23\u0e10\u0e32\u0e19\u0e41\u0e1a\u0e1a\u0e2d\u0e40\u0e21\u0e23\u0e34\u0e01\u0e32 &#8211; 9, \u0e40\u0e2a\u0e49\u0e19\u0e1c\u0e48\u0e32\u0e28\u0e39\u0e19\u0e22\u0e4c\u0e01\u0e25\u0e32\u0e07\u0e14\u0e49\u0e32\u0e19\u0e43\u0e19 &#8211; 19 \u0e21\u0e21.<\/li>\n<li>\u0e1e\u0e23\u0e49\u0e2d\u0e21\u0e14\u0e49\u0e27\u0e22\u0e1c\u0e49\u0e32\u0e2a\u0e33\u0e2b\u0e23\u0e31\u0e1a\u0e02\u0e31\u0e14\u0e40\u0e07\u0e34\u0e19<\/li>\n<li>\u0e40\u0e25\u0e37\u0e2d\u0e01\u0e2a\u0e48\u0e07\u0e40\u0e1b\u0e47\u0e19\u0e02\u0e2d\u0e07\u0e02\u0e27\u0e31\u0e0d<\/li>\n<\/ul>\n","protected":false},"featured_media":8478,"comment_status":"open","ping_status":"closed","template":"","meta":{"inline_featured_image":false,"_exactmetrics_skip_tracking":false,"_exactmetrics_sitenote_active":false,"_exactmetrics_sitenote_note":"","_exactmetrics_sitenote_category":0,"_vp_format_video_url":"","_vp_image_focal_point":[]},"product_brand":[],"product_cat":[156],"product_tag":[559],"class_list":{"0":"post-8449","1":"product","2":"type-product","3":"status-publish","4":"has-post-thumbnail","6":"product_cat-rings","7":"product_tag-seashell","9":"first","10":"instock","11":"sold-individually","12":"shipping-taxable","13":"purchasable","14":"product-type-simple","15":"add-to-wishlist-after_add_to_cart"},"yoast_head":"<!-- This site is optimized with the Yoast SEO plugin v26.5 - https:\/\/yoast.com\/wordpress\/plugins\/seo\/ -->\n<title>\u0e41\u0e2b\u0e27\u0e19\u0e40\u0e07\u0e34\u0e19 : \u0e2d\u0e34\u0e19\u0e40\u0e25\u0e22\u0e4c\u0e17\u0e23\u0e32\u0e22 - \u0e44\u0e0b\u0e2a\u0e4c\u00a09 (US)<\/title>\n<meta name=\"description\" content=\"\u0e41\u0e2b\u0e27\u0e19\u0e40\u0e07\u0e34\u0e19 : \u0e2d\u0e34\u0e19\u0e40\u0e25\u0e22\u0e4c\u0e17\u0e23\u0e32\u0e22 : \u0e40\u0e17\u0e04\u0e19\u0e34\u0e04\u0e2d\u0e34\u0e19\u0e40\u0e25\u0e22\u0e4c\u0e1d\u0e31\u0e07\u0e17\u0e23\u0e32\u0e22 (\u0e17\u0e23\u0e32\u0e02\u0e19\u0e32\u0e14\u0e44\u0e0b\u0e2a\u0e4c (US) 9 (\u2300 19 \u0e21\u0e21.) (\u0e04\u0e27\u0e32\u0e21\u0e2b\u0e19\u0e32 10 \u0e21\u0e21.) \u0e02\u0e36\u0e49\u0e19\u0e40\u0e23\u0e37\u0e2d\u0e19\u0e14\u0e49\u0e27\u0e22\u0e40\u0e07\u0e34\u0e19\u0e41\u0e17\u0e49 \u0e59\u0e52.\u0e55 \u0e40\u0e1b\u0e2d\u0e23\u0e4c\u0e40\u0e0b\u0e47\u0e19\u0e15\u0e4c.\" \/>\n<meta name=\"robots\" content=\"index, follow, max-snippet:-1, max-image-preview:large, max-video-preview:-1\" \/>\n<link rel=\"canonical\" href=\"https:\/\/unalomesilverdesign.com\/th\/shop\/sand-silver-ring-size-9\/\" \/>\n<meta property=\"og:locale\" content=\"th_TH\" \/>\n<meta property=\"og:locale:alternate\" content=\"en_GB\" \/>\n<meta property=\"og:locale:alternate\" content=\"fr_FR\" \/>\n<meta property=\"og:type\" content=\"article\" \/>\n<meta property=\"og:title\" content=\"\u0e41\u0e2b\u0e27\u0e19\u0e40\u0e07\u0e34\u0e19 : \u0e2d\u0e34\u0e19\u0e40\u0e25\u0e22\u0e4c\u0e17\u0e23\u0e32\u0e22 - \u0e44\u0e0b\u0e2a\u0e4c\u00a09 (US)\" \/>\n<meta property=\"og:description\" content=\"\u0e41\u0e2b\u0e27\u0e19\u0e40\u0e07\u0e34\u0e19 : \u0e2d\u0e34\u0e19\u0e40\u0e25\u0e22\u0e4c\u0e17\u0e23\u0e32\u0e22 : \u0e40\u0e17\u0e04\u0e19\u0e34\u0e04\u0e2d\u0e34\u0e19\u0e40\u0e25\u0e22\u0e4c\u0e1d\u0e31\u0e07\u0e17\u0e23\u0e32\u0e22 (\u0e17\u0e23\u0e32\u0e02\u0e19\u0e32\u0e14\u0e44\u0e0b\u0e2a\u0e4c (US) 9 (\u2300 19 \u0e21\u0e21.) (\u0e04\u0e27\u0e32\u0e21\u0e2b\u0e19\u0e32 10 \u0e21\u0e21.) \u0e02\u0e36\u0e49\u0e19\u0e40\u0e23\u0e37\u0e2d\u0e19\u0e14\u0e49\u0e27\u0e22\u0e40\u0e07\u0e34\u0e19\u0e41\u0e17\u0e49 \u0e59\u0e52.\u0e55 \u0e40\u0e1b\u0e2d\u0e23\u0e4c\u0e40\u0e0b\u0e47\u0e19\u0e15\u0e4c.\" \/>\n<meta property=\"og:url\" content=\"https:\/\/unalomesilverdesign.com\/th\/shop\/sand-silver-ring-size-9\/\" \/>\n<meta property=\"og:site_name\" content=\"Unalome Silver Design\" \/>\n<meta property=\"article:publisher\" content=\"https:\/\/www.facebook.com\/UnalomeSilverDesign\/\" \/>\n<meta property=\"article:modified_time\" content=\"2025-06-30T07:47:59+00:00\" \/>\n<meta property=\"og:image\" content=\"https:\/\/mlvd6rox4fnu.i.optimole.com\/cb:SVPs.39fe9\/w:auto\/h:auto\/q:mauto\/g:sm\/f:best\/https:\/\/unalomesilverdesign.com\/wp-content\/uploads\/2025\/06\/Sand-Silver-Ring-Size-9-2.jpg\" \/>\n\t<meta property=\"og:image:width\" content=\"1440\" \/>\n\t<meta property=\"og:image:height\" content=\"1920\" \/>\n\t<meta property=\"og:image:type\" content=\"image\/jpeg\" \/>\n<meta name=\"twitter:card\" content=\"summary_large_image\" \/>\n<meta name=\"twitter:label1\" content=\"Est. reading time\" \/>\n\t<meta name=\"twitter:data1\" content=\"1 \u0e19\u0e32\u0e17\u0e35\" \/>\n<script type=\"application\/ld+json\" class=\"yoast-schema-graph\">{\"@context\":\"https:\/\/schema.org\",\"@graph\":[{\"@type\":\"WebPage\",\"@id\":\"https:\/\/unalomesilverdesign.com\/th\/shop\/sand-silver-ring-size-9\/\",\"url\":\"https:\/\/unalomesilverdesign.com\/th\/shop\/sand-silver-ring-size-9\/\",\"name\":\"\u0e41\u0e2b\u0e27\u0e19\u0e40\u0e07\u0e34\u0e19 : \u0e2d\u0e34\u0e19\u0e40\u0e25\u0e22\u0e4c\u0e17\u0e23\u0e32\u0e22 - \u0e44\u0e0b\u0e2a\u0e4c\u00a09 (US)\",\"isPartOf\":{\"@id\":\"https:\/\/unalomesilverdesign.com\/#website\"},\"primaryImageOfPage\":{\"@id\":\"https:\/\/unalomesilverdesign.com\/th\/shop\/sand-silver-ring-size-9\/#primaryimage\"},\"image\":{\"@id\":\"https:\/\/unalomesilverdesign.com\/th\/shop\/sand-silver-ring-size-9\/#primaryimage\"},\"thumbnailUrl\":\"https:\/\/mlvd6rox4fnu.i.optimole.com\/cb:SVPs.39fe9\/w:auto\/h:auto\/q:mauto\/g:sm\/f:best\/https:\/\/unalomesilverdesign.com\/wp-content\/uploads\/2025\/06\/Sand-Silver-Ring-Size-9-2.jpg\",\"datePublished\":\"2025-06-26T05:27:32+00:00\",\"dateModified\":\"2025-06-30T07:47:59+00:00\",\"description\":\"\u0e41\u0e2b\u0e27\u0e19\u0e40\u0e07\u0e34\u0e19 : \u0e2d\u0e34\u0e19\u0e40\u0e25\u0e22\u0e4c\u0e17\u0e23\u0e32\u0e22 : \u0e40\u0e17\u0e04\u0e19\u0e34\u0e04\u0e2d\u0e34\u0e19\u0e40\u0e25\u0e22\u0e4c\u0e1d\u0e31\u0e07\u0e17\u0e23\u0e32\u0e22 (\u0e17\u0e23\u0e32\u0e02\u0e19\u0e32\u0e14\u0e44\u0e0b\u0e2a\u0e4c (US) 9 (\u2300 19 \u0e21\u0e21.) (\u0e04\u0e27\u0e32\u0e21\u0e2b\u0e19\u0e32 10 \u0e21\u0e21.) \u0e02\u0e36\u0e49\u0e19\u0e40\u0e23\u0e37\u0e2d\u0e19\u0e14\u0e49\u0e27\u0e22\u0e40\u0e07\u0e34\u0e19\u0e41\u0e17\u0e49 \u0e59\u0e52.\u0e55 \u0e40\u0e1b\u0e2d\u0e23\u0e4c\u0e40\u0e0b\u0e47\u0e19\u0e15\u0e4c.\",\"breadcrumb\":{\"@id\":\"https:\/\/unalomesilverdesign.com\/th\/shop\/sand-silver-ring-size-9\/#breadcrumb\"},\"inLanguage\":\"th\",\"potentialAction\":[{\"@type\":\"ReadAction\",\"target\":[\"https:\/\/unalomesilverdesign.com\/th\/shop\/sand-silver-ring-size-9\/\"]}]},{\"@type\":\"ImageObject\",\"inLanguage\":\"th\",\"@id\":\"https:\/\/unalomesilverdesign.com\/th\/shop\/sand-silver-ring-size-9\/#primaryimage\",\"url\":\"https:\/\/mlvd6rox4fnu.i.optimole.com\/cb:SVPs.39fe9\/w:auto\/h:auto\/q:mauto\/g:sm\/f:best\/https:\/\/unalomesilverdesign.com\/wp-content\/uploads\/2025\/06\/Sand-Silver-Ring-Size-9-2.jpg\",\"contentUrl\":\"https:\/\/mlvd6rox4fnu.i.optimole.com\/cb:SVPs.39fe9\/w:auto\/h:auto\/q:mauto\/g:sm\/f:best\/https:\/\/unalomesilverdesign.com\/wp-content\/uploads\/2025\/06\/Sand-Silver-Ring-Size-9-2.jpg\",\"width\":1440,\"height\":1920,\"caption\":\"Sand Silver Ring Size 9\"},{\"@type\":\"BreadcrumbList\",\"@id\":\"https:\/\/unalomesilverdesign.com\/th\/shop\/sand-silver-ring-size-9\/#breadcrumb\",\"itemListElement\":[{\"@type\":\"ListItem\",\"position\":1,\"name\":\"Home\",\"item\":\"https:\/\/unalomesilverdesign.com\/th\/\"},{\"@type\":\"ListItem\",\"position\":2,\"name\":\"The Shop\",\"item\":\"https:\/\/unalomesilverdesign.com\/shop\/\"},{\"@type\":\"ListItem\",\"position\":3,\"name\":\"\u0e41\u0e2b\u0e27\u0e19\u0e40\u0e07\u0e34\u0e19 : \u0e2d\u0e34\u0e19\u0e40\u0e25\u0e22\u0e4c\u0e17\u0e23\u0e32\u0e22 &#8211; \u0e44\u0e0b\u0e2a\u0e4c\u00a09 (US)\"}]},{\"@type\":\"WebSite\",\"@id\":\"https:\/\/unalomesilverdesign.com\/#website\",\"url\":\"https:\/\/unalomesilverdesign.com\/\",\"name\":\"Unalome Silver Design\",\"description\":\"Silver Handmade Jewelry\",\"publisher\":{\"@id\":\"https:\/\/unalomesilverdesign.com\/#organization\"},\"potentialAction\":[{\"@type\":\"SearchAction\",\"target\":{\"@type\":\"EntryPoint\",\"urlTemplate\":\"https:\/\/unalomesilverdesign.com\/?s={search_term_string}\"},\"query-input\":{\"@type\":\"PropertyValueSpecification\",\"valueRequired\":true,\"valueName\":\"search_term_string\"}}],\"inLanguage\":\"th\"},{\"@type\":\"Organization\",\"@id\":\"https:\/\/unalomesilverdesign.com\/#organization\",\"name\":\"Unalome Silver Design\",\"url\":\"https:\/\/unalomesilverdesign.com\/\",\"logo\":{\"@type\":\"ImageObject\",\"inLanguage\":\"th\",\"@id\":\"https:\/\/unalomesilverdesign.com\/#\/schema\/logo\/image\/\",\"url\":\"https:\/\/mlvd6rox4fnu.i.optimole.com\/cb:RW0d.39f8a\/w:1600\/h:800\/q:mauto\/f:best\/https:\/\/unalomesilverdesign.com\/wp-content\/uploads\/2025\/05\/Unalome-Silver-Design-Logo-Site-SEO.jpg\",\"contentUrl\":\"https:\/\/mlvd6rox4fnu.i.optimole.com\/cb:RW0d.39f8a\/w:1600\/h:800\/q:mauto\/f:best\/https:\/\/unalomesilverdesign.com\/wp-content\/uploads\/2025\/05\/Unalome-Silver-Design-Logo-Site-SEO.jpg\",\"width\":1600,\"height\":800,\"caption\":\"Unalome Silver Design\"},\"image\":{\"@id\":\"https:\/\/unalomesilverdesign.com\/#\/schema\/logo\/image\/\"},\"sameAs\":[\"https:\/\/www.facebook.com\/UnalomeSilverDesign\/\"]}]}<\/script>\n<!-- \/ Yoast SEO plugin. -->","yoast_head_json":{"title":"\u0e41\u0e2b\u0e27\u0e19\u0e40\u0e07\u0e34\u0e19 : \u0e2d\u0e34\u0e19\u0e40\u0e25\u0e22\u0e4c\u0e17\u0e23\u0e32\u0e22 - \u0e44\u0e0b\u0e2a\u0e4c\u00a09 (US)","description":"\u0e41\u0e2b\u0e27\u0e19\u0e40\u0e07\u0e34\u0e19 : \u0e2d\u0e34\u0e19\u0e40\u0e25\u0e22\u0e4c\u0e17\u0e23\u0e32\u0e22 : \u0e40\u0e17\u0e04\u0e19\u0e34\u0e04\u0e2d\u0e34\u0e19\u0e40\u0e25\u0e22\u0e4c\u0e1d\u0e31\u0e07\u0e17\u0e23\u0e32\u0e22 (\u0e17\u0e23\u0e32\u0e02\u0e19\u0e32\u0e14\u0e44\u0e0b\u0e2a\u0e4c (US) 9 (\u2300 19 \u0e21\u0e21.) (\u0e04\u0e27\u0e32\u0e21\u0e2b\u0e19\u0e32 10 \u0e21\u0e21.) \u0e02\u0e36\u0e49\u0e19\u0e40\u0e23\u0e37\u0e2d\u0e19\u0e14\u0e49\u0e27\u0e22\u0e40\u0e07\u0e34\u0e19\u0e41\u0e17\u0e49 \u0e59\u0e52.\u0e55 \u0e40\u0e1b\u0e2d\u0e23\u0e4c\u0e40\u0e0b\u0e47\u0e19\u0e15\u0e4c.","robots":{"index":"index","follow":"follow","max-snippet":"max-snippet:-1","max-image-preview":"max-image-preview:large","max-video-preview":"max-video-preview:-1"},"canonical":"https:\/\/unalomesilverdesign.com\/th\/shop\/sand-silver-ring-size-9\/","og_locale":"th_TH","og_type":"article","og_title":"[:en]Sand Silver Ring (size 9)[:fr]Bague Sable & Argent (taille 59)[:th]\u0e41\u0e2b\u0e27\u0e19\u0e40\u0e07\u0e34\u0e19 : \u0e2d\u0e34\u0e19\u0e40\u0e25\u0e22\u0e4c\u0e17\u0e23\u0e32\u0e22 - \u0e44\u0e0b\u0e2a\u0e4c\u00a09 (US)[:] - Unalome Silver Design","og_description":"[:en]This beautiful ring is made with Koh Lanta's sand inlaid in .950 silver. It is 10 mm wide and is a US size 9 (UK: R, FR: 59, inner \u2300 19 mm).[:fr]Cette bague a\u00a0\u00e9t\u00e9 realis\u00e9e avec du sable de Koh Lanta incrust\u00e9 dans de l'argent .950. Elle fait 10 mm de large et c'est une taille 59 (\u2300 int\u00e9rieur 19 mm).[:th]\u0e41\u0e2b\u0e27\u0e19\u0e40\u0e07\u0e34\u0e19 : \u0e2d\u0e34\u0e19\u0e40\u0e25\u0e22\u0e4c\u0e17\u0e23\u0e32\u0e22 : \u0e40\u0e17\u0e04\u0e19\u0e34\u0e04\u0e2d\u0e34\u0e19\u0e40\u0e25\u0e22\u0e4c\u0e1d\u0e31\u0e07\u0e17\u0e23\u0e32\u0e22 (\u0e17\u0e23\u0e32\u0e02\u0e19\u0e32\u0e14\u0e44\u0e0b\u0e2a\u0e4c (US) 9 (\u2300 19 \u0e21\u0e21.) (\u0e04\u0e27\u0e32\u0e21\u0e2b\u0e19\u0e32 10 \u0e21\u0e21.) \u0e02\u0e36\u0e49\u0e19\u0e40\u0e23\u0e37\u0e2d\u0e19\u0e14\u0e49\u0e27\u0e22\u0e40\u0e07\u0e34\u0e19\u0e41\u0e17\u0e49 \u0e59\u0e52.\u0e55 \u0e40\u0e1b\u0e2d\u0e23\u0e4c\u0e40\u0e0b\u0e47\u0e19\u0e15\u0e4c.[:]","og_url":"https:\/\/unalomesilverdesign.com\/th\/shop\/sand-silver-ring-size-9\/","og_site_name":"Unalome Silver Design","article_publisher":"https:\/\/www.facebook.com\/UnalomeSilverDesign\/","article_modified_time":"2025-06-30T07:47:59+00:00","og_image":[{"width":1440,"height":1920,"url":"https:\/\/mlvd6rox4fnu.i.optimole.com\/cb:SVPs.39fe9\/w:auto\/h:auto\/q:mauto\/g:sm\/f:best\/https:\/\/unalomesilverdesign.com\/wp-content\/uploads\/2025\/06\/Sand-Silver-Ring-Size-9-2.jpg","type":"image\/jpeg"}],"twitter_card":"summary_large_image","twitter_misc":{"Est. reading time":"1 \u0e19\u0e32\u0e17\u0e35"},"schema":{"@context":"https:\/\/schema.org","@graph":[{"@type":"WebPage","@id":"https:\/\/unalomesilverdesign.com\/th\/shop\/sand-silver-ring-size-9\/","url":"https:\/\/unalomesilverdesign.com\/th\/shop\/sand-silver-ring-size-9\/","name":"\u0e41\u0e2b\u0e27\u0e19\u0e40\u0e07\u0e34\u0e19 : \u0e2d\u0e34\u0e19\u0e40\u0e25\u0e22\u0e4c\u0e17\u0e23\u0e32\u0e22 - \u0e44\u0e0b\u0e2a\u0e4c\u00a09 (US)","isPartOf":{"@id":"https:\/\/unalomesilverdesign.com\/#website"},"primaryImageOfPage":{"@id":"https:\/\/unalomesilverdesign.com\/th\/shop\/sand-silver-ring-size-9\/#primaryimage"},"image":{"@id":"https:\/\/unalomesilverdesign.com\/th\/shop\/sand-silver-ring-size-9\/#primaryimage"},"thumbnailUrl":"https:\/\/mlvd6rox4fnu.i.optimole.com\/cb:SVPs.39fe9\/w:auto\/h:auto\/q:mauto\/g:sm\/f:best\/https:\/\/unalomesilverdesign.com\/wp-content\/uploads\/2025\/06\/Sand-Silver-Ring-Size-9-2.jpg","datePublished":"2025-06-26T05:27:32+00:00","dateModified":"2025-06-30T07:47:59+00:00","description":"\u0e41\u0e2b\u0e27\u0e19\u0e40\u0e07\u0e34\u0e19 : \u0e2d\u0e34\u0e19\u0e40\u0e25\u0e22\u0e4c\u0e17\u0e23\u0e32\u0e22 : \u0e40\u0e17\u0e04\u0e19\u0e34\u0e04\u0e2d\u0e34\u0e19\u0e40\u0e25\u0e22\u0e4c\u0e1d\u0e31\u0e07\u0e17\u0e23\u0e32\u0e22 (\u0e17\u0e23\u0e32\u0e02\u0e19\u0e32\u0e14\u0e44\u0e0b\u0e2a\u0e4c (US) 9 (\u2300 19 \u0e21\u0e21.) (\u0e04\u0e27\u0e32\u0e21\u0e2b\u0e19\u0e32 10 \u0e21\u0e21.) \u0e02\u0e36\u0e49\u0e19\u0e40\u0e23\u0e37\u0e2d\u0e19\u0e14\u0e49\u0e27\u0e22\u0e40\u0e07\u0e34\u0e19\u0e41\u0e17\u0e49 \u0e59\u0e52.\u0e55 \u0e40\u0e1b\u0e2d\u0e23\u0e4c\u0e40\u0e0b\u0e47\u0e19\u0e15\u0e4c.","breadcrumb":{"@id":"https:\/\/unalomesilverdesign.com\/th\/shop\/sand-silver-ring-size-9\/#breadcrumb"},"inLanguage":"th","potentialAction":[{"@type":"ReadAction","target":["https:\/\/unalomesilverdesign.com\/th\/shop\/sand-silver-ring-size-9\/"]}]},{"@type":"ImageObject","inLanguage":"th","@id":"https:\/\/unalomesilverdesign.com\/th\/shop\/sand-silver-ring-size-9\/#primaryimage","url":"https:\/\/mlvd6rox4fnu.i.optimole.com\/cb:SVPs.39fe9\/w:auto\/h:auto\/q:mauto\/g:sm\/f:best\/https:\/\/unalomesilverdesign.com\/wp-content\/uploads\/2025\/06\/Sand-Silver-Ring-Size-9-2.jpg","contentUrl":"https:\/\/mlvd6rox4fnu.i.optimole.com\/cb:SVPs.39fe9\/w:auto\/h:auto\/q:mauto\/g:sm\/f:best\/https:\/\/unalomesilverdesign.com\/wp-content\/uploads\/2025\/06\/Sand-Silver-Ring-Size-9-2.jpg","width":1440,"height":1920,"caption":"Sand Silver Ring Size 9"},{"@type":"BreadcrumbList","@id":"https:\/\/unalomesilverdesign.com\/th\/shop\/sand-silver-ring-size-9\/#breadcrumb","itemListElement":[{"@type":"ListItem","position":1,"name":"Home","item":"https:\/\/unalomesilverdesign.com\/th\/"},{"@type":"ListItem","position":2,"name":"The Shop","item":"https:\/\/unalomesilverdesign.com\/shop\/"},{"@type":"ListItem","position":3,"name":"\u0e41\u0e2b\u0e27\u0e19\u0e40\u0e07\u0e34\u0e19 : \u0e2d\u0e34\u0e19\u0e40\u0e25\u0e22\u0e4c\u0e17\u0e23\u0e32\u0e22 &#8211; \u0e44\u0e0b\u0e2a\u0e4c\u00a09 (US)"}]},{"@type":"WebSite","@id":"https:\/\/unalomesilverdesign.com\/#website","url":"https:\/\/unalomesilverdesign.com\/","name":"Unalome Silver Design","description":"Silver Handmade Jewelry","publisher":{"@id":"https:\/\/unalomesilverdesign.com\/#organization"},"potentialAction":[{"@type":"SearchAction","target":{"@type":"EntryPoint","urlTemplate":"https:\/\/unalomesilverdesign.com\/?s={search_term_string}"},"query-input":{"@type":"PropertyValueSpecification","valueRequired":true,"valueName":"search_term_string"}}],"inLanguage":"th"},{"@type":"Organization","@id":"https:\/\/unalomesilverdesign.com\/#organization","name":"Unalome Silver Design","url":"https:\/\/unalomesilverdesign.com\/","logo":{"@type":"ImageObject","inLanguage":"th","@id":"https:\/\/unalomesilverdesign.com\/#\/schema\/logo\/image\/","url":"https:\/\/mlvd6rox4fnu.i.optimole.com\/cb:RW0d.39f8a\/w:1600\/h:800\/q:mauto\/f:best\/https:\/\/unalomesilverdesign.com\/wp-content\/uploads\/2025\/05\/Unalome-Silver-Design-Logo-Site-SEO.jpg","contentUrl":"https:\/\/mlvd6rox4fnu.i.optimole.com\/cb:RW0d.39f8a\/w:1600\/h:800\/q:mauto\/f:best\/https:\/\/unalomesilverdesign.com\/wp-content\/uploads\/2025\/05\/Unalome-Silver-Design-Logo-Site-SEO.jpg","width":1600,"height":800,"caption":"Unalome Silver Design"},"image":{"@id":"https:\/\/unalomesilverdesign.com\/#\/schema\/logo\/image\/"},"sameAs":["https:\/\/www.facebook.com\/UnalomeSilverDesign\/"]}]}},"_links":{"self":[{"href":"https:\/\/unalomesilverdesign.com\/th\/wp-json\/wp\/v2\/product\/8449","targetHints":{"allow":["GET"]}}],"collection":[{"href":"https:\/\/unalomesilverdesign.com\/th\/wp-json\/wp\/v2\/product"}],"about":[{"href":"https:\/\/unalomesilverdesign.com\/th\/wp-json\/wp\/v2\/types\/product"}],"replies":[{"embeddable":true,"href":"https:\/\/unalomesilverdesign.com\/th\/wp-json\/wp\/v2\/comments?post=8449"}],"wp:featuredmedia":[{"embeddable":true,"href":"https:\/\/unalomesilverdesign.com\/th\/wp-json\/wp\/v2\/media\/8478"}],"wp:attachment":[{"href":"https:\/\/unalomesilverdesign.com\/th\/wp-json\/wp\/v2\/media?parent=8449"}],"wp:term":[{"taxonomy":"product_brand","embeddable":true,"href":"https:\/\/unalomesilverdesign.com\/th\/wp-json\/wp\/v2\/product_brand?post=8449"},{"taxonomy":"product_cat","embeddable":true,"href":"https:\/\/unalomesilverdesign.com\/th\/wp-json\/wp\/v2\/product_cat?post=8449"},{"taxonomy":"product_tag","embeddable":true,"href":"https:\/\/unalomesilverdesign.com\/th\/wp-json\/wp\/v2\/product_tag?post=8449"}],"curies":[{"name":"wp","href":"https:\/\/api.w.org\/{rel}","templated":true}]}}