{"id":8400,"date":"2025-06-12T18:50:21","date_gmt":"2025-06-12T11:50:21","guid":{"rendered":"https:\/\/unalomesilverdesign.com\/?post_type=product&#038;p=8400"},"modified":"2025-06-21T15:54:17","modified_gmt":"2025-06-21T08:54:17","slug":"light-saber-silver-pendant","status":"publish","type":"product","link":"https:\/\/unalomesilverdesign.com\/th\/shop\/light-saber-silver-pendant\/","title":{"rendered":"\u0e44\u0e25\u0e17\u0e4c \u0e40\u0e0b\u0e40\u0e1a\u0e2d\u0e23\u0e4c &#8211; \u0e08\u0e35\u0e49\u0e40\u0e07\u0e34\u0e19\u0e41\u0e17\u0e49 \u0e07\u0e32\u0e19\u0e2b\u0e31\u0e15\u0e01\u0e16\u0e23\u0e23\u0e21\u0e40\u0e17\u0e04\u0e19\u0e34\u0e04\u0e2b\u0e25\u0e48\u0e2d\u0e17\u0e23\u0e32\u0e22"},"content":{"rendered":"<h2>\u0e44\u0e25\u0e17\u0e4c \u0e40\u0e0b\u0e40\u0e1a\u0e2d\u0e23\u0e4c &#8211; \u0e08\u0e35\u0e49\u0e40\u0e07\u0e34\u0e19\u0e41\u0e17\u0e49 \u0e07\u0e32\u0e19\u0e2b\u0e31\u0e15\u0e01\u0e16\u0e23\u0e23\u0e21\u0e40\u0e17\u0e04\u0e19\u0e34\u0e04\u0e2b\u0e25\u0e48\u0e2d\u0e17\u0e23\u0e32\u0e22<\/h2>\n<p>&nbsp;<\/p>\n<p>\u0e08\u0e35\u0e49\u0e44\u0e25\u0e17\u0e4c\u0e40\u0e0b\u0e40\u0e1a\u0e2d\u0e23\u0e4c \u0e07\u0e32\u0e19\u0e2b\u0e31\u0e15\u0e16\u0e01\u0e23\u0e23\u0e21\u0e40\u0e17\u0e04\u0e19\u0e34\u0e04\u0e2b\u0e25\u0e48\u0e2d\u0e17\u0e23\u0e32\u0e22 \u0e40\u0e07\u0e34\u0e19\u0e41\u0e17\u0e49 <span data-huuid=\"11915275605312004558\">\u0e59\u0e55<\/span> \u0e40\u0e1b\u0e2d\u0e23\u0e4c\u0e40\u0e0b\u0e19\u0e15\u0e4c.<\/p>\n<p>\u0e22\u0e32\u0e27\u0e1b\u0e23\u0e30\u0e21\u0e32\u0e13 5.5 \u0e0b\u0e21, \u0e04\u0e27\u0e32\u0e21\u0e01\u0e27\u0e49\u0e32\u0e07 0.5 \u0e0b\u0e21. \u0e21\u0e32\u0e1e\u0e23\u0e49\u0e2d\u0e21\u0e01\u0e31\u0e1a\u0e2a\u0e23\u0e49\u0e2d\u0e22\u0e04\u0e2d\u0e40\u0e0a\u0e37\u0e2d\u0e01\u0e44\u0e19\u0e25\u0e48\u0e2d\u0e19\u0e2a\u0e35\u0e14\u0e33. \u0e07\u0e32\u0e19\u0e0a\u0e34\u0e49\u0e19\u0e19\u0e35\u0e49\u0e1c\u0e48\u0e32\u0e19\u0e40\u0e17\u0e04\u0e19\u0e34\u0e04 \u0e23\u0e21\u0e14\u0e33\u0e40\u0e07\u0e34\u0e19 (\u0e2a\u0e44\u0e15\u0e25\u0e4c\u0e07\u0e32\u0e19\u0e40\u0e01\u0e48\u0e32) \u0e43\u0e2b\u0e49\u0e07\u0e32\u0e19\u0e14\u0e39\u0e21\u0e34\u0e15\u0e34\u0e02\u0e36\u0e49\u0e19.<\/p>\n<p>\u0e40\u0e04\u0e23\u0e37\u0e48\u0e2d\u0e07\u0e1b\u0e23\u0e30\u0e14\u0e31\u0e1a\u0e21\u0e32\u0e1e\u0e23\u0e49\u0e2d\u0e21\u0e01\u0e31\u0e1a\u0e1c\u0e49\u0e32\u0e02\u0e31\u0e14\u0e40\u0e07\u0e34\u0e19.<\/p>\n<p>\u0e2a\u0e34\u0e19\u0e04\u0e49\u0e32 \u0e41\u0e25\u0e30 \u0e07\u0e32\u0e19\u0e02\u0e2d\u0e07\u0e17\u0e32\u0e07\u0e23\u0e49\u0e32\u0e19\u0e08\u0e30\u0e08\u0e31\u0e14\u0e2a\u0e48\u0e07\u0e43\u0e19\u0e16\u0e38\u0e07\u0e40\u0e04\u0e23\u0e37\u0e48\u0e2d\u0e07\u0e1b\u0e23\u0e30\u0e14\u0e31\u0e1a. \u0e44\u0e14\u0e49\u0e23\u0e31\u0e1a\u0e01\u0e32\u0e23\u0e2b\u0e48\u0e2d\u0e2b\u0e38\u0e49\u0e21\u0e08\u0e31\u0e14\u0e2a\u0e48\u0e07\u0e43\u0e19\u0e01\u0e25\u0e48\u0e2d\u0e07\u0e2d\u0e35\u0e01\u0e0a\u0e31\u0e49\u0e19\u0e2b\u0e19\u0e36\u0e48\u0e07 \u0e42\u0e14\u0e22\u0e43\u0e0a\u0e49\u0e0a\u0e48\u0e2d\u0e07\u0e17\u0e32\u0e07\u0e01\u0e32\u0e23\u0e2a\u0e48\u0e07\u0e42\u0e14\u0e22 \u0e44\u0e1b\u0e23\u0e29\u0e13\u0e35\u0e22\u0e4c\u0e44\u0e17\u0e22 \u0e1e\u0e23\u0e49\u0e2d\u0e21\u0e25\u0e07\u0e17\u0e30\u0e40\u0e1a\u0e35\u0e22\u0e19\u0e43\u0e19\u0e17\u0e38\u0e01\u0e0a\u0e34\u0e49\u0e19\u0e07\u0e32\u0e19. \u0e20\u0e32\u0e22\u0e43\u0e19\u0e1b\u0e23\u0e30\u0e40\u0e17\u0e28\u0e1f\u0e23\u0e35\u0e04\u0e48\u0e32\u0e08\u0e31\u0e14\u0e2a\u0e48\u0e07 \u0e2a\u0e34\u0e19\u0e04\u0e49\u0e32\u0e08\u0e30\u0e43\u0e0a\u0e49\u0e40\u0e27\u0e25\u0e32\u0e43\u0e19\u0e01\u0e32\u0e23\u0e08\u0e31\u0e14\u0e2a\u0e48\u0e07 3-4 \u0e27\u0e31\u0e19.<\/p>\n<p>\u0e02\u0e2d\u0e1a\u0e04\u0e38\u0e13\u0e17\u0e38\u0e01\u0e46\u0e04\u0e19 \u0e17\u0e35\u0e48\u0e40\u0e02\u0e49\u0e32\u0e21\u0e32\u0e0a\u0e37\u0e48\u0e19\u0e0a\u0e21\u0e1c\u0e25\u0e07\u0e32\u0e19\u0e41\u0e25\u0e30\u0e23\u0e49\u0e32\u0e19\u0e02\u0e2d\u0e07\u0e40\u0e23\u0e32,\u0e2a\u0e38\u0e14\u0e17\u0e49\u0e32\u0e22\u0e19\u0e35\u0e49\u0e2b\u0e32\u0e01\u0e21\u0e35\u0e02\u0e49\u0e2d\u0e2a\u0e07\u0e2a\u0e31\u0e22 \u0e2b\u0e23\u0e37\u0e2d \u0e04\u0e33\u0e16\u0e32\u0e21\u0e2d\u0e37\u0e48\u0e19\u0e46 \u0e2d\u0e22\u0e48\u0e32\u0e23\u0e35\u0e23\u0e2d\u0e23\u0e35\u0e1a\u0e15\u0e34\u0e14\u0e15\u0e48\u0e2d\u0e2a\u0e2d\u0e1a\u0e16\u0e32\u0e21\u0e40\u0e02\u0e49\u0e32\u0e21\u0e32\u0e44\u0e14\u0e49\u0e15\u0e25\u0e2d\u0e14\u0e04\u0e48\u0e30.<\/p>\n<p>&nbsp;<\/p>\n","protected":false},"excerpt":{"rendered":"<ul class=\"mb-xs-2 overview-bullets text-body\">\n<li>\u0e07\u0e32\u0e19\u0e2b\u0e31\u0e15\u0e16\u0e01\u0e23\u0e23\u0e21 \u0e2b\u0e25\u0e48\u0e2d\u0e17\u0e23\u0e32\u0e22<\/li>\n<li>\u0e40\u0e07\u0e34\u0e19\u0e41\u0e17\u0e49 <span data-huuid=\"11915275605312004558\">\u0e59\u0e55<\/span> \u0e40\u0e1b\u0e2d\u0e23\u0e4c\u0e40\u0e0b\u0e47\u0e19\u0e15\u0e4c<\/li>\n<li>\u0e04\u0e27\u0e32\u0e21\u0e2a\u0e39\u0e07\u0e02\u0e2d\u0e07\u0e08\u0e35\u0e49 &#8211; 5.5 \u0e0b\u0e21<\/li>\n<li>\u0e04\u0e27\u0e32\u0e21\u0e01\u0e27\u0e49\u0e32\u0e07\u0e02\u0e2d\u0e07\u0e08\u0e35\u0e49 &#8211; 0.5 \u0e0b\u0e21<\/li>\n<li>\u0e1e\u0e23\u0e49\u0e2d\u0e21\u0e14\u0e49\u0e27\u0e22\u0e1c\u0e49\u0e32\u0e2a\u0e33\u0e2b\u0e23\u0e31\u0e1a\u0e02\u0e31\u0e14\u0e40\u0e07\u0e34\u0e19<\/li>\n<li>\u0e40\u0e25\u0e37\u0e2d\u0e01\u0e2a\u0e48\u0e07\u0e40\u0e1b\u0e47\u0e19\u0e02\u0e2d\u0e07\u0e02\u0e27\u0e31\u0e0d<\/li>\n<\/ul>\n","protected":false},"featured_media":8423,"comment_status":"open","ping_status":"closed","template":"","meta":{"inline_featured_image":false,"_exactmetrics_skip_tracking":false,"_exactmetrics_sitenote_active":false,"_exactmetrics_sitenote_note":"","_exactmetrics_sitenote_category":0,"_vp_format_video_url":"","_vp_image_focal_point":[]},"product_brand":[],"product_cat":[146],"product_tag":[563,568],"class_list":{"0":"post-8400","1":"product","2":"type-product","3":"status-publish","4":"has-post-thumbnail","6":"product_cat-pendants","7":"product_tag-sand-cast","8":"product_tag-star-wars","10":"first","11":"instock","12":"sold-individually","13":"shipping-taxable","14":"purchasable","15":"product-type-simple","16":"add-to-wishlist-after_add_to_cart"},"yoast_head":"<!-- This site is optimized with the Yoast SEO plugin v26.5 - https:\/\/yoast.com\/wordpress\/plugins\/seo\/ -->\n<title>\u0e44\u0e25\u0e17\u0e4c \u0e40\u0e0b\u0e40\u0e1a\u0e2d\u0e23\u0e4c - \u0e08\u0e35\u0e49\u0e40\u0e07\u0e34\u0e19\u0e41\u0e17\u0e49 \u0e07\u0e32\u0e19\u0e2b\u0e31\u0e15\u0e01\u0e16\u0e23\u0e23\u0e21\u0e40\u0e17\u0e04\u0e19\u0e34\u0e04\u0e2b\u0e25\u0e48\u0e2d\u0e17\u0e23\u0e32\u0e22<\/title>\n<meta name=\"description\" content=\"\u0e08\u0e35\u0e49\u0e44\u0e25\u0e17\u0e4c\u0e40\u0e0b\u0e40\u0e1a\u0e2d\u0e23\u0e4c \u0e07\u0e32\u0e19\u0e2b\u0e31\u0e15\u0e16\u0e01\u0e23\u0e23\u0e21\u0e40\u0e17\u0e04\u0e19\u0e34\u0e04\u0e2b\u0e25\u0e48\u0e2d\u0e17\u0e23\u0e32\u0e22 \u0e40\u0e07\u0e34\u0e19\u0e41\u0e17\u0e49 \u0e59\u0e55 \u0e40\u0e1b\u0e2d\u0e23\u0e4c\u0e40\u0e0b\u0e19\u0e15\u0e4c. \u0e22\u0e32\u0e27\u0e1b\u0e23\u0e30\u0e21\u0e32\u0e13 5.5 \u0e0b\u0e21, \u0e04\u0e27\u0e32\u0e21\u0e01\u0e27\u0e49\u0e32\u0e07 0.5 \u0e0b\u0e21. \u0e07\u0e32\u0e19\u0e0a\u0e34\u0e49\u0e19\u0e19\u0e35\u0e49\u0e1c\u0e48\u0e32\u0e19\u0e40\u0e17\u0e04\u0e19\u0e34\u0e04 \u0e23\u0e21\u0e14\u0e33\u0e40\u0e07\u0e34\u0e19 (\u0e2a\u0e44\u0e15\u0e25\u0e4c\u0e07\u0e32\u0e19\u0e40\u0e01\u0e48\u0e32) \u0e43\u0e2b\u0e49\u0e07\u0e32\u0e19\u0e14\u0e39\u0e21\u0e34\u0e15\u0e34\u0e02\u0e36\u0e49\u0e19.\" \/>\n<meta name=\"robots\" content=\"index, follow, max-snippet:-1, max-image-preview:large, max-video-preview:-1\" \/>\n<link rel=\"canonical\" href=\"https:\/\/unalomesilverdesign.com\/th\/shop\/light-saber-silver-pendant\/\" \/>\n<meta property=\"og:locale\" content=\"th_TH\" \/>\n<meta property=\"og:locale:alternate\" content=\"en_GB\" \/>\n<meta property=\"og:locale:alternate\" content=\"fr_FR\" \/>\n<meta property=\"og:type\" content=\"article\" \/>\n<meta property=\"og:title\" content=\"\u0e44\u0e25\u0e17\u0e4c \u0e40\u0e0b\u0e40\u0e1a\u0e2d\u0e23\u0e4c - \u0e08\u0e35\u0e49\u0e40\u0e07\u0e34\u0e19\u0e41\u0e17\u0e49 \u0e07\u0e32\u0e19\u0e2b\u0e31\u0e15\u0e01\u0e16\u0e23\u0e23\u0e21\u0e40\u0e17\u0e04\u0e19\u0e34\u0e04\u0e2b\u0e25\u0e48\u0e2d\u0e17\u0e23\u0e32\u0e22\" \/>\n<meta property=\"og:description\" content=\"\u0e08\u0e35\u0e49\u0e44\u0e25\u0e17\u0e4c\u0e40\u0e0b\u0e40\u0e1a\u0e2d\u0e23\u0e4c \u0e07\u0e32\u0e19\u0e2b\u0e31\u0e15\u0e16\u0e01\u0e23\u0e23\u0e21\u0e40\u0e17\u0e04\u0e19\u0e34\u0e04\u0e2b\u0e25\u0e48\u0e2d\u0e17\u0e23\u0e32\u0e22 \u0e40\u0e07\u0e34\u0e19\u0e41\u0e17\u0e49 \u0e59\u0e55 \u0e40\u0e1b\u0e2d\u0e23\u0e4c\u0e40\u0e0b\u0e19\u0e15\u0e4c. \u0e22\u0e32\u0e27\u0e1b\u0e23\u0e30\u0e21\u0e32\u0e13 5.5 \u0e0b\u0e21, \u0e04\u0e27\u0e32\u0e21\u0e01\u0e27\u0e49\u0e32\u0e07 0.5 \u0e0b\u0e21. \u0e07\u0e32\u0e19\u0e0a\u0e34\u0e49\u0e19\u0e19\u0e35\u0e49\u0e1c\u0e48\u0e32\u0e19\u0e40\u0e17\u0e04\u0e19\u0e34\u0e04 \u0e23\u0e21\u0e14\u0e33\u0e40\u0e07\u0e34\u0e19 (\u0e2a\u0e44\u0e15\u0e25\u0e4c\u0e07\u0e32\u0e19\u0e40\u0e01\u0e48\u0e32) \u0e43\u0e2b\u0e49\u0e07\u0e32\u0e19\u0e14\u0e39\u0e21\u0e34\u0e15\u0e34\u0e02\u0e36\u0e49\u0e19.\" \/>\n<meta property=\"og:url\" content=\"https:\/\/unalomesilverdesign.com\/th\/shop\/light-saber-silver-pendant\/\" \/>\n<meta property=\"og:site_name\" content=\"Unalome Silver Design\" \/>\n<meta property=\"article:publisher\" content=\"https:\/\/www.facebook.com\/UnalomeSilverDesign\/\" \/>\n<meta property=\"article:modified_time\" content=\"2025-06-21T08:54:17+00:00\" \/>\n<meta property=\"og:image\" content=\"https:\/\/mlvd6rox4fnu.i.optimole.com\/cb:SVPs.39fe9\/w:auto\/h:auto\/q:mauto\/g:sm\/f:best\/https:\/\/unalomesilverdesign.com\/wp-content\/uploads\/2025\/06\/Light-Saber-Star-Wars-Silver-Pendant-2.jpg\" \/>\n\t<meta property=\"og:image:width\" content=\"1440\" \/>\n\t<meta property=\"og:image:height\" content=\"1920\" \/>\n\t<meta property=\"og:image:type\" content=\"image\/jpeg\" \/>\n<meta name=\"twitter:card\" content=\"summary_large_image\" \/>\n<meta name=\"twitter:label1\" content=\"Est. reading time\" \/>\n\t<meta name=\"twitter:data1\" content=\"1 \u0e19\u0e32\u0e17\u0e35\" \/>\n<script type=\"application\/ld+json\" class=\"yoast-schema-graph\">{\"@context\":\"https:\/\/schema.org\",\"@graph\":[{\"@type\":\"WebPage\",\"@id\":\"https:\/\/unalomesilverdesign.com\/shop\/light-saber-silver-pendant\/\",\"url\":\"https:\/\/unalomesilverdesign.com\/shop\/light-saber-silver-pendant\/\",\"name\":\"\u0e44\u0e25\u0e17\u0e4c \u0e40\u0e0b\u0e40\u0e1a\u0e2d\u0e23\u0e4c - \u0e08\u0e35\u0e49\u0e40\u0e07\u0e34\u0e19\u0e41\u0e17\u0e49 \u0e07\u0e32\u0e19\u0e2b\u0e31\u0e15\u0e01\u0e16\u0e23\u0e23\u0e21\u0e40\u0e17\u0e04\u0e19\u0e34\u0e04\u0e2b\u0e25\u0e48\u0e2d\u0e17\u0e23\u0e32\u0e22\",\"isPartOf\":{\"@id\":\"https:\/\/unalomesilverdesign.com\/#website\"},\"primaryImageOfPage\":{\"@id\":\"https:\/\/unalomesilverdesign.com\/shop\/light-saber-silver-pendant\/#primaryimage\"},\"image\":{\"@id\":\"https:\/\/unalomesilverdesign.com\/shop\/light-saber-silver-pendant\/#primaryimage\"},\"thumbnailUrl\":\"https:\/\/mlvd6rox4fnu.i.optimole.com\/cb:SVPs.39fe9\/w:auto\/h:auto\/q:mauto\/g:sm\/f:best\/https:\/\/unalomesilverdesign.com\/wp-content\/uploads\/2025\/06\/Light-Saber-Star-Wars-Silver-Pendant-2.jpg\",\"datePublished\":\"2025-06-12T11:50:21+00:00\",\"dateModified\":\"2025-06-21T08:54:17+00:00\",\"description\":\"\u0e08\u0e35\u0e49\u0e44\u0e25\u0e17\u0e4c\u0e40\u0e0b\u0e40\u0e1a\u0e2d\u0e23\u0e4c \u0e07\u0e32\u0e19\u0e2b\u0e31\u0e15\u0e16\u0e01\u0e23\u0e23\u0e21\u0e40\u0e17\u0e04\u0e19\u0e34\u0e04\u0e2b\u0e25\u0e48\u0e2d\u0e17\u0e23\u0e32\u0e22 \u0e40\u0e07\u0e34\u0e19\u0e41\u0e17\u0e49 \u0e59\u0e55 \u0e40\u0e1b\u0e2d\u0e23\u0e4c\u0e40\u0e0b\u0e19\u0e15\u0e4c. \u0e22\u0e32\u0e27\u0e1b\u0e23\u0e30\u0e21\u0e32\u0e13 5.5 \u0e0b\u0e21, \u0e04\u0e27\u0e32\u0e21\u0e01\u0e27\u0e49\u0e32\u0e07 0.5 \u0e0b\u0e21. \u0e07\u0e32\u0e19\u0e0a\u0e34\u0e49\u0e19\u0e19\u0e35\u0e49\u0e1c\u0e48\u0e32\u0e19\u0e40\u0e17\u0e04\u0e19\u0e34\u0e04 \u0e23\u0e21\u0e14\u0e33\u0e40\u0e07\u0e34\u0e19 (\u0e2a\u0e44\u0e15\u0e25\u0e4c\u0e07\u0e32\u0e19\u0e40\u0e01\u0e48\u0e32) \u0e43\u0e2b\u0e49\u0e07\u0e32\u0e19\u0e14\u0e39\u0e21\u0e34\u0e15\u0e34\u0e02\u0e36\u0e49\u0e19.\",\"breadcrumb\":{\"@id\":\"https:\/\/unalomesilverdesign.com\/shop\/light-saber-silver-pendant\/#breadcrumb\"},\"inLanguage\":\"th\",\"potentialAction\":[{\"@type\":\"ReadAction\",\"target\":[\"https:\/\/unalomesilverdesign.com\/shop\/light-saber-silver-pendant\/\"]}]},{\"@type\":\"ImageObject\",\"inLanguage\":\"th\",\"@id\":\"https:\/\/unalomesilverdesign.com\/shop\/light-saber-silver-pendant\/#primaryimage\",\"url\":\"https:\/\/mlvd6rox4fnu.i.optimole.com\/cb:SVPs.39fe9\/w:auto\/h:auto\/q:mauto\/g:sm\/f:best\/https:\/\/unalomesilverdesign.com\/wp-content\/uploads\/2025\/06\/Light-Saber-Star-Wars-Silver-Pendant-2.jpg\",\"contentUrl\":\"https:\/\/mlvd6rox4fnu.i.optimole.com\/cb:SVPs.39fe9\/w:auto\/h:auto\/q:mauto\/g:sm\/f:best\/https:\/\/unalomesilverdesign.com\/wp-content\/uploads\/2025\/06\/Light-Saber-Star-Wars-Silver-Pendant-2.jpg\",\"width\":1440,\"height\":1920,\"caption\":\"Light Saber- Star Wars Silver Pendant\"},{\"@type\":\"BreadcrumbList\",\"@id\":\"https:\/\/unalomesilverdesign.com\/shop\/light-saber-silver-pendant\/#breadcrumb\",\"itemListElement\":[{\"@type\":\"ListItem\",\"position\":1,\"name\":\"Home\",\"item\":\"https:\/\/unalomesilverdesign.com\/th\/\"},{\"@type\":\"ListItem\",\"position\":2,\"name\":\"The Shop\",\"item\":\"https:\/\/unalomesilverdesign.com\/shop\/\"},{\"@type\":\"ListItem\",\"position\":3,\"name\":\"Light Saber- Silver Pendant\"}]},{\"@type\":\"WebSite\",\"@id\":\"https:\/\/unalomesilverdesign.com\/#website\",\"url\":\"https:\/\/unalomesilverdesign.com\/\",\"name\":\"Unalome Silver Design\",\"description\":\"Silver Handmade Jewelry\",\"publisher\":{\"@id\":\"https:\/\/unalomesilverdesign.com\/#organization\"},\"potentialAction\":[{\"@type\":\"SearchAction\",\"target\":{\"@type\":\"EntryPoint\",\"urlTemplate\":\"https:\/\/unalomesilverdesign.com\/?s={search_term_string}\"},\"query-input\":{\"@type\":\"PropertyValueSpecification\",\"valueRequired\":true,\"valueName\":\"search_term_string\"}}],\"inLanguage\":\"th\"},{\"@type\":\"Organization\",\"@id\":\"https:\/\/unalomesilverdesign.com\/#organization\",\"name\":\"Unalome Silver Design\",\"url\":\"https:\/\/unalomesilverdesign.com\/\",\"logo\":{\"@type\":\"ImageObject\",\"inLanguage\":\"th\",\"@id\":\"https:\/\/unalomesilverdesign.com\/#\/schema\/logo\/image\/\",\"url\":\"https:\/\/mlvd6rox4fnu.i.optimole.com\/cb:RW0d.39f8a\/w:1600\/h:800\/q:mauto\/f:best\/https:\/\/unalomesilverdesign.com\/wp-content\/uploads\/2025\/05\/Unalome-Silver-Design-Logo-Site-SEO.jpg\",\"contentUrl\":\"https:\/\/mlvd6rox4fnu.i.optimole.com\/cb:RW0d.39f8a\/w:1600\/h:800\/q:mauto\/f:best\/https:\/\/unalomesilverdesign.com\/wp-content\/uploads\/2025\/05\/Unalome-Silver-Design-Logo-Site-SEO.jpg\",\"width\":1600,\"height\":800,\"caption\":\"Unalome Silver Design\"},\"image\":{\"@id\":\"https:\/\/unalomesilverdesign.com\/#\/schema\/logo\/image\/\"},\"sameAs\":[\"https:\/\/www.facebook.com\/UnalomeSilverDesign\/\"]}]}<\/script>\n<!-- \/ Yoast SEO plugin. -->","yoast_head_json":{"title":"\u0e44\u0e25\u0e17\u0e4c \u0e40\u0e0b\u0e40\u0e1a\u0e2d\u0e23\u0e4c - \u0e08\u0e35\u0e49\u0e40\u0e07\u0e34\u0e19\u0e41\u0e17\u0e49 \u0e07\u0e32\u0e19\u0e2b\u0e31\u0e15\u0e01\u0e16\u0e23\u0e23\u0e21\u0e40\u0e17\u0e04\u0e19\u0e34\u0e04\u0e2b\u0e25\u0e48\u0e2d\u0e17\u0e23\u0e32\u0e22","description":"\u0e08\u0e35\u0e49\u0e44\u0e25\u0e17\u0e4c\u0e40\u0e0b\u0e40\u0e1a\u0e2d\u0e23\u0e4c \u0e07\u0e32\u0e19\u0e2b\u0e31\u0e15\u0e16\u0e01\u0e23\u0e23\u0e21\u0e40\u0e17\u0e04\u0e19\u0e34\u0e04\u0e2b\u0e25\u0e48\u0e2d\u0e17\u0e23\u0e32\u0e22 \u0e40\u0e07\u0e34\u0e19\u0e41\u0e17\u0e49 \u0e59\u0e55 \u0e40\u0e1b\u0e2d\u0e23\u0e4c\u0e40\u0e0b\u0e19\u0e15\u0e4c. \u0e22\u0e32\u0e27\u0e1b\u0e23\u0e30\u0e21\u0e32\u0e13 5.5 \u0e0b\u0e21, \u0e04\u0e27\u0e32\u0e21\u0e01\u0e27\u0e49\u0e32\u0e07 0.5 \u0e0b\u0e21. \u0e07\u0e32\u0e19\u0e0a\u0e34\u0e49\u0e19\u0e19\u0e35\u0e49\u0e1c\u0e48\u0e32\u0e19\u0e40\u0e17\u0e04\u0e19\u0e34\u0e04 \u0e23\u0e21\u0e14\u0e33\u0e40\u0e07\u0e34\u0e19 (\u0e2a\u0e44\u0e15\u0e25\u0e4c\u0e07\u0e32\u0e19\u0e40\u0e01\u0e48\u0e32) \u0e43\u0e2b\u0e49\u0e07\u0e32\u0e19\u0e14\u0e39\u0e21\u0e34\u0e15\u0e34\u0e02\u0e36\u0e49\u0e19.","robots":{"index":"index","follow":"follow","max-snippet":"max-snippet:-1","max-image-preview":"max-image-preview:large","max-video-preview":"max-video-preview:-1"},"canonical":"https:\/\/unalomesilverdesign.com\/th\/shop\/light-saber-silver-pendant\/","og_locale":"th_TH","og_type":"article","og_title":"[:th][:en]Light Saber- Silver Pendant[:fr]Sabre Laser - Pendentif Argent[:th]\u0e44\u0e25\u0e17\u0e4c \u0e40\u0e0b\u0e40\u0e1a\u0e2d\u0e23\u0e4c - \u0e08\u0e35\u0e49\u0e40\u0e07\u0e34\u0e19\u0e41\u0e17\u0e49 \u0e07\u0e32\u0e19\u0e2b\u0e31\u0e15\u0e01\u0e16\u0e23\u0e23\u0e21\u0e40\u0e17\u0e04\u0e19\u0e34\u0e04\u0e2b\u0e25\u0e48\u0e2d\u0e17\u0e23\u0e32\u0e22[:] [:]","og_description":"[:en]This pendant is a replica of a Light Saber was sand cast in .950 silver. It measures about 2 1\/4'' (5.5 cm) by 3\/16'' (0.5 cm).[:fr]Ce pendentif \u00e9labor\u00e9 \u00e0 partir d'argent .950 coul\u00e9 est une r\u00e9plique de Sabre Laser.. Il mesure environ 5,5 cm pour 0,5 cm de large.[:th]\u0e08\u0e35\u0e49\u0e44\u0e25\u0e17\u0e4c\u0e40\u0e0b\u0e40\u0e1a\u0e2d\u0e23\u0e4c \u0e07\u0e32\u0e19\u0e2b\u0e31\u0e15\u0e16\u0e01\u0e23\u0e23\u0e21\u0e40\u0e17\u0e04\u0e19\u0e34\u0e04\u0e2b\u0e25\u0e48\u0e2d\u0e17\u0e23\u0e32\u0e22 \u0e40\u0e07\u0e34\u0e19\u0e41\u0e17\u0e49 \u0e59\u0e55 \u0e40\u0e1b\u0e2d\u0e23\u0e4c\u0e40\u0e0b\u0e19\u0e15\u0e4c. \u0e22\u0e32\u0e27\u0e1b\u0e23\u0e30\u0e21\u0e32\u0e13 5.5 \u0e0b\u0e21, \u0e04\u0e27\u0e32\u0e21\u0e01\u0e27\u0e49\u0e32\u0e07 0.5 \u0e0b\u0e21. \u0e07\u0e32\u0e19\u0e0a\u0e34\u0e49\u0e19\u0e19\u0e35\u0e49\u0e1c\u0e48\u0e32\u0e19\u0e40\u0e17\u0e04\u0e19\u0e34\u0e04 \u0e23\u0e21\u0e14\u0e33\u0e40\u0e07\u0e34\u0e19 (\u0e2a\u0e44\u0e15\u0e25\u0e4c\u0e07\u0e32\u0e19\u0e40\u0e01\u0e48\u0e32) \u0e43\u0e2b\u0e49\u0e07\u0e32\u0e19\u0e14\u0e39\u0e21\u0e34\u0e15\u0e34\u0e02\u0e36\u0e49\u0e19.[:]","og_url":"https:\/\/unalomesilverdesign.com\/th\/shop\/light-saber-silver-pendant\/","og_site_name":"Unalome Silver Design","article_publisher":"https:\/\/www.facebook.com\/UnalomeSilverDesign\/","article_modified_time":"2025-06-21T08:54:17+00:00","og_image":[{"width":1440,"height":1920,"url":"https:\/\/mlvd6rox4fnu.i.optimole.com\/cb:SVPs.39fe9\/w:auto\/h:auto\/q:mauto\/g:sm\/f:best\/https:\/\/unalomesilverdesign.com\/wp-content\/uploads\/2025\/06\/Light-Saber-Star-Wars-Silver-Pendant-2.jpg","type":"image\/jpeg"}],"twitter_card":"summary_large_image","twitter_misc":{"Est. reading time":"1 \u0e19\u0e32\u0e17\u0e35"},"schema":{"@context":"https:\/\/schema.org","@graph":[{"@type":"WebPage","@id":"https:\/\/unalomesilverdesign.com\/shop\/light-saber-silver-pendant\/","url":"https:\/\/unalomesilverdesign.com\/shop\/light-saber-silver-pendant\/","name":"\u0e44\u0e25\u0e17\u0e4c \u0e40\u0e0b\u0e40\u0e1a\u0e2d\u0e23\u0e4c - \u0e08\u0e35\u0e49\u0e40\u0e07\u0e34\u0e19\u0e41\u0e17\u0e49 \u0e07\u0e32\u0e19\u0e2b\u0e31\u0e15\u0e01\u0e16\u0e23\u0e23\u0e21\u0e40\u0e17\u0e04\u0e19\u0e34\u0e04\u0e2b\u0e25\u0e48\u0e2d\u0e17\u0e23\u0e32\u0e22","isPartOf":{"@id":"https:\/\/unalomesilverdesign.com\/#website"},"primaryImageOfPage":{"@id":"https:\/\/unalomesilverdesign.com\/shop\/light-saber-silver-pendant\/#primaryimage"},"image":{"@id":"https:\/\/unalomesilverdesign.com\/shop\/light-saber-silver-pendant\/#primaryimage"},"thumbnailUrl":"https:\/\/mlvd6rox4fnu.i.optimole.com\/cb:SVPs.39fe9\/w:auto\/h:auto\/q:mauto\/g:sm\/f:best\/https:\/\/unalomesilverdesign.com\/wp-content\/uploads\/2025\/06\/Light-Saber-Star-Wars-Silver-Pendant-2.jpg","datePublished":"2025-06-12T11:50:21+00:00","dateModified":"2025-06-21T08:54:17+00:00","description":"\u0e08\u0e35\u0e49\u0e44\u0e25\u0e17\u0e4c\u0e40\u0e0b\u0e40\u0e1a\u0e2d\u0e23\u0e4c \u0e07\u0e32\u0e19\u0e2b\u0e31\u0e15\u0e16\u0e01\u0e23\u0e23\u0e21\u0e40\u0e17\u0e04\u0e19\u0e34\u0e04\u0e2b\u0e25\u0e48\u0e2d\u0e17\u0e23\u0e32\u0e22 \u0e40\u0e07\u0e34\u0e19\u0e41\u0e17\u0e49 \u0e59\u0e55 \u0e40\u0e1b\u0e2d\u0e23\u0e4c\u0e40\u0e0b\u0e19\u0e15\u0e4c. \u0e22\u0e32\u0e27\u0e1b\u0e23\u0e30\u0e21\u0e32\u0e13 5.5 \u0e0b\u0e21, \u0e04\u0e27\u0e32\u0e21\u0e01\u0e27\u0e49\u0e32\u0e07 0.5 \u0e0b\u0e21. \u0e07\u0e32\u0e19\u0e0a\u0e34\u0e49\u0e19\u0e19\u0e35\u0e49\u0e1c\u0e48\u0e32\u0e19\u0e40\u0e17\u0e04\u0e19\u0e34\u0e04 \u0e23\u0e21\u0e14\u0e33\u0e40\u0e07\u0e34\u0e19 (\u0e2a\u0e44\u0e15\u0e25\u0e4c\u0e07\u0e32\u0e19\u0e40\u0e01\u0e48\u0e32) \u0e43\u0e2b\u0e49\u0e07\u0e32\u0e19\u0e14\u0e39\u0e21\u0e34\u0e15\u0e34\u0e02\u0e36\u0e49\u0e19.","breadcrumb":{"@id":"https:\/\/unalomesilverdesign.com\/shop\/light-saber-silver-pendant\/#breadcrumb"},"inLanguage":"th","potentialAction":[{"@type":"ReadAction","target":["https:\/\/unalomesilverdesign.com\/shop\/light-saber-silver-pendant\/"]}]},{"@type":"ImageObject","inLanguage":"th","@id":"https:\/\/unalomesilverdesign.com\/shop\/light-saber-silver-pendant\/#primaryimage","url":"https:\/\/mlvd6rox4fnu.i.optimole.com\/cb:SVPs.39fe9\/w:auto\/h:auto\/q:mauto\/g:sm\/f:best\/https:\/\/unalomesilverdesign.com\/wp-content\/uploads\/2025\/06\/Light-Saber-Star-Wars-Silver-Pendant-2.jpg","contentUrl":"https:\/\/mlvd6rox4fnu.i.optimole.com\/cb:SVPs.39fe9\/w:auto\/h:auto\/q:mauto\/g:sm\/f:best\/https:\/\/unalomesilverdesign.com\/wp-content\/uploads\/2025\/06\/Light-Saber-Star-Wars-Silver-Pendant-2.jpg","width":1440,"height":1920,"caption":"Light Saber- Star Wars Silver Pendant"},{"@type":"BreadcrumbList","@id":"https:\/\/unalomesilverdesign.com\/shop\/light-saber-silver-pendant\/#breadcrumb","itemListElement":[{"@type":"ListItem","position":1,"name":"Home","item":"https:\/\/unalomesilverdesign.com\/th\/"},{"@type":"ListItem","position":2,"name":"The Shop","item":"https:\/\/unalomesilverdesign.com\/shop\/"},{"@type":"ListItem","position":3,"name":"Light Saber- Silver Pendant"}]},{"@type":"WebSite","@id":"https:\/\/unalomesilverdesign.com\/#website","url":"https:\/\/unalomesilverdesign.com\/","name":"Unalome Silver Design","description":"Silver Handmade Jewelry","publisher":{"@id":"https:\/\/unalomesilverdesign.com\/#organization"},"potentialAction":[{"@type":"SearchAction","target":{"@type":"EntryPoint","urlTemplate":"https:\/\/unalomesilverdesign.com\/?s={search_term_string}"},"query-input":{"@type":"PropertyValueSpecification","valueRequired":true,"valueName":"search_term_string"}}],"inLanguage":"th"},{"@type":"Organization","@id":"https:\/\/unalomesilverdesign.com\/#organization","name":"Unalome Silver Design","url":"https:\/\/unalomesilverdesign.com\/","logo":{"@type":"ImageObject","inLanguage":"th","@id":"https:\/\/unalomesilverdesign.com\/#\/schema\/logo\/image\/","url":"https:\/\/mlvd6rox4fnu.i.optimole.com\/cb:RW0d.39f8a\/w:1600\/h:800\/q:mauto\/f:best\/https:\/\/unalomesilverdesign.com\/wp-content\/uploads\/2025\/05\/Unalome-Silver-Design-Logo-Site-SEO.jpg","contentUrl":"https:\/\/mlvd6rox4fnu.i.optimole.com\/cb:RW0d.39f8a\/w:1600\/h:800\/q:mauto\/f:best\/https:\/\/unalomesilverdesign.com\/wp-content\/uploads\/2025\/05\/Unalome-Silver-Design-Logo-Site-SEO.jpg","width":1600,"height":800,"caption":"Unalome Silver Design"},"image":{"@id":"https:\/\/unalomesilverdesign.com\/#\/schema\/logo\/image\/"},"sameAs":["https:\/\/www.facebook.com\/UnalomeSilverDesign\/"]}]}},"_links":{"self":[{"href":"https:\/\/unalomesilverdesign.com\/th\/wp-json\/wp\/v2\/product\/8400","targetHints":{"allow":["GET"]}}],"collection":[{"href":"https:\/\/unalomesilverdesign.com\/th\/wp-json\/wp\/v2\/product"}],"about":[{"href":"https:\/\/unalomesilverdesign.com\/th\/wp-json\/wp\/v2\/types\/product"}],"replies":[{"embeddable":true,"href":"https:\/\/unalomesilverdesign.com\/th\/wp-json\/wp\/v2\/comments?post=8400"}],"wp:featuredmedia":[{"embeddable":true,"href":"https:\/\/unalomesilverdesign.com\/th\/wp-json\/wp\/v2\/media\/8423"}],"wp:attachment":[{"href":"https:\/\/unalomesilverdesign.com\/th\/wp-json\/wp\/v2\/media?parent=8400"}],"wp:term":[{"taxonomy":"product_brand","embeddable":true,"href":"https:\/\/unalomesilverdesign.com\/th\/wp-json\/wp\/v2\/product_brand?post=8400"},{"taxonomy":"product_cat","embeddable":true,"href":"https:\/\/unalomesilverdesign.com\/th\/wp-json\/wp\/v2\/product_cat?post=8400"},{"taxonomy":"product_tag","embeddable":true,"href":"https:\/\/unalomesilverdesign.com\/th\/wp-json\/wp\/v2\/product_tag?post=8400"}],"curies":[{"name":"wp","href":"https:\/\/api.w.org\/{rel}","templated":true}]}}