{"id":5035,"date":"2021-09-26T16:32:07","date_gmt":"2021-09-26T09:32:07","guid":{"rendered":"https:\/\/unalomesilverdesign.com\/?post_type=product&#038;p=5035"},"modified":"2024-05-29T23:09:37","modified_gmt":"2024-05-29T16:09:37","slug":"fossil-coral-silver-wire-pendant-ii","status":"publish","type":"product","link":"https:\/\/unalomesilverdesign.com\/th\/shop\/fossil-coral-silver-wire-pendant-ii\/","title":{"rendered":"\u0e01\u0e32\u0e25 &#8211; \u0e1f\u0e2d\u0e2a\u0e0b\u0e34\u0e25\u0e1b\u0e30\u0e01\u0e32\u0e23\u0e31\u0e07(\u0e52) \u0e17\u0e23\u0e07\u0e2b\u0e22\u0e14\u0e19\u0e49\u0e33 \u0e02\u0e36\u0e49\u0e19\u0e40\u0e23\u0e37\u0e2d\u0e19\u0e14\u0e49\u0e27\u0e22\u0e40\u0e07\u0e34\u0e19\u0e41\u0e17\u0e49"},"content":{"rendered":"<h2>\u0e01\u0e32\u0e25 &#8211; \u0e1f\u0e2d\u0e2a\u0e0b\u0e34\u0e25\u0e1b\u0e30\u0e01\u0e32\u0e23\u0e31\u0e07(\u0e52) \u0e17\u0e23\u0e07\u0e2b\u0e22\u0e14\u0e19\u0e49\u0e33 \u0e08\u0e35\u0e49\u0e2b\u0e49\u0e2d\u0e22\u0e04\u0e2d\u0e07\u0e32\u0e19\u0e2b\u0e31\u0e15\u0e16\u0e01\u0e23\u0e23\u0e21\u0e25\u0e27\u0e14\u0e14\u0e31\u0e14\u0e40\u0e07\u0e34\u0e19\u0e41\u0e17\u0e49 \u0e59\u0e52.\u0e55 \u0e40\u0e1b\u0e2d\u0e23\u0e4c\u0e40\u0e0b\u0e19\u0e15\u0e4c<\/h2>\n<p>\u0e01\u0e32\u0e25 &#8211; \u0e1f\u0e2d\u0e2a\u0e0b\u0e34\u0e25\u0e1b\u0e30\u0e01\u0e32\u0e23\u0e31\u0e07(\u0e52) \u0e17\u0e23\u0e07\u0e2b\u0e22\u0e14\u0e19\u0e49\u0e33 \u0e02\u0e35\u0e49\u0e19\u0e40\u0e23\u0e37\u0e2d\u0e19\u0e14\u0e49\u0e27\u0e22\u0e40\u0e17\u0e04\u0e19\u0e34\u0e04\u0e07\u0e32\u0e19\u0e25\u0e27\u0e14\u0e14\u0e31\u0e14 \u0e40\u0e07\u0e34\u0e19\u0e41\u0e17\u0e49 \u0e59\u0e52.\u0e55 \u0e40\u0e1b\u0e2d\u0e23\u0e4c\u0e40\u0e0b\u0e19\u0e15\u0e4c.<\/p>\n<p>\u0e22\u0e32\u0e27\u0e1b\u0e23\u0e30\u0e21\u0e32\u0e13 4.2 \u0e0b\u0e21, \u0e04\u0e27\u0e32\u0e21\u0e01\u0e27\u0e49\u0e32\u0e07 2.3 \u0e0b\u0e21. \u0e21\u0e32\u0e1e\u0e23\u0e49\u0e2d\u0e21\u0e01\u0e31\u0e1a\u0e2a\u0e23\u0e49\u0e2d\u0e22\u0e04\u0e2d\u0e40\u0e0a\u0e37\u0e2d\u0e01\u0e44\u0e19\u0e25\u0e48\u0e2d\u0e19\u0e2a\u0e35\u0e14\u0e33\u0e1b\u0e23\u0e31\u0e1a\u0e44\u0e14\u0e49. \u0e07\u0e32\u0e19\u0e0a\u0e34\u0e49\u0e19\u0e19\u0e35\u0e49\u0e1c\u0e48\u0e32\u0e19\u0e40\u0e17\u0e04\u0e19\u0e34\u0e04 \u0e23\u0e21\u0e14\u0e33\u0e40\u0e07\u0e34\u0e19 (\u0e2a\u0e44\u0e15\u0e25\u0e4c\u0e07\u0e32\u0e19\u0e40\u0e01\u0e48\u0e32) \u0e43\u0e2b\u0e49\u0e07\u0e32\u0e19\u0e14\u0e39\u0e21\u0e34\u0e15\u0e34\u0e02\u0e36\u0e49\u0e19.<\/p>\n<p>\u0e40\u0e04\u0e23\u0e37\u0e48\u0e2d\u0e07\u0e1b\u0e23\u0e30\u0e14\u0e31\u0e1a\u0e21\u0e32\u0e1e\u0e23\u0e49\u0e2d\u0e21\u0e01\u0e31\u0e1a\u0e1c\u0e49\u0e32\u0e02\u0e31\u0e14\u0e40\u0e07\u0e34\u0e19.<\/p>\n<p>\u0e2a\u0e34\u0e19\u0e04\u0e49\u0e32 \u0e41\u0e25\u0e30 \u0e07\u0e32\u0e19\u0e02\u0e2d\u0e07\u0e17\u0e32\u0e07\u0e23\u0e49\u0e32\u0e19\u0e08\u0e30\u0e08\u0e31\u0e14\u0e2a\u0e48\u0e07\u0e43\u0e19\u0e16\u0e38\u0e07\u0e40\u0e04\u0e23\u0e37\u0e48\u0e2d\u0e07\u0e1b\u0e23\u0e30\u0e14\u0e31\u0e1a. \u0e44\u0e14\u0e49\u0e23\u0e31\u0e1a\u0e01\u0e32\u0e23\u0e2b\u0e48\u0e2d\u0e2b\u0e38\u0e49\u0e21\u0e08\u0e31\u0e14\u0e2a\u0e48\u0e07\u0e43\u0e19\u0e01\u0e25\u0e48\u0e2d\u0e07\u0e2d\u0e35\u0e01\u0e0a\u0e31\u0e49\u0e19\u0e2b\u0e19\u0e36\u0e48\u0e07 \u0e42\u0e14\u0e22\u0e43\u0e0a\u0e49\u0e0a\u0e48\u0e2d\u0e07\u0e17\u0e32\u0e07\u0e01\u0e32\u0e23\u0e2a\u0e48\u0e07\u0e42\u0e14\u0e22 \u0e44\u0e1b\u0e23\u0e29\u0e13\u0e35\u0e22\u0e4c\u0e44\u0e17\u0e22 \u0e1e\u0e23\u0e49\u0e2d\u0e21\u0e25\u0e07\u0e17\u0e30\u0e40\u0e1a\u0e35\u0e22\u0e19\u0e43\u0e19\u0e17\u0e38\u0e01\u0e0a\u0e34\u0e49\u0e19\u0e07\u0e32\u0e19. \u0e20\u0e32\u0e22\u0e43\u0e19\u0e1b\u0e23\u0e30\u0e40\u0e17\u0e28\u0e1f\u0e23\u0e35\u0e04\u0e48\u0e32\u0e08\u0e31\u0e14\u0e2a\u0e48\u0e07 \u0e2a\u0e34\u0e19\u0e04\u0e49\u0e32\u0e08\u0e30\u0e43\u0e0a\u0e49\u0e40\u0e27\u0e25\u0e32\u0e43\u0e19\u0e01\u0e32\u0e23\u0e08\u0e31\u0e14\u0e2a\u0e48\u0e07 3-4 \u0e27\u0e31\u0e19.<\/p>\n<p>\u0e02\u0e2d\u0e1a\u0e04\u0e38\u0e13\u0e17\u0e38\u0e01\u0e46\u0e04\u0e19 \u0e17\u0e35\u0e48\u0e40\u0e02\u0e49\u0e32\u0e21\u0e32\u0e0a\u0e37\u0e48\u0e19\u0e0a\u0e21\u0e1c\u0e25\u0e07\u0e32\u0e19\u0e41\u0e25\u0e30\u0e23\u0e49\u0e32\u0e19\u0e02\u0e2d\u0e07\u0e40\u0e23\u0e32,\u0e2a\u0e38\u0e14\u0e17\u0e49\u0e32\u0e22\u0e19\u0e35\u0e49\u0e2b\u0e32\u0e01\u0e21\u0e35\u0e02\u0e49\u0e2d\u0e2a\u0e07\u0e2a\u0e31\u0e22 \u0e2b\u0e23\u0e37\u0e2d \u0e04\u0e33\u0e16\u0e32\u0e21\u0e2d\u0e37\u0e48\u0e19\u0e46 \u0e2d\u0e22\u0e48\u0e32\u0e23\u0e35\u0e23\u0e2d\u0e23\u0e35\u0e1a\u0e15\u0e34\u0e14\u0e15\u0e48\u0e2d\u0e2a\u0e2d\u0e1a\u0e16\u0e32\u0e21\u0e40\u0e02\u0e49\u0e32\u0e21\u0e32\u0e44\u0e14\u0e49\u0e15\u0e25\u0e2d\u0e14\u0e04\u0e48\u0e30.<\/p>\n","protected":false},"excerpt":{"rendered":"<ul class=\"mb-xs-2 overview-bullets text-body\">\n<li>\u0e07\u0e32\u0e19\u0e2b\u0e31\u0e15\u0e16\u0e01\u0e23\u0e23\u0e21<\/li>\n<li>\u0e40\u0e07\u0e34\u0e19\u0e41\u0e17\u0e49 \u0e59\u0e52.\u0e55 \u0e40\u0e1b\u0e2d\u0e23\u0e4c\u0e40\u0e0b\u0e47\u0e19\u0e15\u0e4c<\/li>\n<li>\u0e1f\u0e2d\u0e2a\u0e0b\u0e34\u0e25\u0e1b\u0e30\u0e01\u0e32\u0e23\u0e31\u0e07<\/li>\n<li>\u0e04\u0e27\u0e32\u0e21\u0e2a\u0e39\u0e07\u0e02\u0e2d\u0e07\u0e08\u0e35\u0e49 &#8211; 4.2 \u0e0b\u0e21<\/li>\n<li>\u0e04\u0e27\u0e32\u0e21\u0e01\u0e27\u0e49\u0e32\u0e07\u0e02\u0e2d\u0e07\u0e08\u0e35\u0e49 &#8211; 2.3 \u0e0b\u0e21<\/li>\n<li>\u0e1e\u0e23\u0e49\u0e2d\u0e21\u0e14\u0e49\u0e27\u0e22\u0e1c\u0e49\u0e32\u0e2a\u0e33\u0e2b\u0e23\u0e31\u0e1a\u0e02\u0e31\u0e14\u0e40\u0e07\u0e34\u0e19<\/li>\n<li>\u0e40\u0e25\u0e37\u0e2d\u0e01\u0e2a\u0e48\u0e07\u0e40\u0e1b\u0e47\u0e19\u0e02\u0e2d\u0e07\u0e02\u0e27\u0e31\u0e0d<\/li>\n<\/ul>\n","protected":false},"featured_media":7605,"comment_status":"open","ping_status":"closed","template":"","meta":{"inline_featured_image":false,"_exactmetrics_skip_tracking":false,"_exactmetrics_sitenote_active":false,"_exactmetrics_sitenote_note":"","_exactmetrics_sitenote_category":0,"_vp_format_video_url":"","_vp_image_focal_point":[]},"product_brand":[],"product_cat":[146],"product_tag":[186],"class_list":{"0":"post-5035","1":"product","2":"type-product","3":"status-publish","4":"has-post-thumbnail","6":"product_cat-pendants","7":"product_tag-coral-fossil","9":"first","10":"instock","11":"sold-individually","12":"shipping-taxable","13":"purchasable","14":"product-type-simple","15":"add-to-wishlist-after_add_to_cart"},"yoast_head":"<!-- This site is optimized with the Yoast SEO plugin v26.5 - https:\/\/yoast.com\/wordpress\/plugins\/seo\/ -->\n<title>\u0e01\u0e32\u0e25 - \u0e1f\u0e2d\u0e2a\u0e0b\u0e34\u0e25\u0e1b\u0e30\u0e01\u0e32\u0e23\u0e31\u0e07(\u0e52) \u0e17\u0e23\u0e07\u0e2b\u0e22\u0e14\u0e19\u0e49\u0e33 \u0e02\u0e36\u0e49\u0e19\u0e40\u0e23\u0e37\u0e2d\u0e19\u0e14\u0e49\u0e27\u0e22\u0e40\u0e07\u0e34\u0e19\u0e41\u0e17\u0e49<\/title>\n<meta name=\"description\" content=\"\u0e01\u0e32\u0e25 - \u0e1f\u0e2d\u0e2a\u0e0b\u0e34\u0e25\u0e1b\u0e30\u0e01\u0e32\u0e23\u0e31\u0e07(\u0e52) \u0e17\u0e23\u0e07\u0e2b\u0e22\u0e14\u0e19\u0e49\u0e33 \u0e02\u0e35\u0e49\u0e19\u0e40\u0e23\u0e37\u0e2d\u0e19\u0e14\u0e49\u0e27\u0e22\u0e40\u0e17\u0e04\u0e19\u0e34\u0e04\u0e07\u0e32\u0e19\u0e25\u0e27\u0e14\u0e14\u0e31\u0e14 \u0e40\u0e07\u0e34\u0e19\u0e41\u0e17\u0e49 \u0e59\u0e52.\u0e55 \u0e40\u0e1b\u0e2d\u0e23\u0e4c\u0e40\u0e0b\u0e19\u0e15\u0e4c. \u0e22\u0e32\u0e27\u0e1b\u0e23\u0e30\u0e21\u0e32\u0e13 4.2 \u0e0b\u0e21, \u0e04\u0e27\u0e32\u0e21\u0e01\u0e27\u0e49\u0e32\u0e07 2.3 \u0e0b\u0e21.\" \/>\n<meta name=\"robots\" content=\"index, follow, max-snippet:-1, max-image-preview:large, max-video-preview:-1\" \/>\n<link rel=\"canonical\" href=\"https:\/\/unalomesilverdesign.com\/th\/shop\/fossil-coral-silver-wire-pendant-ii\/\" \/>\n<meta property=\"og:locale\" content=\"th_TH\" \/>\n<meta property=\"og:locale:alternate\" content=\"en_GB\" \/>\n<meta property=\"og:locale:alternate\" content=\"fr_FR\" \/>\n<meta property=\"og:type\" content=\"article\" \/>\n<meta property=\"og:title\" content=\"\u0e01\u0e32\u0e25 - \u0e1f\u0e2d\u0e2a\u0e0b\u0e34\u0e25\u0e1b\u0e30\u0e01\u0e32\u0e23\u0e31\u0e07(\u0e52) \u0e17\u0e23\u0e07\u0e2b\u0e22\u0e14\u0e19\u0e49\u0e33 \u0e02\u0e36\u0e49\u0e19\u0e40\u0e23\u0e37\u0e2d\u0e19\u0e14\u0e49\u0e27\u0e22\u0e40\u0e07\u0e34\u0e19\u0e41\u0e17\u0e49\" \/>\n<meta property=\"og:description\" content=\"\u0e01\u0e32\u0e25 - \u0e1f\u0e2d\u0e2a\u0e0b\u0e34\u0e25\u0e1b\u0e30\u0e01\u0e32\u0e23\u0e31\u0e07(\u0e52) \u0e17\u0e23\u0e07\u0e2b\u0e22\u0e14\u0e19\u0e49\u0e33 \u0e02\u0e35\u0e49\u0e19\u0e40\u0e23\u0e37\u0e2d\u0e19\u0e14\u0e49\u0e27\u0e22\u0e40\u0e17\u0e04\u0e19\u0e34\u0e04\u0e07\u0e32\u0e19\u0e25\u0e27\u0e14\u0e14\u0e31\u0e14 \u0e40\u0e07\u0e34\u0e19\u0e41\u0e17\u0e49 \u0e59\u0e52.\u0e55 \u0e40\u0e1b\u0e2d\u0e23\u0e4c\u0e40\u0e0b\u0e19\u0e15\u0e4c. \u0e22\u0e32\u0e27\u0e1b\u0e23\u0e30\u0e21\u0e32\u0e13 4.2 \u0e0b\u0e21, \u0e04\u0e27\u0e32\u0e21\u0e01\u0e27\u0e49\u0e32\u0e07 2.3 \u0e0b\u0e21.\" \/>\n<meta property=\"og:url\" content=\"https:\/\/unalomesilverdesign.com\/th\/shop\/fossil-coral-silver-wire-pendant-ii\/\" \/>\n<meta property=\"og:site_name\" content=\"Unalome Silver Design\" \/>\n<meta property=\"article:publisher\" content=\"https:\/\/www.facebook.com\/UnalomeSilverDesign\/\" \/>\n<meta property=\"article:modified_time\" content=\"2024-05-29T16:09:37+00:00\" \/>\n<meta property=\"og:image\" content=\"https:\/\/mlvd6rox4fnu.i.optimole.com\/cb:SVPs.39fe9\/w:auto\/h:auto\/q:mauto\/g:sm\/f:best\/https:\/\/unalomesilverdesign.com\/wp-content\/uploads\/2021\/09\/Fossil-Coral-Silver-wire-pendant-II-2.jpg\" \/>\n\t<meta property=\"og:image:width\" content=\"1440\" \/>\n\t<meta property=\"og:image:height\" content=\"1920\" \/>\n\t<meta property=\"og:image:type\" content=\"image\/jpeg\" \/>\n<meta name=\"twitter:card\" content=\"summary_large_image\" \/>\n<meta name=\"twitter:label1\" content=\"Est. reading time\" \/>\n\t<meta name=\"twitter:data1\" content=\"1 \u0e19\u0e32\u0e17\u0e35\" \/>\n<script type=\"application\/ld+json\" class=\"yoast-schema-graph\">{\"@context\":\"https:\/\/schema.org\",\"@graph\":[{\"@type\":\"WebPage\",\"@id\":\"https:\/\/unalomesilverdesign.com\/shop\/fossil-coral-silver-wire-pendant-ii\/\",\"url\":\"https:\/\/unalomesilverdesign.com\/shop\/fossil-coral-silver-wire-pendant-ii\/\",\"name\":\"\u0e01\u0e32\u0e25 - \u0e1f\u0e2d\u0e2a\u0e0b\u0e34\u0e25\u0e1b\u0e30\u0e01\u0e32\u0e23\u0e31\u0e07(\u0e52) \u0e17\u0e23\u0e07\u0e2b\u0e22\u0e14\u0e19\u0e49\u0e33 \u0e02\u0e36\u0e49\u0e19\u0e40\u0e23\u0e37\u0e2d\u0e19\u0e14\u0e49\u0e27\u0e22\u0e40\u0e07\u0e34\u0e19\u0e41\u0e17\u0e49\",\"isPartOf\":{\"@id\":\"https:\/\/unalomesilverdesign.com\/#website\"},\"primaryImageOfPage\":{\"@id\":\"https:\/\/unalomesilverdesign.com\/shop\/fossil-coral-silver-wire-pendant-ii\/#primaryimage\"},\"image\":{\"@id\":\"https:\/\/unalomesilverdesign.com\/shop\/fossil-coral-silver-wire-pendant-ii\/#primaryimage\"},\"thumbnailUrl\":\"https:\/\/mlvd6rox4fnu.i.optimole.com\/cb:SVPs.39fe9\/w:auto\/h:auto\/q:mauto\/g:sm\/f:best\/https:\/\/unalomesilverdesign.com\/wp-content\/uploads\/2021\/09\/Fossil-Coral-Silver-wire-pendant-II.jpg\",\"datePublished\":\"2021-09-26T09:32:07+00:00\",\"dateModified\":\"2024-05-29T16:09:37+00:00\",\"description\":\"\u0e01\u0e32\u0e25 - \u0e1f\u0e2d\u0e2a\u0e0b\u0e34\u0e25\u0e1b\u0e30\u0e01\u0e32\u0e23\u0e31\u0e07(\u0e52) \u0e17\u0e23\u0e07\u0e2b\u0e22\u0e14\u0e19\u0e49\u0e33 \u0e02\u0e35\u0e49\u0e19\u0e40\u0e23\u0e37\u0e2d\u0e19\u0e14\u0e49\u0e27\u0e22\u0e40\u0e17\u0e04\u0e19\u0e34\u0e04\u0e07\u0e32\u0e19\u0e25\u0e27\u0e14\u0e14\u0e31\u0e14 \u0e40\u0e07\u0e34\u0e19\u0e41\u0e17\u0e49 \u0e59\u0e52.\u0e55 \u0e40\u0e1b\u0e2d\u0e23\u0e4c\u0e40\u0e0b\u0e19\u0e15\u0e4c. \u0e22\u0e32\u0e27\u0e1b\u0e23\u0e30\u0e21\u0e32\u0e13 4.2 \u0e0b\u0e21, \u0e04\u0e27\u0e32\u0e21\u0e01\u0e27\u0e49\u0e32\u0e07 2.3 \u0e0b\u0e21.\",\"breadcrumb\":{\"@id\":\"https:\/\/unalomesilverdesign.com\/shop\/fossil-coral-silver-wire-pendant-ii\/#breadcrumb\"},\"inLanguage\":\"th\",\"potentialAction\":[{\"@type\":\"ReadAction\",\"target\":[\"https:\/\/unalomesilverdesign.com\/shop\/fossil-coral-silver-wire-pendant-ii\/\"]}]},{\"@type\":\"ImageObject\",\"inLanguage\":\"th\",\"@id\":\"https:\/\/unalomesilverdesign.com\/shop\/fossil-coral-silver-wire-pendant-ii\/#primaryimage\",\"url\":\"https:\/\/mlvd6rox4fnu.i.optimole.com\/cb:SVPs.39fe9\/w:auto\/h:auto\/q:mauto\/g:sm\/f:best\/https:\/\/unalomesilverdesign.com\/wp-content\/uploads\/2021\/09\/Fossil-Coral-Silver-wire-pendant-II.jpg\",\"contentUrl\":\"https:\/\/mlvd6rox4fnu.i.optimole.com\/cb:SVPs.39fe9\/w:auto\/h:auto\/q:mauto\/g:sm\/f:best\/https:\/\/unalomesilverdesign.com\/wp-content\/uploads\/2021\/09\/Fossil-Coral-Silver-wire-pendant-II.jpg\",\"width\":1440,\"height\":1920,\"caption\":\"Fossil Coral & Silver wire pendant\"},{\"@type\":\"BreadcrumbList\",\"@id\":\"https:\/\/unalomesilverdesign.com\/shop\/fossil-coral-silver-wire-pendant-ii\/#breadcrumb\",\"itemListElement\":[{\"@type\":\"ListItem\",\"position\":1,\"name\":\"Home\",\"item\":\"https:\/\/unalomesilverdesign.com\/th\/\"},{\"@type\":\"ListItem\",\"position\":2,\"name\":\"The Shop\",\"item\":\"https:\/\/unalomesilverdesign.com\/shop\/\"},{\"@type\":\"ListItem\",\"position\":3,\"name\":\"Fossil Coral &#038; Silver wire pendant (II)\"}]},{\"@type\":\"WebSite\",\"@id\":\"https:\/\/unalomesilverdesign.com\/#website\",\"url\":\"https:\/\/unalomesilverdesign.com\/\",\"name\":\"Unalome Silver Design\",\"description\":\"Silver Handmade Jewelry\",\"publisher\":{\"@id\":\"https:\/\/unalomesilverdesign.com\/#organization\"},\"potentialAction\":[{\"@type\":\"SearchAction\",\"target\":{\"@type\":\"EntryPoint\",\"urlTemplate\":\"https:\/\/unalomesilverdesign.com\/?s={search_term_string}\"},\"query-input\":{\"@type\":\"PropertyValueSpecification\",\"valueRequired\":true,\"valueName\":\"search_term_string\"}}],\"inLanguage\":\"th\"},{\"@type\":\"Organization\",\"@id\":\"https:\/\/unalomesilverdesign.com\/#organization\",\"name\":\"Unalome Silver Design\",\"url\":\"https:\/\/unalomesilverdesign.com\/\",\"logo\":{\"@type\":\"ImageObject\",\"inLanguage\":\"th\",\"@id\":\"https:\/\/unalomesilverdesign.com\/#\/schema\/logo\/image\/\",\"url\":\"https:\/\/mlvd6rox4fnu.i.optimole.com\/cb:RW0d.39f8a\/w:1600\/h:800\/q:mauto\/f:best\/https:\/\/unalomesilverdesign.com\/wp-content\/uploads\/2025\/05\/Unalome-Silver-Design-Logo-Site-SEO.jpg\",\"contentUrl\":\"https:\/\/mlvd6rox4fnu.i.optimole.com\/cb:RW0d.39f8a\/w:1600\/h:800\/q:mauto\/f:best\/https:\/\/unalomesilverdesign.com\/wp-content\/uploads\/2025\/05\/Unalome-Silver-Design-Logo-Site-SEO.jpg\",\"width\":1600,\"height\":800,\"caption\":\"Unalome Silver Design\"},\"image\":{\"@id\":\"https:\/\/unalomesilverdesign.com\/#\/schema\/logo\/image\/\"},\"sameAs\":[\"https:\/\/www.facebook.com\/UnalomeSilverDesign\/\"]}]}<\/script>\n<!-- \/ Yoast SEO plugin. -->","yoast_head_json":{"title":"\u0e01\u0e32\u0e25 - \u0e1f\u0e2d\u0e2a\u0e0b\u0e34\u0e25\u0e1b\u0e30\u0e01\u0e32\u0e23\u0e31\u0e07(\u0e52) \u0e17\u0e23\u0e07\u0e2b\u0e22\u0e14\u0e19\u0e49\u0e33 \u0e02\u0e36\u0e49\u0e19\u0e40\u0e23\u0e37\u0e2d\u0e19\u0e14\u0e49\u0e27\u0e22\u0e40\u0e07\u0e34\u0e19\u0e41\u0e17\u0e49","description":"\u0e01\u0e32\u0e25 - \u0e1f\u0e2d\u0e2a\u0e0b\u0e34\u0e25\u0e1b\u0e30\u0e01\u0e32\u0e23\u0e31\u0e07(\u0e52) \u0e17\u0e23\u0e07\u0e2b\u0e22\u0e14\u0e19\u0e49\u0e33 \u0e02\u0e35\u0e49\u0e19\u0e40\u0e23\u0e37\u0e2d\u0e19\u0e14\u0e49\u0e27\u0e22\u0e40\u0e17\u0e04\u0e19\u0e34\u0e04\u0e07\u0e32\u0e19\u0e25\u0e27\u0e14\u0e14\u0e31\u0e14 \u0e40\u0e07\u0e34\u0e19\u0e41\u0e17\u0e49 \u0e59\u0e52.\u0e55 \u0e40\u0e1b\u0e2d\u0e23\u0e4c\u0e40\u0e0b\u0e19\u0e15\u0e4c. \u0e22\u0e32\u0e27\u0e1b\u0e23\u0e30\u0e21\u0e32\u0e13 4.2 \u0e0b\u0e21, \u0e04\u0e27\u0e32\u0e21\u0e01\u0e27\u0e49\u0e32\u0e07 2.3 \u0e0b\u0e21.","robots":{"index":"index","follow":"follow","max-snippet":"max-snippet:-1","max-image-preview":"max-image-preview:large","max-video-preview":"max-video-preview:-1"},"canonical":"https:\/\/unalomesilverdesign.com\/th\/shop\/fossil-coral-silver-wire-pendant-ii\/","og_locale":"th_TH","og_type":"article","og_title":"[:en]Fossil Coral & Silver wire pendant (II)[:fr]Pendentif Corail Fossile & Argent[:th]\u0e01\u0e32\u0e25 - \u0e1f\u0e2d\u0e2a\u0e0b\u0e34\u0e25\u0e1b\u0e30\u0e01\u0e32\u0e23\u0e31\u0e07(\u0e52) \u0e17\u0e23\u0e07\u0e2b\u0e22\u0e14\u0e19\u0e49\u0e33 \u0e02\u0e36\u0e49\u0e19\u0e40\u0e23\u0e37\u0e2d\u0e19\u0e14\u0e49\u0e27\u0e22\u0e40\u0e07\u0e34\u0e19\u0e41\u0e17\u0e49[:] - Unalome Silver Design","og_description":"[:en]This unique pendant features a beautiful fossilized Coral, wrapped in sterling silver wire. It measures about 1 5\/8'' (4.2cm) long by 7\/8'' (2.3cm) wide.[:fr]Ce pendentif unique est \u00e9labor\u00e9 \u00e0 partir de fils d'argent tress\u00e9s, sertissant un Corail Fossilis\u00e9. Il mesure environ 4,2 cm de long pour 2,3 cm de large.[:th]\u0e01\u0e32\u0e25 - \u0e1f\u0e2d\u0e2a\u0e0b\u0e34\u0e25\u0e1b\u0e30\u0e01\u0e32\u0e23\u0e31\u0e07(\u0e52) \u0e17\u0e23\u0e07\u0e2b\u0e22\u0e14\u0e19\u0e49\u0e33 \u0e02\u0e35\u0e49\u0e19\u0e40\u0e23\u0e37\u0e2d\u0e19\u0e14\u0e49\u0e27\u0e22\u0e40\u0e17\u0e04\u0e19\u0e34\u0e04\u0e07\u0e32\u0e19\u0e25\u0e27\u0e14\u0e14\u0e31\u0e14 \u0e40\u0e07\u0e34\u0e19\u0e41\u0e17\u0e49 \u0e59\u0e52.\u0e55 \u0e40\u0e1b\u0e2d\u0e23\u0e4c\u0e40\u0e0b\u0e19\u0e15\u0e4c. \u0e22\u0e32\u0e27\u0e1b\u0e23\u0e30\u0e21\u0e32\u0e13 4.2 \u0e0b\u0e21, \u0e04\u0e27\u0e32\u0e21\u0e01\u0e27\u0e49\u0e32\u0e07 2.3 \u0e0b\u0e21.[:]","og_url":"https:\/\/unalomesilverdesign.com\/th\/shop\/fossil-coral-silver-wire-pendant-ii\/","og_site_name":"Unalome Silver Design","article_publisher":"https:\/\/www.facebook.com\/UnalomeSilverDesign\/","article_modified_time":"2024-05-29T16:09:37+00:00","og_image":[{"width":1440,"height":1920,"url":"https:\/\/mlvd6rox4fnu.i.optimole.com\/cb:SVPs.39fe9\/w:auto\/h:auto\/q:mauto\/g:sm\/f:best\/https:\/\/unalomesilverdesign.com\/wp-content\/uploads\/2021\/09\/Fossil-Coral-Silver-wire-pendant-II-2.jpg","type":"image\/jpeg"}],"twitter_card":"summary_large_image","twitter_misc":{"Est. reading time":"1 \u0e19\u0e32\u0e17\u0e35"},"schema":{"@context":"https:\/\/schema.org","@graph":[{"@type":"WebPage","@id":"https:\/\/unalomesilverdesign.com\/shop\/fossil-coral-silver-wire-pendant-ii\/","url":"https:\/\/unalomesilverdesign.com\/shop\/fossil-coral-silver-wire-pendant-ii\/","name":"\u0e01\u0e32\u0e25 - \u0e1f\u0e2d\u0e2a\u0e0b\u0e34\u0e25\u0e1b\u0e30\u0e01\u0e32\u0e23\u0e31\u0e07(\u0e52) \u0e17\u0e23\u0e07\u0e2b\u0e22\u0e14\u0e19\u0e49\u0e33 \u0e02\u0e36\u0e49\u0e19\u0e40\u0e23\u0e37\u0e2d\u0e19\u0e14\u0e49\u0e27\u0e22\u0e40\u0e07\u0e34\u0e19\u0e41\u0e17\u0e49","isPartOf":{"@id":"https:\/\/unalomesilverdesign.com\/#website"},"primaryImageOfPage":{"@id":"https:\/\/unalomesilverdesign.com\/shop\/fossil-coral-silver-wire-pendant-ii\/#primaryimage"},"image":{"@id":"https:\/\/unalomesilverdesign.com\/shop\/fossil-coral-silver-wire-pendant-ii\/#primaryimage"},"thumbnailUrl":"https:\/\/mlvd6rox4fnu.i.optimole.com\/cb:SVPs.39fe9\/w:auto\/h:auto\/q:mauto\/g:sm\/f:best\/https:\/\/unalomesilverdesign.com\/wp-content\/uploads\/2021\/09\/Fossil-Coral-Silver-wire-pendant-II.jpg","datePublished":"2021-09-26T09:32:07+00:00","dateModified":"2024-05-29T16:09:37+00:00","description":"\u0e01\u0e32\u0e25 - \u0e1f\u0e2d\u0e2a\u0e0b\u0e34\u0e25\u0e1b\u0e30\u0e01\u0e32\u0e23\u0e31\u0e07(\u0e52) \u0e17\u0e23\u0e07\u0e2b\u0e22\u0e14\u0e19\u0e49\u0e33 \u0e02\u0e35\u0e49\u0e19\u0e40\u0e23\u0e37\u0e2d\u0e19\u0e14\u0e49\u0e27\u0e22\u0e40\u0e17\u0e04\u0e19\u0e34\u0e04\u0e07\u0e32\u0e19\u0e25\u0e27\u0e14\u0e14\u0e31\u0e14 \u0e40\u0e07\u0e34\u0e19\u0e41\u0e17\u0e49 \u0e59\u0e52.\u0e55 \u0e40\u0e1b\u0e2d\u0e23\u0e4c\u0e40\u0e0b\u0e19\u0e15\u0e4c. \u0e22\u0e32\u0e27\u0e1b\u0e23\u0e30\u0e21\u0e32\u0e13 4.2 \u0e0b\u0e21, \u0e04\u0e27\u0e32\u0e21\u0e01\u0e27\u0e49\u0e32\u0e07 2.3 \u0e0b\u0e21.","breadcrumb":{"@id":"https:\/\/unalomesilverdesign.com\/shop\/fossil-coral-silver-wire-pendant-ii\/#breadcrumb"},"inLanguage":"th","potentialAction":[{"@type":"ReadAction","target":["https:\/\/unalomesilverdesign.com\/shop\/fossil-coral-silver-wire-pendant-ii\/"]}]},{"@type":"ImageObject","inLanguage":"th","@id":"https:\/\/unalomesilverdesign.com\/shop\/fossil-coral-silver-wire-pendant-ii\/#primaryimage","url":"https:\/\/mlvd6rox4fnu.i.optimole.com\/cb:SVPs.39fe9\/w:auto\/h:auto\/q:mauto\/g:sm\/f:best\/https:\/\/unalomesilverdesign.com\/wp-content\/uploads\/2021\/09\/Fossil-Coral-Silver-wire-pendant-II.jpg","contentUrl":"https:\/\/mlvd6rox4fnu.i.optimole.com\/cb:SVPs.39fe9\/w:auto\/h:auto\/q:mauto\/g:sm\/f:best\/https:\/\/unalomesilverdesign.com\/wp-content\/uploads\/2021\/09\/Fossil-Coral-Silver-wire-pendant-II.jpg","width":1440,"height":1920,"caption":"Fossil Coral & Silver wire pendant"},{"@type":"BreadcrumbList","@id":"https:\/\/unalomesilverdesign.com\/shop\/fossil-coral-silver-wire-pendant-ii\/#breadcrumb","itemListElement":[{"@type":"ListItem","position":1,"name":"Home","item":"https:\/\/unalomesilverdesign.com\/th\/"},{"@type":"ListItem","position":2,"name":"The Shop","item":"https:\/\/unalomesilverdesign.com\/shop\/"},{"@type":"ListItem","position":3,"name":"Fossil Coral &#038; Silver wire pendant (II)"}]},{"@type":"WebSite","@id":"https:\/\/unalomesilverdesign.com\/#website","url":"https:\/\/unalomesilverdesign.com\/","name":"Unalome Silver Design","description":"Silver Handmade Jewelry","publisher":{"@id":"https:\/\/unalomesilverdesign.com\/#organization"},"potentialAction":[{"@type":"SearchAction","target":{"@type":"EntryPoint","urlTemplate":"https:\/\/unalomesilverdesign.com\/?s={search_term_string}"},"query-input":{"@type":"PropertyValueSpecification","valueRequired":true,"valueName":"search_term_string"}}],"inLanguage":"th"},{"@type":"Organization","@id":"https:\/\/unalomesilverdesign.com\/#organization","name":"Unalome Silver Design","url":"https:\/\/unalomesilverdesign.com\/","logo":{"@type":"ImageObject","inLanguage":"th","@id":"https:\/\/unalomesilverdesign.com\/#\/schema\/logo\/image\/","url":"https:\/\/mlvd6rox4fnu.i.optimole.com\/cb:RW0d.39f8a\/w:1600\/h:800\/q:mauto\/f:best\/https:\/\/unalomesilverdesign.com\/wp-content\/uploads\/2025\/05\/Unalome-Silver-Design-Logo-Site-SEO.jpg","contentUrl":"https:\/\/mlvd6rox4fnu.i.optimole.com\/cb:RW0d.39f8a\/w:1600\/h:800\/q:mauto\/f:best\/https:\/\/unalomesilverdesign.com\/wp-content\/uploads\/2025\/05\/Unalome-Silver-Design-Logo-Site-SEO.jpg","width":1600,"height":800,"caption":"Unalome Silver Design"},"image":{"@id":"https:\/\/unalomesilverdesign.com\/#\/schema\/logo\/image\/"},"sameAs":["https:\/\/www.facebook.com\/UnalomeSilverDesign\/"]}]}},"_links":{"self":[{"href":"https:\/\/unalomesilverdesign.com\/th\/wp-json\/wp\/v2\/product\/5035","targetHints":{"allow":["GET"]}}],"collection":[{"href":"https:\/\/unalomesilverdesign.com\/th\/wp-json\/wp\/v2\/product"}],"about":[{"href":"https:\/\/unalomesilverdesign.com\/th\/wp-json\/wp\/v2\/types\/product"}],"replies":[{"embeddable":true,"href":"https:\/\/unalomesilverdesign.com\/th\/wp-json\/wp\/v2\/comments?post=5035"}],"wp:featuredmedia":[{"embeddable":true,"href":"https:\/\/unalomesilverdesign.com\/th\/wp-json\/wp\/v2\/media\/7605"}],"wp:attachment":[{"href":"https:\/\/unalomesilverdesign.com\/th\/wp-json\/wp\/v2\/media?parent=5035"}],"wp:term":[{"taxonomy":"product_brand","embeddable":true,"href":"https:\/\/unalomesilverdesign.com\/th\/wp-json\/wp\/v2\/product_brand?post=5035"},{"taxonomy":"product_cat","embeddable":true,"href":"https:\/\/unalomesilverdesign.com\/th\/wp-json\/wp\/v2\/product_cat?post=5035"},{"taxonomy":"product_tag","embeddable":true,"href":"https:\/\/unalomesilverdesign.com\/th\/wp-json\/wp\/v2\/product_tag?post=5035"}],"curies":[{"name":"wp","href":"https:\/\/api.w.org\/{rel}","templated":true}]}}