{"id":8403,"date":"2025-06-12T21:52:25","date_gmt":"2025-06-12T14:52:25","guid":{"rendered":"https:\/\/unalomesilverdesign.com\/?post_type=product&#038;p=8403"},"modified":"2025-07-02T17:38:25","modified_gmt":"2025-07-02T10:38:25","slug":"little-ganesha-silver-amulet-pendant","status":"publish","type":"product","link":"https:\/\/unalomesilverdesign.com\/fr\/shop\/little-ganesha-silver-amulet-pendant\/","title":{"rendered":"Ganesh &#8211; Pendentif Argent"},"content":{"rendered":"<h2>Ganesha &#8211; Pendentif en Argent<\/h2>\n<p>&nbsp;<\/p>\n<p>Ce pendentif \u00e9labor\u00e9 \u00e0 partir d&rsquo;argent coul\u00e9 (fonte en sable) repr\u00e9sente la divinit\u00e9 hindouiste Ganesh.<\/p>\n<p>Il mesure environ 2,5 cm de long pour 1,5 cm de large et est mont\u00e9 sur un collier en corde de nylon noir. Ce pendentif a \u00e9t\u00e9 patin\u00e9 afin de lui donner plus de profondeur.<\/p>\n<p>Il est accompagn\u00e9 d\u2019 un tissu de polissage pour argent afin de vous aider \u00e0 le garder propre et brillant.<\/p>\n<p>Chaque pendentif est livr\u00e9 dans une \u00e9l\u00e9gante bo\u00eete noire, pr\u00eat \u00e0 \u00eatre offert. Nous envoyons chaque commande dans un colis rigide par Thaipost avec num\u00e9ro de suivi.<\/p>\n<p>N&rsquo; h\u00e9sitez pas \u00e0 nous contacter si vous avez des questions. Merci d&rsquo;avoir pris le temps de visiter notre boutique !<\/p>\n<p>&nbsp;<\/p>\n","protected":false},"excerpt":{"rendered":"<ul class=\"mb-xs-2 overview-bullets text-body\">\n<li>Mat\u00e9riau: Argent .950<\/li>\n<li>Longueur du pendentif: 2,5 cm<\/li>\n<li>Largeur du pendentif: 1,5 cm<\/li>\n<li>Tissu de polissage pour argent offert<\/li>\n<li>Message cadeau possible<\/li>\n<\/ul>\n","protected":false},"featured_media":8500,"comment_status":"open","ping_status":"closed","template":"","meta":{"inline_featured_image":false,"_exactmetrics_skip_tracking":false,"_exactmetrics_sitenote_active":false,"_exactmetrics_sitenote_note":"","_exactmetrics_sitenote_category":0,"_vp_format_video_url":"","_vp_image_focal_point":[]},"product_brand":[],"product_cat":[146],"product_tag":[537,563],"class_list":{"0":"post-8403","1":"product","2":"type-product","3":"status-publish","4":"has-post-thumbnail","6":"product_cat-pendants","7":"product_tag-amulet","8":"product_tag-sand-cast","10":"first","11":"instock","12":"sold-individually","13":"shipping-taxable","14":"purchasable","15":"product-type-simple","16":"add-to-wishlist-after_add_to_cart"},"yoast_head":"<!-- This site is optimized with the Yoast SEO plugin v26.5 - https:\/\/yoast.com\/wordpress\/plugins\/seo\/ -->\n<title>Ganesh - Pendentif Argent<\/title>\n<meta name=\"description\" content=\"Ce pendentif \u00e9labor\u00e9 \u00e0 partir d&#039;argent coul\u00e9 repr\u00e9sente la divinit\u00e9 hindouiste Ganesh. Il mesure environ 2,5 cm de long pour 1,5 cm de large.\" \/>\n<meta name=\"robots\" content=\"index, follow, max-snippet:-1, max-image-preview:large, max-video-preview:-1\" \/>\n<link rel=\"canonical\" href=\"https:\/\/unalomesilverdesign.com\/fr\/shop\/little-ganesha-silver-amulet-pendant\/\" \/>\n<meta property=\"og:locale\" content=\"fr_FR\" \/>\n<meta property=\"og:locale:alternate\" content=\"en_GB\" \/>\n<meta property=\"og:locale:alternate\" content=\"th_TH\" \/>\n<meta property=\"og:type\" content=\"article\" \/>\n<meta property=\"og:title\" content=\"Ganesh - Pendentif Argent\" \/>\n<meta property=\"og:description\" content=\"Ce pendentif \u00e9labor\u00e9 \u00e0 partir d&#039;argent coul\u00e9 repr\u00e9sente la divinit\u00e9 hindouiste Ganesh. Il mesure environ 2,5 cm de long pour 1,5 cm de large.\" \/>\n<meta property=\"og:url\" content=\"https:\/\/unalomesilverdesign.com\/fr\/shop\/little-ganesha-silver-amulet-pendant\/\" \/>\n<meta property=\"og:site_name\" content=\"Unalome Silver Design\" \/>\n<meta property=\"article:publisher\" content=\"https:\/\/www.facebook.com\/UnalomeSilverDesign\/\" \/>\n<meta property=\"article:modified_time\" content=\"2025-07-02T10:38:25+00:00\" \/>\n<meta property=\"og:image\" content=\"https:\/\/mlvd6rox4fnu.i.optimole.com\/cb:SVPs.39fe9\/w:auto\/h:auto\/q:mauto\/g:sm\/f:best\/https:\/\/unalomesilverdesign.com\/wp-content\/uploads\/2025\/06\/Little-Ganesha-Silver-Pendant-b.jpg\" \/>\n\t<meta property=\"og:image:width\" content=\"1440\" \/>\n\t<meta property=\"og:image:height\" content=\"1920\" \/>\n\t<meta property=\"og:image:type\" content=\"image\/jpeg\" \/>\n<meta name=\"twitter:card\" content=\"summary_large_image\" \/>\n<meta name=\"twitter:label1\" content=\"Dur\u00e9e de lecture estim\u00e9e\" \/>\n\t<meta name=\"twitter:data1\" content=\"1 minute\" \/>\n<script type=\"application\/ld+json\" class=\"yoast-schema-graph\">{\"@context\":\"https:\/\/schema.org\",\"@graph\":[{\"@type\":\"WebPage\",\"@id\":\"https:\/\/unalomesilverdesign.com\/shop\/little-ganesha-silver-amulet-pendant\/\",\"url\":\"https:\/\/unalomesilverdesign.com\/shop\/little-ganesha-silver-amulet-pendant\/\",\"name\":\"Ganesh - Pendentif Argent\",\"isPartOf\":{\"@id\":\"https:\/\/unalomesilverdesign.com\/#website\"},\"primaryImageOfPage\":{\"@id\":\"https:\/\/unalomesilverdesign.com\/shop\/little-ganesha-silver-amulet-pendant\/#primaryimage\"},\"image\":{\"@id\":\"https:\/\/unalomesilverdesign.com\/shop\/little-ganesha-silver-amulet-pendant\/#primaryimage\"},\"thumbnailUrl\":\"https:\/\/mlvd6rox4fnu.i.optimole.com\/cb:SVPs.39fe9\/w:auto\/h:auto\/q:mauto\/g:sm\/f:best\/https:\/\/unalomesilverdesign.com\/wp-content\/uploads\/2025\/06\/Little-Ganesha-Silver-Pendant-b.jpg\",\"datePublished\":\"2025-06-12T14:52:25+00:00\",\"dateModified\":\"2025-07-02T10:38:25+00:00\",\"description\":\"Ce pendentif \u00e9labor\u00e9 \u00e0 partir d'argent coul\u00e9 repr\u00e9sente la divinit\u00e9 hindouiste Ganesh. Il mesure environ 2,5 cm de long pour 1,5 cm de large.\",\"breadcrumb\":{\"@id\":\"https:\/\/unalomesilverdesign.com\/shop\/little-ganesha-silver-amulet-pendant\/#breadcrumb\"},\"inLanguage\":\"fr-FR\",\"potentialAction\":[{\"@type\":\"ReadAction\",\"target\":[\"https:\/\/unalomesilverdesign.com\/shop\/little-ganesha-silver-amulet-pendant\/\"]}]},{\"@type\":\"ImageObject\",\"inLanguage\":\"fr-FR\",\"@id\":\"https:\/\/unalomesilverdesign.com\/shop\/little-ganesha-silver-amulet-pendant\/#primaryimage\",\"url\":\"https:\/\/mlvd6rox4fnu.i.optimole.com\/cb:SVPs.39fe9\/w:auto\/h:auto\/q:mauto\/g:sm\/f:best\/https:\/\/unalomesilverdesign.com\/wp-content\/uploads\/2025\/06\/Little-Ganesha-Silver-Pendant-b.jpg\",\"contentUrl\":\"https:\/\/mlvd6rox4fnu.i.optimole.com\/cb:SVPs.39fe9\/w:auto\/h:auto\/q:mauto\/g:sm\/f:best\/https:\/\/unalomesilverdesign.com\/wp-content\/uploads\/2025\/06\/Little-Ganesha-Silver-Pendant-b.jpg\",\"width\":1440,\"height\":1920,\"caption\":\"Little Ganesha - Silver Pendant\"},{\"@type\":\"BreadcrumbList\",\"@id\":\"https:\/\/unalomesilverdesign.com\/shop\/little-ganesha-silver-amulet-pendant\/#breadcrumb\",\"itemListElement\":[{\"@type\":\"ListItem\",\"position\":1,\"name\":\"Home\",\"item\":\"https:\/\/unalomesilverdesign.com\/th\/\"},{\"@type\":\"ListItem\",\"position\":2,\"name\":\"The Shop\",\"item\":\"https:\/\/unalomesilverdesign.com\/shop\/\"},{\"@type\":\"ListItem\",\"position\":3,\"name\":\"Little Ganesha &#8211; Silver Pendant\"}]},{\"@type\":\"WebSite\",\"@id\":\"https:\/\/unalomesilverdesign.com\/#website\",\"url\":\"https:\/\/unalomesilverdesign.com\/\",\"name\":\"Unalome Silver Design\",\"description\":\"Silver Handmade Jewelry\",\"publisher\":{\"@id\":\"https:\/\/unalomesilverdesign.com\/#organization\"},\"potentialAction\":[{\"@type\":\"SearchAction\",\"target\":{\"@type\":\"EntryPoint\",\"urlTemplate\":\"https:\/\/unalomesilverdesign.com\/?s={search_term_string}\"},\"query-input\":{\"@type\":\"PropertyValueSpecification\",\"valueRequired\":true,\"valueName\":\"search_term_string\"}}],\"inLanguage\":\"fr-FR\"},{\"@type\":\"Organization\",\"@id\":\"https:\/\/unalomesilverdesign.com\/#organization\",\"name\":\"Unalome Silver Design\",\"url\":\"https:\/\/unalomesilverdesign.com\/\",\"logo\":{\"@type\":\"ImageObject\",\"inLanguage\":\"fr-FR\",\"@id\":\"https:\/\/unalomesilverdesign.com\/#\/schema\/logo\/image\/\",\"url\":\"https:\/\/mlvd6rox4fnu.i.optimole.com\/cb:RW0d.39f8a\/w:1600\/h:800\/q:mauto\/f:best\/https:\/\/unalomesilverdesign.com\/wp-content\/uploads\/2025\/05\/Unalome-Silver-Design-Logo-Site-SEO.jpg\",\"contentUrl\":\"https:\/\/mlvd6rox4fnu.i.optimole.com\/cb:RW0d.39f8a\/w:1600\/h:800\/q:mauto\/f:best\/https:\/\/unalomesilverdesign.com\/wp-content\/uploads\/2025\/05\/Unalome-Silver-Design-Logo-Site-SEO.jpg\",\"width\":1600,\"height\":800,\"caption\":\"Unalome Silver Design\"},\"image\":{\"@id\":\"https:\/\/unalomesilverdesign.com\/#\/schema\/logo\/image\/\"},\"sameAs\":[\"https:\/\/www.facebook.com\/UnalomeSilverDesign\/\"]}]}<\/script>\n<!-- \/ Yoast SEO plugin. -->","yoast_head_json":{"title":"Ganesh - Pendentif Argent","description":"Ce pendentif \u00e9labor\u00e9 \u00e0 partir d'argent coul\u00e9 repr\u00e9sente la divinit\u00e9 hindouiste Ganesh. Il mesure environ 2,5 cm de long pour 1,5 cm de large.","robots":{"index":"index","follow":"follow","max-snippet":"max-snippet:-1","max-image-preview":"max-image-preview:large","max-video-preview":"max-video-preview:-1"},"canonical":"https:\/\/unalomesilverdesign.com\/fr\/shop\/little-ganesha-silver-amulet-pendant\/","og_locale":"fr_FR","og_type":"article","og_title":"[:th][:en]Little Ganesha - Silver Pendant[:fr]Ganesh - Pendentif Argent[:th]\u0e2d\u0e07\u0e04\u0e4c\u0e1e\u0e34\u0e06\u0e40\u0e19\u0e28\u0e27\u0e23 \u0e40\u0e25\u0e47\u0e01 - \u0e08\u0e35\u0e49\u0e40\u0e07\u0e34\u0e19\u0e41\u0e17\u0e49 \u0e07\u0e32\u0e19\u0e2b\u0e31\u0e15\u0e16\u0e01\u0e23\u0e23\u0e21\u0e40\u0e17\u0e04\u0e19\u0e34\u0e04\u0e2b\u0e25\u0e48\u0e2d\u0e17\u0e23\u0e32\u0e22[:] [:]","og_description":"[:en]This beautiful silver pendant represents the Hindu god Ganesha, cast in sterling silver. It is about 1'' (2.5 cm) by 5\/8'' (1.5 cm).[:fr]Ce pendentif \u00e9labor\u00e9 \u00e0 partir d'argent coul\u00e9 repr\u00e9sente la divinit\u00e9 hindouiste Ganesh. Il mesure environ 2,5 cm de long pour 1,5 cm de large.[:th]\u0e2d\u0e07\u0e04\u0e4c\u0e1e\u0e34\u0e06\u0e40\u0e19\u0e28\u0e27\u0e23 \u0e40\u0e25\u0e47\u0e01 - \u0e08\u0e35\u0e49\u0e40\u0e07\u0e34\u0e19\u0e41\u0e17\u0e49 \u0e07\u0e32\u0e19\u0e2b\u0e31\u0e15\u0e16\u0e01\u0e23\u0e23\u0e21\u0e40\u0e17\u0e04\u0e19\u0e34\u0e04\u0e2b\u0e25\u0e48\u0e2d\u0e17\u0e23\u0e32\u0e22 \u0e40\u0e07\u0e34\u0e19\u0e41\u0e17\u0e49 \u0e59\u0e55 \u0e40\u0e1b\u0e2d\u0e23\u0e4c\u0e40\u0e0b\u0e19\u0e15\u0e4c.\u0e22\u0e32\u0e27\u0e1b\u0e23\u0e30\u0e21\u0e32\u0e13 2.5 \u0e0b\u0e21, \u0e04\u0e27\u0e32\u0e21\u0e01\u0e27\u0e49\u0e32\u0e07 1.5 \u0e0b\u0e21. \u0e21\u0e32\u0e1e\u0e23\u0e49\u0e2d\u0e21\u0e01\u0e31\u0e1a\u0e2a\u0e23\u0e49\u0e2d\u0e22\u0e04\u0e2d\u0e40\u0e0a\u0e37\u0e2d\u0e01\u0e44\u0e19\u0e25\u0e48\u0e2d\u0e19\u0e2a\u0e35\u0e14\u0e33\u0e1b\u0e23\u0e31\u0e1a\u0e44\u0e14\u0e49.[:]","og_url":"https:\/\/unalomesilverdesign.com\/fr\/shop\/little-ganesha-silver-amulet-pendant\/","og_site_name":"Unalome Silver Design","article_publisher":"https:\/\/www.facebook.com\/UnalomeSilverDesign\/","article_modified_time":"2025-07-02T10:38:25+00:00","og_image":[{"width":1440,"height":1920,"url":"https:\/\/mlvd6rox4fnu.i.optimole.com\/cb:SVPs.39fe9\/w:auto\/h:auto\/q:mauto\/g:sm\/f:best\/https:\/\/unalomesilverdesign.com\/wp-content\/uploads\/2025\/06\/Little-Ganesha-Silver-Pendant-b.jpg","type":"image\/jpeg"}],"twitter_card":"summary_large_image","twitter_misc":{"Dur\u00e9e de lecture estim\u00e9e":"1 minute"},"schema":{"@context":"https:\/\/schema.org","@graph":[{"@type":"WebPage","@id":"https:\/\/unalomesilverdesign.com\/shop\/little-ganesha-silver-amulet-pendant\/","url":"https:\/\/unalomesilverdesign.com\/shop\/little-ganesha-silver-amulet-pendant\/","name":"Ganesh - Pendentif Argent","isPartOf":{"@id":"https:\/\/unalomesilverdesign.com\/#website"},"primaryImageOfPage":{"@id":"https:\/\/unalomesilverdesign.com\/shop\/little-ganesha-silver-amulet-pendant\/#primaryimage"},"image":{"@id":"https:\/\/unalomesilverdesign.com\/shop\/little-ganesha-silver-amulet-pendant\/#primaryimage"},"thumbnailUrl":"https:\/\/mlvd6rox4fnu.i.optimole.com\/cb:SVPs.39fe9\/w:auto\/h:auto\/q:mauto\/g:sm\/f:best\/https:\/\/unalomesilverdesign.com\/wp-content\/uploads\/2025\/06\/Little-Ganesha-Silver-Pendant-b.jpg","datePublished":"2025-06-12T14:52:25+00:00","dateModified":"2025-07-02T10:38:25+00:00","description":"Ce pendentif \u00e9labor\u00e9 \u00e0 partir d'argent coul\u00e9 repr\u00e9sente la divinit\u00e9 hindouiste Ganesh. Il mesure environ 2,5 cm de long pour 1,5 cm de large.","breadcrumb":{"@id":"https:\/\/unalomesilverdesign.com\/shop\/little-ganesha-silver-amulet-pendant\/#breadcrumb"},"inLanguage":"fr-FR","potentialAction":[{"@type":"ReadAction","target":["https:\/\/unalomesilverdesign.com\/shop\/little-ganesha-silver-amulet-pendant\/"]}]},{"@type":"ImageObject","inLanguage":"fr-FR","@id":"https:\/\/unalomesilverdesign.com\/shop\/little-ganesha-silver-amulet-pendant\/#primaryimage","url":"https:\/\/mlvd6rox4fnu.i.optimole.com\/cb:SVPs.39fe9\/w:auto\/h:auto\/q:mauto\/g:sm\/f:best\/https:\/\/unalomesilverdesign.com\/wp-content\/uploads\/2025\/06\/Little-Ganesha-Silver-Pendant-b.jpg","contentUrl":"https:\/\/mlvd6rox4fnu.i.optimole.com\/cb:SVPs.39fe9\/w:auto\/h:auto\/q:mauto\/g:sm\/f:best\/https:\/\/unalomesilverdesign.com\/wp-content\/uploads\/2025\/06\/Little-Ganesha-Silver-Pendant-b.jpg","width":1440,"height":1920,"caption":"Little Ganesha - Silver Pendant"},{"@type":"BreadcrumbList","@id":"https:\/\/unalomesilverdesign.com\/shop\/little-ganesha-silver-amulet-pendant\/#breadcrumb","itemListElement":[{"@type":"ListItem","position":1,"name":"Home","item":"https:\/\/unalomesilverdesign.com\/th\/"},{"@type":"ListItem","position":2,"name":"The Shop","item":"https:\/\/unalomesilverdesign.com\/shop\/"},{"@type":"ListItem","position":3,"name":"Little Ganesha &#8211; Silver Pendant"}]},{"@type":"WebSite","@id":"https:\/\/unalomesilverdesign.com\/#website","url":"https:\/\/unalomesilverdesign.com\/","name":"Unalome Silver Design","description":"Silver Handmade Jewelry","publisher":{"@id":"https:\/\/unalomesilverdesign.com\/#organization"},"potentialAction":[{"@type":"SearchAction","target":{"@type":"EntryPoint","urlTemplate":"https:\/\/unalomesilverdesign.com\/?s={search_term_string}"},"query-input":{"@type":"PropertyValueSpecification","valueRequired":true,"valueName":"search_term_string"}}],"inLanguage":"fr-FR"},{"@type":"Organization","@id":"https:\/\/unalomesilverdesign.com\/#organization","name":"Unalome Silver Design","url":"https:\/\/unalomesilverdesign.com\/","logo":{"@type":"ImageObject","inLanguage":"fr-FR","@id":"https:\/\/unalomesilverdesign.com\/#\/schema\/logo\/image\/","url":"https:\/\/mlvd6rox4fnu.i.optimole.com\/cb:RW0d.39f8a\/w:1600\/h:800\/q:mauto\/f:best\/https:\/\/unalomesilverdesign.com\/wp-content\/uploads\/2025\/05\/Unalome-Silver-Design-Logo-Site-SEO.jpg","contentUrl":"https:\/\/mlvd6rox4fnu.i.optimole.com\/cb:RW0d.39f8a\/w:1600\/h:800\/q:mauto\/f:best\/https:\/\/unalomesilverdesign.com\/wp-content\/uploads\/2025\/05\/Unalome-Silver-Design-Logo-Site-SEO.jpg","width":1600,"height":800,"caption":"Unalome Silver Design"},"image":{"@id":"https:\/\/unalomesilverdesign.com\/#\/schema\/logo\/image\/"},"sameAs":["https:\/\/www.facebook.com\/UnalomeSilverDesign\/"]}]}},"_links":{"self":[{"href":"https:\/\/unalomesilverdesign.com\/fr\/wp-json\/wp\/v2\/product\/8403","targetHints":{"allow":["GET"]}}],"collection":[{"href":"https:\/\/unalomesilverdesign.com\/fr\/wp-json\/wp\/v2\/product"}],"about":[{"href":"https:\/\/unalomesilverdesign.com\/fr\/wp-json\/wp\/v2\/types\/product"}],"replies":[{"embeddable":true,"href":"https:\/\/unalomesilverdesign.com\/fr\/wp-json\/wp\/v2\/comments?post=8403"}],"wp:featuredmedia":[{"embeddable":true,"href":"https:\/\/unalomesilverdesign.com\/fr\/wp-json\/wp\/v2\/media\/8500"}],"wp:attachment":[{"href":"https:\/\/unalomesilverdesign.com\/fr\/wp-json\/wp\/v2\/media?parent=8403"}],"wp:term":[{"taxonomy":"product_brand","embeddable":true,"href":"https:\/\/unalomesilverdesign.com\/fr\/wp-json\/wp\/v2\/product_brand?post=8403"},{"taxonomy":"product_cat","embeddable":true,"href":"https:\/\/unalomesilverdesign.com\/fr\/wp-json\/wp\/v2\/product_cat?post=8403"},{"taxonomy":"product_tag","embeddable":true,"href":"https:\/\/unalomesilverdesign.com\/fr\/wp-json\/wp\/v2\/product_tag?post=8403"}],"curies":[{"name":"wp","href":"https:\/\/api.w.org\/{rel}","templated":true}]}}