{"id":7640,"date":"2024-05-30T14:41:01","date_gmt":"2024-05-30T07:41:01","guid":{"rendered":"https:\/\/unalomesilverdesign.com\/?post_type=product&#038;p=7640"},"modified":"2025-07-01T17:58:13","modified_gmt":"2025-07-01T10:58:13","slug":"celtic-silver-ring-size-8-1-2","status":"publish","type":"product","link":"https:\/\/unalomesilverdesign.com\/fr\/shop\/celtic-silver-ring-size-8-1-2\/","title":{"rendered":"Bague Celtique Argent (taille 58)"},"content":{"rendered":"<h2>Bague Celtique Fils d&rsquo;Argent Tress\u00e9s<\/h2>\n<p>&nbsp;<\/p>\n<p>Cette bague artisanale en fils d&rsquo;argent tress\u00e9s est inspir\u00e9e d&rsquo;un mod\u00e8le celtique traditionnel.<\/p>\n<p>Elle fait 8mm de large et c&rsquo;est une taille 58 (US: 8 1\/2, \u2300 int\u00e9rieur 18,5 mm).<\/p>\n<p>Elle est accompagn\u00e9e d&rsquo; un tissu de polissage pour argent afin de vous aider \u00e0 la garder propre et brillante.<\/p>\n<p>Chaque bague est livr\u00e9e dans une \u00e9l\u00e9gante bo\u00eete noire, pr\u00eate \u00e0 \u00eatre offerte. Nous envoyons chaque commande dans un colis rigide par Thaipost avec num\u00e9ro de suivi.<\/p>\n<p>N&rsquo;h\u00e9sitez pas \u00e0 nous contacter si vous avez des questions. Merci d&rsquo;avoir pris le temps de visiter notre boutique !<\/p>\n<p>&nbsp;<\/p>\n","protected":false},"excerpt":{"rendered":"<ul class=\"mb-xs-2 overview-bullets text-body\">\n<li>Artisanal<\/li>\n<li>Mat\u00e9riau: Argent<\/li>\n<li>Taille de la bague : FR : 58, US : 8 1\/2, \u2300 int\u00e9rieur 18,5 mm<\/li>\n<li>Tissu de polissage pour argent offert<\/li>\n<li>Message cadeau possible<\/li>\n<\/ul>\n","protected":false},"featured_media":8492,"comment_status":"open","ping_status":"closed","template":"","meta":{"inline_featured_image":false,"_exactmetrics_skip_tracking":false,"_exactmetrics_sitenote_active":false,"_exactmetrics_sitenote_note":"","_exactmetrics_sitenote_category":0,"_vp_format_video_url":"","_vp_image_focal_point":[]},"product_brand":[],"product_cat":[156],"product_tag":[534],"class_list":{"0":"post-7640","1":"product","2":"type-product","3":"status-publish","4":"has-post-thumbnail","6":"product_cat-rings","7":"product_tag-celtic","9":"first","10":"instock","11":"sold-individually","12":"shipping-taxable","13":"purchasable","14":"product-type-simple","15":"add-to-wishlist-after_add_to_cart"},"yoast_head":"<!-- This site is optimized with the Yoast SEO plugin v26.5 - https:\/\/yoast.com\/wordpress\/plugins\/seo\/ -->\n<title>Bague Celtique Argent (taille 58)<\/title>\n<meta name=\"description\" content=\"Cette bague artisanale en fils d&#039;argent tress\u00e9s est inspir\u00e9e d&#039;un mod\u00e8le celtique traditionnel. C&#039;est une taille 58 (US: 8 1\/2, \u2300 int\u00e9rieur 18.5 mm).\" \/>\n<meta name=\"robots\" content=\"index, follow, max-snippet:-1, max-image-preview:large, max-video-preview:-1\" \/>\n<link rel=\"canonical\" href=\"https:\/\/unalomesilverdesign.com\/fr\/shop\/celtic-silver-ring-size-8-1-2\/\" \/>\n<meta property=\"og:locale\" content=\"fr_FR\" \/>\n<meta property=\"og:locale:alternate\" content=\"en_GB\" \/>\n<meta property=\"og:locale:alternate\" content=\"th_TH\" \/>\n<meta property=\"og:type\" content=\"article\" \/>\n<meta property=\"og:title\" content=\"Bague Celtique Argent (taille 58)\" \/>\n<meta property=\"og:description\" content=\"Cette bague artisanale en fils d&#039;argent tress\u00e9s est inspir\u00e9e d&#039;un mod\u00e8le celtique traditionnel. C&#039;est une taille 58 (US: 8 1\/2, \u2300 int\u00e9rieur 18.5 mm).\" \/>\n<meta property=\"og:url\" content=\"https:\/\/unalomesilverdesign.com\/fr\/shop\/celtic-silver-ring-size-8-1-2\/\" \/>\n<meta property=\"og:site_name\" content=\"Unalome Silver Design\" \/>\n<meta property=\"article:publisher\" content=\"https:\/\/www.facebook.com\/UnalomeSilverDesign\/\" \/>\n<meta property=\"article:modified_time\" content=\"2025-07-01T10:58:13+00:00\" \/>\n<meta property=\"og:image\" content=\"https:\/\/mlvd6rox4fnu.i.optimole.com\/cb:SVPs.39fe9\/w:auto\/h:auto\/q:mauto\/g:sm\/f:best\/https:\/\/unalomesilverdesign.com\/wp-content\/uploads\/2024\/05\/Celtic-Silver-Wire-Ring-Size-8-1-2.jpg\" \/>\n\t<meta property=\"og:image:width\" content=\"1440\" \/>\n\t<meta property=\"og:image:height\" content=\"1920\" \/>\n\t<meta property=\"og:image:type\" content=\"image\/jpeg\" \/>\n<meta name=\"twitter:card\" content=\"summary_large_image\" \/>\n<meta name=\"twitter:label1\" content=\"Dur\u00e9e de lecture estim\u00e9e\" \/>\n\t<meta name=\"twitter:data1\" content=\"1 minute\" \/>\n<script type=\"application\/ld+json\" class=\"yoast-schema-graph\">{\"@context\":\"https:\/\/schema.org\",\"@graph\":[{\"@type\":\"WebPage\",\"@id\":\"https:\/\/unalomesilverdesign.com\/th\/shop\/celtic-silver-ring-size-8-1-2\/\",\"url\":\"https:\/\/unalomesilverdesign.com\/th\/shop\/celtic-silver-ring-size-8-1-2\/\",\"name\":\"Bague Celtique Argent (taille 58)\",\"isPartOf\":{\"@id\":\"https:\/\/unalomesilverdesign.com\/#website\"},\"primaryImageOfPage\":{\"@id\":\"https:\/\/unalomesilverdesign.com\/th\/shop\/celtic-silver-ring-size-8-1-2\/#primaryimage\"},\"image\":{\"@id\":\"https:\/\/unalomesilverdesign.com\/th\/shop\/celtic-silver-ring-size-8-1-2\/#primaryimage\"},\"thumbnailUrl\":\"https:\/\/mlvd6rox4fnu.i.optimole.com\/cb:SVPs.39fe9\/w:auto\/h:auto\/q:mauto\/g:sm\/f:best\/https:\/\/unalomesilverdesign.com\/wp-content\/uploads\/2024\/05\/Celtic-Silver-Wire-Ring-Size-8-1-2.jpg\",\"datePublished\":\"2024-05-30T07:41:01+00:00\",\"dateModified\":\"2025-07-01T10:58:13+00:00\",\"description\":\"Cette bague artisanale en fils d'argent tress\u00e9s est inspir\u00e9e d'un mod\u00e8le celtique traditionnel. C'est une taille 58 (US: 8 1\/2, \u2300 int\u00e9rieur 18.5 mm).\",\"breadcrumb\":{\"@id\":\"https:\/\/unalomesilverdesign.com\/th\/shop\/celtic-silver-ring-size-8-1-2\/#breadcrumb\"},\"inLanguage\":\"fr-FR\",\"potentialAction\":[{\"@type\":\"ReadAction\",\"target\":[\"https:\/\/unalomesilverdesign.com\/th\/shop\/celtic-silver-ring-size-8-1-2\/\"]}]},{\"@type\":\"ImageObject\",\"inLanguage\":\"fr-FR\",\"@id\":\"https:\/\/unalomesilverdesign.com\/th\/shop\/celtic-silver-ring-size-8-1-2\/#primaryimage\",\"url\":\"https:\/\/mlvd6rox4fnu.i.optimole.com\/cb:SVPs.39fe9\/w:auto\/h:auto\/q:mauto\/g:sm\/f:best\/https:\/\/unalomesilverdesign.com\/wp-content\/uploads\/2024\/05\/Celtic-Silver-Wire-Ring-Size-8-1-2.jpg\",\"contentUrl\":\"https:\/\/mlvd6rox4fnu.i.optimole.com\/cb:SVPs.39fe9\/w:auto\/h:auto\/q:mauto\/g:sm\/f:best\/https:\/\/unalomesilverdesign.com\/wp-content\/uploads\/2024\/05\/Celtic-Silver-Wire-Ring-Size-8-1-2.jpg\",\"width\":1440,\"height\":1920,\"caption\":\"Celtic Silver Wire Ring Size 8 1\/2\"},{\"@type\":\"BreadcrumbList\",\"@id\":\"https:\/\/unalomesilverdesign.com\/th\/shop\/celtic-silver-ring-size-8-1-2\/#breadcrumb\",\"itemListElement\":[{\"@type\":\"ListItem\",\"position\":1,\"name\":\"Home\",\"item\":\"https:\/\/unalomesilverdesign.com\/th\/\"},{\"@type\":\"ListItem\",\"position\":2,\"name\":\"The Shop\",\"item\":\"https:\/\/unalomesilverdesign.com\/shop\/\"},{\"@type\":\"ListItem\",\"position\":3,\"name\":\"\u0e40\u0e04\u0e25\u0e17\u0e4c &#8211; \u0e41\u0e2b\u0e27\u0e19\u0e2a\u0e32\u0e19\u0e25\u0e27\u0e14\u0e40\u0e07\u0e34\u0e19\u0e41\u0e17\u0e49 size 8 1\/2\"}]},{\"@type\":\"WebSite\",\"@id\":\"https:\/\/unalomesilverdesign.com\/#website\",\"url\":\"https:\/\/unalomesilverdesign.com\/\",\"name\":\"Unalome Silver Design\",\"description\":\"Silver Handmade Jewelry\",\"publisher\":{\"@id\":\"https:\/\/unalomesilverdesign.com\/#organization\"},\"potentialAction\":[{\"@type\":\"SearchAction\",\"target\":{\"@type\":\"EntryPoint\",\"urlTemplate\":\"https:\/\/unalomesilverdesign.com\/?s={search_term_string}\"},\"query-input\":{\"@type\":\"PropertyValueSpecification\",\"valueRequired\":true,\"valueName\":\"search_term_string\"}}],\"inLanguage\":\"fr-FR\"},{\"@type\":\"Organization\",\"@id\":\"https:\/\/unalomesilverdesign.com\/#organization\",\"name\":\"Unalome Silver Design\",\"url\":\"https:\/\/unalomesilverdesign.com\/\",\"logo\":{\"@type\":\"ImageObject\",\"inLanguage\":\"fr-FR\",\"@id\":\"https:\/\/unalomesilverdesign.com\/#\/schema\/logo\/image\/\",\"url\":\"https:\/\/mlvd6rox4fnu.i.optimole.com\/cb:RW0d.39f8a\/w:1600\/h:800\/q:mauto\/f:best\/https:\/\/unalomesilverdesign.com\/wp-content\/uploads\/2025\/05\/Unalome-Silver-Design-Logo-Site-SEO.jpg\",\"contentUrl\":\"https:\/\/mlvd6rox4fnu.i.optimole.com\/cb:RW0d.39f8a\/w:1600\/h:800\/q:mauto\/f:best\/https:\/\/unalomesilverdesign.com\/wp-content\/uploads\/2025\/05\/Unalome-Silver-Design-Logo-Site-SEO.jpg\",\"width\":1600,\"height\":800,\"caption\":\"Unalome Silver Design\"},\"image\":{\"@id\":\"https:\/\/unalomesilverdesign.com\/#\/schema\/logo\/image\/\"},\"sameAs\":[\"https:\/\/www.facebook.com\/UnalomeSilverDesign\/\"]}]}<\/script>\n<!-- \/ Yoast SEO plugin. -->","yoast_head_json":{"title":"Bague Celtique Argent (taille 58)","description":"Cette bague artisanale en fils d'argent tress\u00e9s est inspir\u00e9e d'un mod\u00e8le celtique traditionnel. C'est une taille 58 (US: 8 1\/2, \u2300 int\u00e9rieur 18.5 mm).","robots":{"index":"index","follow":"follow","max-snippet":"max-snippet:-1","max-image-preview":"max-image-preview:large","max-video-preview":"max-video-preview:-1"},"canonical":"https:\/\/unalomesilverdesign.com\/fr\/shop\/celtic-silver-ring-size-8-1-2\/","og_locale":"fr_FR","og_type":"article","og_title":"[:en]Celtic Silver Ring (size 8 1\/2)[:fr]Bague Celtique Argent (taille 58)[:th]\u0e40\u0e04\u0e25\u0e17\u0e4c - \u0e41\u0e2b\u0e27\u0e19\u0e2a\u0e32\u0e19\u0e25\u0e27\u0e14\u0e40\u0e07\u0e34\u0e19\u0e41\u0e17\u0e49 size 8 1\/2[:] - Unalome Silver Design","og_description":"[:en]This beautiful sterling silver wire woven ring is inspired by a traditional Celtic design. It is a US size 8 1\/2 (UK: Q, FR: 58, inner \u2300 18.5 mm).[:fr]Cette bague artisanale en fils d'argent tress\u00e9s est inspir\u00e9e d'un mod\u00e8le celtique traditionnel. C'est une taille 58 (US: 8 1\/2, \u2300 int\u00e9rieur 18.5 mm).[:th]\u0e40\u0e04\u0e25\u0e17\u0e4c - \u0e41\u0e2b\u0e27\u0e19\u0e2a\u0e32\u0e19\u0e25\u0e27\u0e14\u0e40\u0e07\u0e34\u0e19\u0e41\u0e17\u0e49 \u0e59\u0e52.\u0e55 \u0e40\u0e1b\u0e2d\u0e23\u0e4c\u0e40\u0e0b\u0e47\u0e19\u0e15\u0e4c.\u0e21\u0e32\u0e15\u0e23\u0e10\u0e32\u0e19\u0e44\u0e0b\u0e2a\u0e4c\u0e41\u0e2b\u0e27\u0e19\u0e41\u0e1a\u0e1a\u0e2d\u0e40\u0e21\u0e23\u0e34\u0e01\u0e32 \u0e44\u0e0b\u0e2a\u0e4c 8 1\/2 (\u0e40\u0e2a\u0e49\u0e19\u0e23\u0e2d\u0e1a\u0e27\u0e07\u0e14\u0e49\u0e32\u0e19\u0e43\u0e19 18.5 \u0e21\u0e21).\u0e07\u0e32\u0e19\u0e0a\u0e34\u0e49\u0e19\u0e19\u0e35\u0e49\u0e1c\u0e48\u0e32\u0e19\u0e40\u0e17\u0e04\u0e19\u0e34\u0e04 \u0e23\u0e21\u0e14\u0e33\u0e40\u0e07\u0e34\u0e19 \u0e43\u0e2b\u0e49\u0e07\u0e32\u0e19\u0e14\u0e39\u0e21\u0e34\u0e15\u0e34\u0e02\u0e36\u0e49\u0e19.[:]","og_url":"https:\/\/unalomesilverdesign.com\/fr\/shop\/celtic-silver-ring-size-8-1-2\/","og_site_name":"Unalome Silver Design","article_publisher":"https:\/\/www.facebook.com\/UnalomeSilverDesign\/","article_modified_time":"2025-07-01T10:58:13+00:00","og_image":[{"width":1440,"height":1920,"url":"https:\/\/mlvd6rox4fnu.i.optimole.com\/cb:SVPs.39fe9\/w:auto\/h:auto\/q:mauto\/g:sm\/f:best\/https:\/\/unalomesilverdesign.com\/wp-content\/uploads\/2024\/05\/Celtic-Silver-Wire-Ring-Size-8-1-2.jpg","type":"image\/jpeg"}],"twitter_card":"summary_large_image","twitter_misc":{"Dur\u00e9e de lecture estim\u00e9e":"1 minute"},"schema":{"@context":"https:\/\/schema.org","@graph":[{"@type":"WebPage","@id":"https:\/\/unalomesilverdesign.com\/th\/shop\/celtic-silver-ring-size-8-1-2\/","url":"https:\/\/unalomesilverdesign.com\/th\/shop\/celtic-silver-ring-size-8-1-2\/","name":"Bague Celtique Argent (taille 58)","isPartOf":{"@id":"https:\/\/unalomesilverdesign.com\/#website"},"primaryImageOfPage":{"@id":"https:\/\/unalomesilverdesign.com\/th\/shop\/celtic-silver-ring-size-8-1-2\/#primaryimage"},"image":{"@id":"https:\/\/unalomesilverdesign.com\/th\/shop\/celtic-silver-ring-size-8-1-2\/#primaryimage"},"thumbnailUrl":"https:\/\/mlvd6rox4fnu.i.optimole.com\/cb:SVPs.39fe9\/w:auto\/h:auto\/q:mauto\/g:sm\/f:best\/https:\/\/unalomesilverdesign.com\/wp-content\/uploads\/2024\/05\/Celtic-Silver-Wire-Ring-Size-8-1-2.jpg","datePublished":"2024-05-30T07:41:01+00:00","dateModified":"2025-07-01T10:58:13+00:00","description":"Cette bague artisanale en fils d'argent tress\u00e9s est inspir\u00e9e d'un mod\u00e8le celtique traditionnel. C'est une taille 58 (US: 8 1\/2, \u2300 int\u00e9rieur 18.5 mm).","breadcrumb":{"@id":"https:\/\/unalomesilverdesign.com\/th\/shop\/celtic-silver-ring-size-8-1-2\/#breadcrumb"},"inLanguage":"fr-FR","potentialAction":[{"@type":"ReadAction","target":["https:\/\/unalomesilverdesign.com\/th\/shop\/celtic-silver-ring-size-8-1-2\/"]}]},{"@type":"ImageObject","inLanguage":"fr-FR","@id":"https:\/\/unalomesilverdesign.com\/th\/shop\/celtic-silver-ring-size-8-1-2\/#primaryimage","url":"https:\/\/mlvd6rox4fnu.i.optimole.com\/cb:SVPs.39fe9\/w:auto\/h:auto\/q:mauto\/g:sm\/f:best\/https:\/\/unalomesilverdesign.com\/wp-content\/uploads\/2024\/05\/Celtic-Silver-Wire-Ring-Size-8-1-2.jpg","contentUrl":"https:\/\/mlvd6rox4fnu.i.optimole.com\/cb:SVPs.39fe9\/w:auto\/h:auto\/q:mauto\/g:sm\/f:best\/https:\/\/unalomesilverdesign.com\/wp-content\/uploads\/2024\/05\/Celtic-Silver-Wire-Ring-Size-8-1-2.jpg","width":1440,"height":1920,"caption":"Celtic Silver Wire Ring Size 8 1\/2"},{"@type":"BreadcrumbList","@id":"https:\/\/unalomesilverdesign.com\/th\/shop\/celtic-silver-ring-size-8-1-2\/#breadcrumb","itemListElement":[{"@type":"ListItem","position":1,"name":"Home","item":"https:\/\/unalomesilverdesign.com\/th\/"},{"@type":"ListItem","position":2,"name":"The Shop","item":"https:\/\/unalomesilverdesign.com\/shop\/"},{"@type":"ListItem","position":3,"name":"\u0e40\u0e04\u0e25\u0e17\u0e4c &#8211; \u0e41\u0e2b\u0e27\u0e19\u0e2a\u0e32\u0e19\u0e25\u0e27\u0e14\u0e40\u0e07\u0e34\u0e19\u0e41\u0e17\u0e49 size 8 1\/2"}]},{"@type":"WebSite","@id":"https:\/\/unalomesilverdesign.com\/#website","url":"https:\/\/unalomesilverdesign.com\/","name":"Unalome Silver Design","description":"Silver Handmade Jewelry","publisher":{"@id":"https:\/\/unalomesilverdesign.com\/#organization"},"potentialAction":[{"@type":"SearchAction","target":{"@type":"EntryPoint","urlTemplate":"https:\/\/unalomesilverdesign.com\/?s={search_term_string}"},"query-input":{"@type":"PropertyValueSpecification","valueRequired":true,"valueName":"search_term_string"}}],"inLanguage":"fr-FR"},{"@type":"Organization","@id":"https:\/\/unalomesilverdesign.com\/#organization","name":"Unalome Silver Design","url":"https:\/\/unalomesilverdesign.com\/","logo":{"@type":"ImageObject","inLanguage":"fr-FR","@id":"https:\/\/unalomesilverdesign.com\/#\/schema\/logo\/image\/","url":"https:\/\/mlvd6rox4fnu.i.optimole.com\/cb:RW0d.39f8a\/w:1600\/h:800\/q:mauto\/f:best\/https:\/\/unalomesilverdesign.com\/wp-content\/uploads\/2025\/05\/Unalome-Silver-Design-Logo-Site-SEO.jpg","contentUrl":"https:\/\/mlvd6rox4fnu.i.optimole.com\/cb:RW0d.39f8a\/w:1600\/h:800\/q:mauto\/f:best\/https:\/\/unalomesilverdesign.com\/wp-content\/uploads\/2025\/05\/Unalome-Silver-Design-Logo-Site-SEO.jpg","width":1600,"height":800,"caption":"Unalome Silver Design"},"image":{"@id":"https:\/\/unalomesilverdesign.com\/#\/schema\/logo\/image\/"},"sameAs":["https:\/\/www.facebook.com\/UnalomeSilverDesign\/"]}]}},"_links":{"self":[{"href":"https:\/\/unalomesilverdesign.com\/fr\/wp-json\/wp\/v2\/product\/7640","targetHints":{"allow":["GET"]}}],"collection":[{"href":"https:\/\/unalomesilverdesign.com\/fr\/wp-json\/wp\/v2\/product"}],"about":[{"href":"https:\/\/unalomesilverdesign.com\/fr\/wp-json\/wp\/v2\/types\/product"}],"replies":[{"embeddable":true,"href":"https:\/\/unalomesilverdesign.com\/fr\/wp-json\/wp\/v2\/comments?post=7640"}],"wp:featuredmedia":[{"embeddable":true,"href":"https:\/\/unalomesilverdesign.com\/fr\/wp-json\/wp\/v2\/media\/8492"}],"wp:attachment":[{"href":"https:\/\/unalomesilverdesign.com\/fr\/wp-json\/wp\/v2\/media?parent=7640"}],"wp:term":[{"taxonomy":"product_brand","embeddable":true,"href":"https:\/\/unalomesilverdesign.com\/fr\/wp-json\/wp\/v2\/product_brand?post=7640"},{"taxonomy":"product_cat","embeddable":true,"href":"https:\/\/unalomesilverdesign.com\/fr\/wp-json\/wp\/v2\/product_cat?post=7640"},{"taxonomy":"product_tag","embeddable":true,"href":"https:\/\/unalomesilverdesign.com\/fr\/wp-json\/wp\/v2\/product_tag?post=7640"}],"curies":[{"name":"wp","href":"https:\/\/api.w.org\/{rel}","templated":true}]}}