{"id":7333,"date":"2023-07-15T11:59:04","date_gmt":"2023-07-15T04:59:04","guid":{"rendered":"https:\/\/unalomesilverdesign.com\/?post_type=product&#038;p=7333"},"modified":"2025-02-09T14:48:46","modified_gmt":"2025-02-09T07:48:46","slug":"black-spinel-silver-ring-ii","status":"publish","type":"product","link":"https:\/\/unalomesilverdesign.com\/fr\/shop\/black-spinel-silver-ring-ii\/","title":{"rendered":"Bague Spinelle noire &#038; Argent II"},"content":{"rendered":"<h2>Bague artisanale Spinelle noire &#038; fils d&rsquo;argent taille 57<\/h2>\n<p>Cette bague artisanale est compos\u00e9e de fils d&rsquo;argent sertissant une Spinelle noire facett\u00e9e de 8mm.<br \/>\nC&rsquo; est une taille 57 (US: 8 , UK: P, \u2300 int\u00e9rieur 18 mm). Elle a \u00e9t\u00e9 patin\u00e9e afin de lui donner plus de profondeur.<\/p>\n<p>Elle est accompagn\u00e9e d&rsquo; un tissu de polissage pour argent afin de vous aider \u00e0 la garder propre et brillante.<\/p>\n<p>Chaque bague est livr\u00e9e dans une \u00e9l\u00e9gante bo\u00eete noire, pr\u00eate \u00e0 \u00eatre offerte. Nous envoyons chaque commande dans un colis rigide par Thaipost avec num\u00e9ro de suivi.<\/p>\n<p>N&rsquo;h\u00e9sitez pas \u00e0 nous contacter si vous avez des questions. Merci d&rsquo;avoir pris le temps de visiter notre boutique !<\/p>\n","protected":false},"excerpt":{"rendered":"<ul class=\"mb-xs-2 overview-bullets text-body\">\n<li>Artisanal<\/li>\n<li>Mat\u00e9riau: Argent<\/li>\n<li>Pierre: Spinelle noire<\/li>\n<li>Taille de la bague : FR : 57, US : 8, \u2300 int\u00e9rieur 18 mm<\/li>\n<li>Tissu de polissage pour argent offert<\/li>\n<li>Message cadeau possible<\/li>\n<\/ul>\n","protected":false},"featured_media":7574,"comment_status":"open","ping_status":"closed","template":"","meta":{"inline_featured_image":false,"_exactmetrics_skip_tracking":false,"_exactmetrics_sitenote_active":false,"_exactmetrics_sitenote_note":"","_exactmetrics_sitenote_category":0,"_vp_format_video_url":"","_vp_image_focal_point":[]},"product_brand":[],"product_cat":[156],"product_tag":[532,514],"class_list":{"0":"post-7333","1":"product","2":"type-product","3":"status-publish","4":"has-post-thumbnail","6":"product_cat-rings","7":"product_tag-black-spinel","8":"product_tag-high-end","10":"first","11":"outofstock","12":"sold-individually","13":"shipping-taxable","14":"purchasable","15":"product-type-simple","16":"add-to-wishlist-after_add_to_cart"},"yoast_head":"<!-- This site is optimized with the Yoast SEO plugin v26.5 - https:\/\/yoast.com\/wordpress\/plugins\/seo\/ -->\n<title>Bague Spinelle noire &amp; Argent II<\/title>\n<meta name=\"description\" content=\"Cette bague artisanale est compos\u00e9e de fils d&#039;argent sertissant une Spinelle noire facett\u00e9e de 8mm .C&#039; est une taille 57 (US: 8, \u2300 int\u00e9rieur 18 mm).\" \/>\n<meta name=\"robots\" content=\"index, follow, max-snippet:-1, max-image-preview:large, max-video-preview:-1\" \/>\n<link rel=\"canonical\" href=\"https:\/\/unalomesilverdesign.com\/fr\/shop\/black-spinel-silver-ring-ii\/\" \/>\n<meta property=\"og:locale\" content=\"fr_FR\" \/>\n<meta property=\"og:locale:alternate\" content=\"en_GB\" \/>\n<meta property=\"og:locale:alternate\" content=\"th_TH\" \/>\n<meta property=\"og:type\" content=\"article\" \/>\n<meta property=\"og:title\" content=\"Bague Spinelle noire &amp; Argent II\" \/>\n<meta property=\"og:description\" content=\"This beautiful ring features a 8mm faceted Black Spinel wrapped in sterling silver wire. It is a US size 8 1\/2 (UK: Q, FR: 58, inner \u2300 20 mm).\" \/>\n<meta property=\"og:url\" content=\"https:\/\/unalomesilverdesign.com\/fr\/shop\/black-spinel-silver-ring-ii\/\" \/>\n<meta property=\"og:site_name\" content=\"Unalome Silver Design\" \/>\n<meta property=\"article:publisher\" content=\"https:\/\/www.facebook.com\/UnalomeSilverDesign\/\" \/>\n<meta property=\"article:modified_time\" content=\"2025-02-09T07:48:46+00:00\" \/>\n<meta property=\"og:image\" content=\"https:\/\/mlvd6rox4fnu.i.optimole.com\/cb:SVPs.39fe9\/w:auto\/h:auto\/q:mauto\/g:sm\/f:best\/https:\/\/unalomesilverdesign.com\/wp-content\/uploads\/2023\/07\/Black-Spinel-Silver-Ring-II.jpg\" \/>\n\t<meta property=\"og:image:width\" content=\"1440\" \/>\n\t<meta property=\"og:image:height\" content=\"1920\" \/>\n\t<meta property=\"og:image:type\" content=\"image\/jpeg\" \/>\n<meta name=\"twitter:card\" content=\"summary_large_image\" \/>\n<meta name=\"twitter:label1\" content=\"Dur\u00e9e de lecture estim\u00e9e\" \/>\n\t<meta name=\"twitter:data1\" content=\"1 minute\" \/>\n<script type=\"application\/ld+json\" class=\"yoast-schema-graph\">{\"@context\":\"https:\/\/schema.org\",\"@graph\":[{\"@type\":\"WebPage\",\"@id\":\"https:\/\/unalomesilverdesign.com\/shop\/black-spinel-silver-ring-ii\/\",\"url\":\"https:\/\/unalomesilverdesign.com\/shop\/black-spinel-silver-ring-ii\/\",\"name\":\"Bague Spinelle noire & Argent II\",\"isPartOf\":{\"@id\":\"https:\/\/unalomesilverdesign.com\/#website\"},\"primaryImageOfPage\":{\"@id\":\"https:\/\/unalomesilverdesign.com\/shop\/black-spinel-silver-ring-ii\/#primaryimage\"},\"image\":{\"@id\":\"https:\/\/unalomesilverdesign.com\/shop\/black-spinel-silver-ring-ii\/#primaryimage\"},\"thumbnailUrl\":\"https:\/\/mlvd6rox4fnu.i.optimole.com\/cb:SVPs.39fe9\/w:auto\/h:auto\/q:mauto\/g:sm\/f:best\/https:\/\/unalomesilverdesign.com\/wp-content\/uploads\/2023\/07\/Black-Spinel-Silver-Ring-II.jpg\",\"datePublished\":\"2023-07-15T04:59:04+00:00\",\"dateModified\":\"2025-02-09T07:48:46+00:00\",\"description\":\"This beautiful ring features a 8mm faceted Black Spinel wrapped in sterling silver wire. It is a US size 8 1\/2 (UK: Q, FR: 58, inner \u2300 20 mm).\",\"breadcrumb\":{\"@id\":\"https:\/\/unalomesilverdesign.com\/shop\/black-spinel-silver-ring-ii\/#breadcrumb\"},\"inLanguage\":\"fr-FR\",\"potentialAction\":[{\"@type\":\"ReadAction\",\"target\":[\"https:\/\/unalomesilverdesign.com\/shop\/black-spinel-silver-ring-ii\/\"]}]},{\"@type\":\"ImageObject\",\"inLanguage\":\"fr-FR\",\"@id\":\"https:\/\/unalomesilverdesign.com\/shop\/black-spinel-silver-ring-ii\/#primaryimage\",\"url\":\"https:\/\/mlvd6rox4fnu.i.optimole.com\/cb:SVPs.39fe9\/w:auto\/h:auto\/q:mauto\/g:sm\/f:best\/https:\/\/unalomesilverdesign.com\/wp-content\/uploads\/2023\/07\/Black-Spinel-Silver-Ring-II.jpg\",\"contentUrl\":\"https:\/\/mlvd6rox4fnu.i.optimole.com\/cb:SVPs.39fe9\/w:auto\/h:auto\/q:mauto\/g:sm\/f:best\/https:\/\/unalomesilverdesign.com\/wp-content\/uploads\/2023\/07\/Black-Spinel-Silver-Ring-II.jpg\",\"width\":1440,\"height\":1920,\"caption\":\"Black Spinel & Silver Ring\"},{\"@type\":\"BreadcrumbList\",\"@id\":\"https:\/\/unalomesilverdesign.com\/shop\/black-spinel-silver-ring-ii\/#breadcrumb\",\"itemListElement\":[{\"@type\":\"ListItem\",\"position\":1,\"name\":\"Home\",\"item\":\"https:\/\/unalomesilverdesign.com\/th\/\"},{\"@type\":\"ListItem\",\"position\":2,\"name\":\"The Shop\",\"item\":\"https:\/\/unalomesilverdesign.com\/shop\/\"},{\"@type\":\"ListItem\",\"position\":3,\"name\":\"Black Spinel &#038; Silver Ring II\"}]},{\"@type\":\"WebSite\",\"@id\":\"https:\/\/unalomesilverdesign.com\/#website\",\"url\":\"https:\/\/unalomesilverdesign.com\/\",\"name\":\"Unalome Silver Design\",\"description\":\"Silver Handmade Jewelry\",\"publisher\":{\"@id\":\"https:\/\/unalomesilverdesign.com\/#organization\"},\"potentialAction\":[{\"@type\":\"SearchAction\",\"target\":{\"@type\":\"EntryPoint\",\"urlTemplate\":\"https:\/\/unalomesilverdesign.com\/?s={search_term_string}\"},\"query-input\":{\"@type\":\"PropertyValueSpecification\",\"valueRequired\":true,\"valueName\":\"search_term_string\"}}],\"inLanguage\":\"fr-FR\"},{\"@type\":\"Organization\",\"@id\":\"https:\/\/unalomesilverdesign.com\/#organization\",\"name\":\"Unalome Silver Design\",\"url\":\"https:\/\/unalomesilverdesign.com\/\",\"logo\":{\"@type\":\"ImageObject\",\"inLanguage\":\"fr-FR\",\"@id\":\"https:\/\/unalomesilverdesign.com\/#\/schema\/logo\/image\/\",\"url\":\"https:\/\/mlvd6rox4fnu.i.optimole.com\/cb:RW0d.39f8a\/w:1600\/h:800\/q:mauto\/f:best\/https:\/\/unalomesilverdesign.com\/wp-content\/uploads\/2025\/05\/Unalome-Silver-Design-Logo-Site-SEO.jpg\",\"contentUrl\":\"https:\/\/mlvd6rox4fnu.i.optimole.com\/cb:RW0d.39f8a\/w:1600\/h:800\/q:mauto\/f:best\/https:\/\/unalomesilverdesign.com\/wp-content\/uploads\/2025\/05\/Unalome-Silver-Design-Logo-Site-SEO.jpg\",\"width\":1600,\"height\":800,\"caption\":\"Unalome Silver Design\"},\"image\":{\"@id\":\"https:\/\/unalomesilverdesign.com\/#\/schema\/logo\/image\/\"},\"sameAs\":[\"https:\/\/www.facebook.com\/UnalomeSilverDesign\/\"]}]}<\/script>\n<!-- \/ Yoast SEO plugin. -->","yoast_head_json":{"title":"Bague Spinelle noire & Argent II","description":"Cette bague artisanale est compos\u00e9e de fils d'argent sertissant une Spinelle noire facett\u00e9e de 8mm .C' est une taille 57 (US: 8, \u2300 int\u00e9rieur 18 mm).","robots":{"index":"index","follow":"follow","max-snippet":"max-snippet:-1","max-image-preview":"max-image-preview:large","max-video-preview":"max-video-preview:-1"},"canonical":"https:\/\/unalomesilverdesign.com\/fr\/shop\/black-spinel-silver-ring-ii\/","og_locale":"fr_FR","og_type":"article","og_title":"[:en]Black Spinel & Silver Ring II[:fr]Bague Spinelle noire & Argent II[:th]\u0e08\u0e31\u0e01\u0e23\u0e27\u0e32\u0e25.\u0e52 (\u0e41\u0e2b\u0e27\u0e19-\u0e19\u0e34\u0e25) \u0e02\u0e36\u0e49\u0e19\u0e40\u0e23\u0e37\u0e2d\u0e19\u0e14\u0e49\u0e27\u0e22\u0e40\u0e07\u0e34\u0e19\u0e41\u0e17\u0e49[:] - Unalome Silver Design","og_description":"This beautiful ring features a 8mm faceted Black Spinel wrapped in sterling silver wire. It is a US size 8 1\/2 (UK: Q, FR: 58, inner \u2300 20 mm).","og_url":"https:\/\/unalomesilverdesign.com\/fr\/shop\/black-spinel-silver-ring-ii\/","og_site_name":"Unalome Silver Design","article_publisher":"https:\/\/www.facebook.com\/UnalomeSilverDesign\/","article_modified_time":"2025-02-09T07:48:46+00:00","og_image":[{"width":1440,"height":1920,"url":"https:\/\/mlvd6rox4fnu.i.optimole.com\/cb:SVPs.39fe9\/w:auto\/h:auto\/q:mauto\/g:sm\/f:best\/https:\/\/unalomesilverdesign.com\/wp-content\/uploads\/2023\/07\/Black-Spinel-Silver-Ring-II.jpg","type":"image\/jpeg"}],"twitter_card":"summary_large_image","twitter_misc":{"Dur\u00e9e de lecture estim\u00e9e":"1 minute"},"schema":{"@context":"https:\/\/schema.org","@graph":[{"@type":"WebPage","@id":"https:\/\/unalomesilverdesign.com\/shop\/black-spinel-silver-ring-ii\/","url":"https:\/\/unalomesilverdesign.com\/shop\/black-spinel-silver-ring-ii\/","name":"Bague Spinelle noire & Argent II","isPartOf":{"@id":"https:\/\/unalomesilverdesign.com\/#website"},"primaryImageOfPage":{"@id":"https:\/\/unalomesilverdesign.com\/shop\/black-spinel-silver-ring-ii\/#primaryimage"},"image":{"@id":"https:\/\/unalomesilverdesign.com\/shop\/black-spinel-silver-ring-ii\/#primaryimage"},"thumbnailUrl":"https:\/\/mlvd6rox4fnu.i.optimole.com\/cb:SVPs.39fe9\/w:auto\/h:auto\/q:mauto\/g:sm\/f:best\/https:\/\/unalomesilverdesign.com\/wp-content\/uploads\/2023\/07\/Black-Spinel-Silver-Ring-II.jpg","datePublished":"2023-07-15T04:59:04+00:00","dateModified":"2025-02-09T07:48:46+00:00","description":"This beautiful ring features a 8mm faceted Black Spinel wrapped in sterling silver wire. It is a US size 8 1\/2 (UK: Q, FR: 58, inner \u2300 20 mm).","breadcrumb":{"@id":"https:\/\/unalomesilverdesign.com\/shop\/black-spinel-silver-ring-ii\/#breadcrumb"},"inLanguage":"fr-FR","potentialAction":[{"@type":"ReadAction","target":["https:\/\/unalomesilverdesign.com\/shop\/black-spinel-silver-ring-ii\/"]}]},{"@type":"ImageObject","inLanguage":"fr-FR","@id":"https:\/\/unalomesilverdesign.com\/shop\/black-spinel-silver-ring-ii\/#primaryimage","url":"https:\/\/mlvd6rox4fnu.i.optimole.com\/cb:SVPs.39fe9\/w:auto\/h:auto\/q:mauto\/g:sm\/f:best\/https:\/\/unalomesilverdesign.com\/wp-content\/uploads\/2023\/07\/Black-Spinel-Silver-Ring-II.jpg","contentUrl":"https:\/\/mlvd6rox4fnu.i.optimole.com\/cb:SVPs.39fe9\/w:auto\/h:auto\/q:mauto\/g:sm\/f:best\/https:\/\/unalomesilverdesign.com\/wp-content\/uploads\/2023\/07\/Black-Spinel-Silver-Ring-II.jpg","width":1440,"height":1920,"caption":"Black Spinel & Silver Ring"},{"@type":"BreadcrumbList","@id":"https:\/\/unalomesilverdesign.com\/shop\/black-spinel-silver-ring-ii\/#breadcrumb","itemListElement":[{"@type":"ListItem","position":1,"name":"Home","item":"https:\/\/unalomesilverdesign.com\/th\/"},{"@type":"ListItem","position":2,"name":"The Shop","item":"https:\/\/unalomesilverdesign.com\/shop\/"},{"@type":"ListItem","position":3,"name":"Black Spinel &#038; Silver Ring II"}]},{"@type":"WebSite","@id":"https:\/\/unalomesilverdesign.com\/#website","url":"https:\/\/unalomesilverdesign.com\/","name":"Unalome Silver Design","description":"Silver Handmade Jewelry","publisher":{"@id":"https:\/\/unalomesilverdesign.com\/#organization"},"potentialAction":[{"@type":"SearchAction","target":{"@type":"EntryPoint","urlTemplate":"https:\/\/unalomesilverdesign.com\/?s={search_term_string}"},"query-input":{"@type":"PropertyValueSpecification","valueRequired":true,"valueName":"search_term_string"}}],"inLanguage":"fr-FR"},{"@type":"Organization","@id":"https:\/\/unalomesilverdesign.com\/#organization","name":"Unalome Silver Design","url":"https:\/\/unalomesilverdesign.com\/","logo":{"@type":"ImageObject","inLanguage":"fr-FR","@id":"https:\/\/unalomesilverdesign.com\/#\/schema\/logo\/image\/","url":"https:\/\/mlvd6rox4fnu.i.optimole.com\/cb:RW0d.39f8a\/w:1600\/h:800\/q:mauto\/f:best\/https:\/\/unalomesilverdesign.com\/wp-content\/uploads\/2025\/05\/Unalome-Silver-Design-Logo-Site-SEO.jpg","contentUrl":"https:\/\/mlvd6rox4fnu.i.optimole.com\/cb:RW0d.39f8a\/w:1600\/h:800\/q:mauto\/f:best\/https:\/\/unalomesilverdesign.com\/wp-content\/uploads\/2025\/05\/Unalome-Silver-Design-Logo-Site-SEO.jpg","width":1600,"height":800,"caption":"Unalome Silver Design"},"image":{"@id":"https:\/\/unalomesilverdesign.com\/#\/schema\/logo\/image\/"},"sameAs":["https:\/\/www.facebook.com\/UnalomeSilverDesign\/"]}]}},"_links":{"self":[{"href":"https:\/\/unalomesilverdesign.com\/fr\/wp-json\/wp\/v2\/product\/7333","targetHints":{"allow":["GET"]}}],"collection":[{"href":"https:\/\/unalomesilverdesign.com\/fr\/wp-json\/wp\/v2\/product"}],"about":[{"href":"https:\/\/unalomesilverdesign.com\/fr\/wp-json\/wp\/v2\/types\/product"}],"replies":[{"embeddable":true,"href":"https:\/\/unalomesilverdesign.com\/fr\/wp-json\/wp\/v2\/comments?post=7333"}],"wp:featuredmedia":[{"embeddable":true,"href":"https:\/\/unalomesilverdesign.com\/fr\/wp-json\/wp\/v2\/media\/7574"}],"wp:attachment":[{"href":"https:\/\/unalomesilverdesign.com\/fr\/wp-json\/wp\/v2\/media?parent=7333"}],"wp:term":[{"taxonomy":"product_brand","embeddable":true,"href":"https:\/\/unalomesilverdesign.com\/fr\/wp-json\/wp\/v2\/product_brand?post=7333"},{"taxonomy":"product_cat","embeddable":true,"href":"https:\/\/unalomesilverdesign.com\/fr\/wp-json\/wp\/v2\/product_cat?post=7333"},{"taxonomy":"product_tag","embeddable":true,"href":"https:\/\/unalomesilverdesign.com\/fr\/wp-json\/wp\/v2\/product_tag?post=7333"}],"curies":[{"name":"wp","href":"https:\/\/api.w.org\/{rel}","templated":true}]}}