{"id":433,"date":"2017-01-10T14:44:03","date_gmt":"2017-01-10T14:44:03","guid":{"rendered":"http:\/\/import.getbowtied.com\/shopkeeper-replica\/?page_id=433"},"modified":"2025-05-30T09:44:02","modified_gmt":"2025-05-30T02:44:02","slug":"faqs","status":"publish","type":"page","link":"https:\/\/unalomesilverdesign.com\/fr\/faqs\/","title":{"rendered":"F.A.Q.s"},"content":{"rendered":"<div class=\"wpb-content-wrapper\"><p>[vc_row css=\u00a0\u00bb.vc_custom_1748570758145{padding-top: 50px !important;}\u00a0\u00bb][vc_column][vc_column_text css=\u00a0\u00bb\u00a0\u00bb]<\/p>\n<h2><span style=\"font-size: 18pt;\"><strong>Envoi<\/strong><\/span><\/h2>\n<p>[\/vc_column_text][\/vc_column][\/vc_row][vc_row][vc_column width=\u00a0\u00bb1\/2&Prime;][vc_column_text css=\u00a0\u00bb\u00a0\u00bb]<\/p>\n<h4><span style=\"font-size: 14pt;\">Envoyez vous \u00e0 l&rsquo;international?<strong><br \/>\n<\/strong><\/span><\/h4>\n<p><span style=\"font-size: 14pt;\">Oui, nous pouvons envoyer votre commande n&rsquo;importe o\u00f9 vous le desirez. Les frais d&rsquo;envois Internationaux sont de 350\u0e3f (<span class=\"ILfuVd\"><span class=\"e24Kjd\">\u22439.20\u20ac) <\/span><\/span>pour un seul article plus 100\u0e3f (<span class=\"ILfuVd\"><span class=\"e24Kjd\">\u22432.60\u20ac) pour chaque article additionnel<\/span><\/span>.<\/span>[\/vc_column_text][vc_column_text css=\u00a0\u00bb\u00a0\u00bb]<\/p>\n<h4><span style=\"font-size: 14pt;\">Quelle est la m\u00e9thode d&rsquo;envoi?<strong><br \/>\n<\/strong><\/span><\/h4>\n<p><span style=\"font-size: 14pt;\">Nous envoyons chaque commande par Thaipost airmail avec num\u00e9ro de suivi.<\/span><span style=\"color: #808080;\"><br \/>\n<\/span>[\/vc_column_text][vc_column_text css=\u00a0\u00bb\u00a0\u00bb]<\/p>\n<h4><span style=\"font-size: 14pt;\">Combien de temps devrais-je attendre pour recevoir ma commande?<\/span><\/h4>\n<p><span style=\"font-size: 14pt;\">Nous envoyons, sauf inconv\u00e9niant, les commandes sous 2-3 jours ouvrables. La r\u00e9ception se fait en g\u00e9n\u00e9ral dans les 15\/20 jours apr\u00e8s envoi pour l\u2019Europe et l\u2019Am\u00e9rique du Nord.<\/span><\/p>\n<p><span style=\"font-size: 14pt;\">IMPORTANT : Depuis Juillet 2021, tous les colis entrant en Union Europ\u00e9enne (U.E) depuis l&rsquo;\u00e9tranger sont assujettis \u00e0 la TVA et le destinataire pourra recevoir une lettre lui demandant de s&rsquo;acquitter de la taxe douani\u00e8re.<\/span>[\/vc_column_text][\/vc_column][vc_column width=\u00a0\u00bb1\/2&Prime;][vc_column_text css=\u00a0\u00bb\u00a0\u00bb]<\/p>\n<h4><span style=\"font-size: 14pt;\">Mon bijou est il bien prot\u00e9g\u00e9 durant l\u2019envoi?<\/span><\/h4>\n<p><span style=\"font-size: 14pt;\">Oui. Nous envoyons chaque commande dans un colis rigide afin qu\u2019il vous arrive en parfaite condition.<\/span>[\/vc_column_text][vc_column_text css=\u00a0\u00bb\u00a0\u00bb]<\/p>\n<h4><span style=\"font-size: 14pt;\">Puis-je envoyer ma commande \u00e0 quelqu\u2019un d\u2019autre en cadeau?<\/span><\/h4>\n<p><span style=\"font-size: 14pt;\">Oui. Vous pouvez choisir l\u2019addresse d\u2019envoi et nous laisser un mot sur la page du r\u00e8glement. Nous enverrons votre message sur une jolie carte faite par Bulan.<\/span><\/p>\n<p><span style=\"font-size: 14pt;\">IMPORTANT : Depuis Juillet 2021, tous les colis entrant en Union Europ\u00e9enne (U.E) depuis l&rsquo;\u00e9tranger sont assujettis \u00e0 la TVA et le destinataire peut recevoir une lettre lui demandant de s&rsquo;acquitter de la taxe douani\u00e8re.<\/span>[\/vc_column_text][vc_column_text css=\u00a0\u00bb\u00a0\u00bb]<\/p>\n<h4><span style=\"font-size: 14pt;\">Comment suivre ma commande?<\/span><\/h4>\n<p><span style=\"font-size: 14pt;\">Apr\u00e8s avoir post\u00e9 votre colis, nous envoyons un e-mail de confirmation. Il contient un num\u00e9ro de \u201ctracking\u201d que vous pouvez suivre ici : <a href=\"http:\/\/track.thailandpost.co.th\/tracking\/default.aspx?lang=en\">Thaipost<\/a> ou sur la plupart des sites web de suivi de colis. Pour plus de s\u00e9curit\u00e9, vous pouvez optionellement nous laisser sur la page de r\u00e8glement un num\u00e9ro de t\u00e9l\u00e9phone \u00e0 rajouter sur le colis.<\/span>[\/vc_column_text][\/vc_column][\/vc_row][vc_row type=\u00a0\u00bbboxed\u00a0\u00bb background_style=\u00a0\u00bbnormal\u00a0\u00bb css=\u00a0\u00bb.vc_custom_1748569809885{padding-top: 30px !important;padding-bottom: 30px !important;}\u00a0\u00bb][vc_column][vc_separator color=\u00a0\u00bbwhite\u00a0\u00bb el_width=\u00a0\u00bb70&Prime;][\/vc_column][\/vc_row][vc_row][vc_column][vc_column_text css=\u00a0\u00bb\u00a0\u00bb]<\/p>\n<h2><span style=\"font-size: 18pt;\"><strong>Informations sur les Paiements<\/strong><\/span><span style=\"color: #993300;\"><br \/>\n<\/span><\/h2>\n<p>[\/vc_column_text][\/vc_column][\/vc_row][vc_row][vc_column width=\u00a0\u00bb1\/2&Prime;][vc_column_text css=\u00a0\u00bb\u00a0\u00bb]<\/p>\n<h4><span style=\"font-size: 14pt;\">Quelles m\u00e9thodes de paiements sont accept\u00e9es?<\/span><\/h4>\n<p><span style=\"font-size: 14pt;\">Nous acceptons les paiements par Carte ainsi que les transferts banquaires. Les r\u00e9glements par Carte sont s\u00e9curis\u00e9s par Stripe Payments et sont soumis \u00e0 une commission de 3 %.<\/span><span style=\"color: #808080;\"><br \/>\n<\/span>[\/vc_column_text][\/vc_column][vc_column width=\u00a0\u00bb1\/2&Prime;][vc_column_text css=\u00a0\u00bb\u00a0\u00bb]<\/p>\n<h4><span style=\"font-size: 14pt;\">Puis je r\u00e9gler dans ma devise?<\/span><\/h4>\n<p><span style=\"font-size: 14pt;\">Nous acceptons les r\u00e8glements en diff\u00e9rentes devises que vous pouvez s\u00e9lectionner sur les pages boutique\/article: Thai \u0e3f, US $, Euro \u20ac, etc&#8230; Le taux de change est \u00e9tabli par Stripe Payments.<\/span><span style=\"color: #808080;\"><br \/>\n<\/span>[\/vc_column_text][\/vc_column][\/vc_row][vc_row type=\u00a0\u00bbboxed\u00a0\u00bb background_style=\u00a0\u00bbnormal\u00a0\u00bb css=\u00a0\u00bb.vc_custom_1748570276566{padding-top: 30px !important;padding-bottom: 30px !important;}\u00a0\u00bb][vc_column][vc_separator color=\u00a0\u00bbwhite\u00a0\u00bb el_width=\u00a0\u00bb70&Prime;][\/vc_column][\/vc_row][vc_row][vc_column][vc_column_text css=\u00a0\u00bb\u00a0\u00bb]<\/p>\n<h2><strong><span style=\"font-size: 18pt;\">Commandes et Retours<\/span><\/strong><\/h2>\n<p>[\/vc_column_text][\/vc_column][\/vc_row][vc_row][vc_column width=\u00a0\u00bb1\/2&Prime;][vc_column_text css=\u00a0\u00bb\u00a0\u00bb]<\/p>\n<h4><span style=\"font-size: 14pt;\">Comment placer ma commande?<\/span><\/h4>\n<p><span style=\"font-size: 14pt;\">Vous pouvez placer votre commande en ajoutant les articles dans votre Panier puis en proc\u00e9dant au r\u00e8glement, en remplissant le formulaire et en s\u00e9lectionnant votre m\u00e9thode de paiement.<\/span><span style=\"color: #808080;\"><br \/>\n<\/span>[\/vc_column_text][vc_column_text css=\u00a0\u00bb\u00a0\u00bb]<\/p>\n<h4><span style=\"font-size: 14pt;\">Dois je cr\u00e9er un compte pour passer ma commande?<\/span><\/h4>\n<p><span style=\"font-size: 14pt;\">Non, vous pouvez placer une commande sans avoir un compte sur notre site web. Sur la page de r\u00e8glement, il vous sera demand\u00e9 si vous d\u00e9sirez en cr\u00e9er un, ce qui est optionnel.<\/span><span style=\"color: #808080;\"><br \/>\n<\/span>[\/vc_column_text][vc_column_text css=\u00a0\u00bb\u00a0\u00bb]<\/p>\n<h4><span style=\"font-size: 14pt;\">Les bijoux sont ils livr\u00e9s dans une bo\u00eete cadeau?<\/span><\/h4>\n<p><span style=\"font-size: 14pt;\">Oui. Chaque bijou est livr\u00e9 \u00e0 l\u2019int\u00e9rieur d\u2019une jolie bo\u00eete cadeau, pr\u00eat \u00e0 \u00eatre offert.<\/span>[\/vc_column_text][vc_column_text css=\u00a0\u00bb\u00a0\u00bb]<\/p>\n<h4><span style=\"font-size: 14pt;\">Les pendentifs sont ils livr\u00e9s avec un collier?<\/span><\/h4>\n<p><span style=\"font-size: 14pt;\">Oui. De fait, chaque pendentif est livr\u00e9 mont\u00e9 sur un collier en corde de nylon noir \u23002.5mm.<\/span>[\/vc_column_text][\/vc_column][vc_column width=\u00a0\u00bb1\/2&Prime;][vc_column_text css=\u00a0\u00bb\u00a0\u00bb]<\/p>\n<h4><span style=\"font-size: 14pt;\">Puis je retourner un article?<\/span><\/h4>\n<p><span style=\"font-size: 14pt;\">En cas d&rsquo;article abim\u00e9, veuillez nous contacter dans les 7 jours suivant la r\u00e9ception avec photos.<\/span><\/p>\n<p><span style=\"font-size: 14pt;\">Si vous n\u2019 \u00eates pas totalement satisfaits avec votre bijou et souhaitez le retourner ou l\u2019\u00e9changer, veuillez nous contacter dans les 7 jours suivant la r\u00e9ception.<\/span><br \/>\n<span style=\"font-size: 14pt;\">Le bijou ne doit pas avoir \u00e9t\u00e9 port\u00e9 et \u00eatre renvoy\u00e9 dans sa condition originelle.<\/span><br \/>\n<span style=\"font-size: 14pt;\">Le remboursement sera effectu\u00e9 apr\u00e8s r\u00e9ception et inspection du produit.<\/span><br \/>\n<span style=\"font-size: 14pt;\">L\u2019acheteur est responsable des frais d\u2019envoi retour. Les frais d\u2019envoi d\u2019origine ne sont pas remboursables.<\/span>[\/vc_column_text][vc_column_text css=\u00a0\u00bb\u00a0\u00bb]<\/p>\n<h4><span style=\"font-size: 14pt;\">Puis-je retourner un cadeau?<\/span><\/h4>\n<p><span style=\"font-size: 14pt;\">Les bijoux recus en tant que cadeau sont \u00e9changeables contre un autre bijou de valeur \u00e9gale ou sup\u00e9rieure. Veuillez vous assurer que le bijou est retourn\u00e9 dans de bonnes conditions sous 7 jours ouvrables suivant la date de r\u00e9ception de votre commande. L\u2019acheteur est responsable des frais d\u2019envoi retour. Les frais d\u2019envoi d\u2019origine ne sont pas remboursables.<\/span>[\/vc_column_text][vc_column_text css=\u00a0\u00bb\u00a0\u00bb]<\/p>\n<h4><span style=\"font-size: 14pt;\">Qui dois je contacter si j&rsquo;ai une requ\u00eate?<\/span><\/h4>\n<p><span style=\"font-size: 14pt;\">Vous pouvez nous contacter \u00e0 n&rsquo;importe quel moment par e-mail ou par <a href=\"https:\/\/www.facebook.com\/UnalomeSilverDesign\/\">Facebook<\/a> et <a href=\"https:\/\/www.instagram.com\/unalomesilverdesign\/\">Instagram<\/a>.<\/span><span style=\"color: #808080;\"><br \/>\n<\/span>[\/vc_column_text][\/vc_column][\/vc_row][vc_row type=\u00a0\u00bbboxed\u00a0\u00bb background_style=\u00a0\u00bbnormal\u00a0\u00bb css=\u00a0\u00bb.vc_custom_1571046083278{padding-top: 10px !important;padding-bottom: 0px !important;}\u00a0\u00bb][vc_column][vc_separator color=\u00a0\u00bbwhite\u00a0\u00bb el_width=\u00a0\u00bb70&Prime;][\/vc_column][\/vc_row][vc_row][vc_column][vc_column_text]<\/p>\n<h3 style=\"text-align: center;\">S&rsquo;il vous reste encore la moindre question, envoyez nous un <a href=\"https:\/\/unalomesilverdesign.com\/fr\/contact-us\/\">message<\/a> et nous vous r\u00e9pondrons aussi vite que possible.<\/h3>\n<p>[\/vc_column_text][\/vc_column][\/vc_row]<\/p>\n<\/div>","protected":false},"excerpt":{"rendered":"<p>[vc_row css=\u00a0\u00bb.vc_custom_1748570758145{padding-top: 50px !important;}\u00a0\u00bb][vc_column][vc_column_text css=\u00a0\u00bb\u00a0\u00bb] Envoi [\/vc_column_text][\/vc_column][\/vc_row][vc_row][vc_column width=\u00a0\u00bb1\/2&Prime;][vc_column_text css=\u00a0\u00bb\u00a0\u00bb] Envoyez vous \u00e0 l&rsquo;international? Oui, nous pouvons envoyer votre commande n&rsquo;importe o\u00f9 vous le desirez. Les frais d&rsquo;envois Internationaux sont de 350\u0e3f (\u22439.20\u20ac) pour un seul article plus 100\u0e3f (\u22432.60\u20ac) pour chaque article additionnel.[\/vc_column_text][vc_column_text css=\u00a0\u00bb\u00a0\u00bb] Quelle est la m\u00e9thode d&rsquo;envoi? Nous envoyons chaque commande par Thaipost [&hellip;]<\/p>\n","protected":false},"author":1,"featured_media":0,"parent":0,"menu_order":0,"comment_status":"closed","ping_status":"closed","template":"","meta":{"inline_featured_image":false,"_exactmetrics_skip_tracking":false,"_exactmetrics_sitenote_active":false,"_exactmetrics_sitenote_note":"","_exactmetrics_sitenote_category":0,"_vp_format_video_url":"","_vp_image_focal_point":[],"footnotes":""},"class_list":["post-433","page","type-page","status-publish","hentry"],"yoast_head":"<!-- This site is optimized with the Yoast SEO plugin v26.5 - https:\/\/yoast.com\/wordpress\/plugins\/seo\/ -->\n<title>F.A.Q.s<\/title>\n<meta name=\"description\" content=\"Une page de F.A.Q.s sur nos modalites concernant l&#039;envoi, les modes de paiments, les commandes et les retours.\" \/>\n<meta name=\"robots\" content=\"index, follow, max-snippet:-1, max-image-preview:large, max-video-preview:-1\" \/>\n<link rel=\"canonical\" href=\"https:\/\/unalomesilverdesign.com\/fr\/faqs\/\" \/>\n<meta property=\"og:locale\" content=\"fr_FR\" \/>\n<meta property=\"og:locale:alternate\" content=\"en_GB\" \/>\n<meta property=\"og:locale:alternate\" content=\"th_TH\" \/>\n<meta property=\"og:type\" content=\"article\" \/>\n<meta property=\"og:title\" content=\"F.A.Q.s\" \/>\n<meta property=\"og:description\" content=\"Une page de F.A.Q.s sur nos modalites concernant l&#039;envoi, les modes de paiments, les commandes et les retours.\" \/>\n<meta property=\"og:url\" content=\"https:\/\/unalomesilverdesign.com\/fr\/faqs\/\" \/>\n<meta property=\"og:site_name\" content=\"Unalome Silver Design\" \/>\n<meta property=\"article:publisher\" content=\"https:\/\/www.facebook.com\/UnalomeSilverDesign\/\" \/>\n<meta property=\"article:modified_time\" content=\"2025-05-30T02:44:02+00:00\" \/>\n<meta name=\"twitter:card\" content=\"summary_large_image\" \/>\n<meta name=\"twitter:label1\" content=\"Dur\u00e9e de lecture estim\u00e9e\" \/>\n\t<meta name=\"twitter:data1\" content=\"1 minute\" \/>\n<script type=\"application\/ld+json\" class=\"yoast-schema-graph\">{\"@context\":\"https:\/\/schema.org\",\"@graph\":[{\"@type\":\"WebPage\",\"@id\":\"https:\/\/unalomesilverdesign.com\/th\/faqs\/\",\"url\":\"https:\/\/unalomesilverdesign.com\/th\/faqs\/\",\"name\":\"F.A.Q.s\",\"isPartOf\":{\"@id\":\"https:\/\/unalomesilverdesign.com\/#website\"},\"datePublished\":\"2017-01-10T14:44:03+00:00\",\"dateModified\":\"2025-05-30T02:44:02+00:00\",\"description\":\"Une page de F.A.Q.s sur nos modalites concernant l'envoi, les modes de paiments, les commandes et les retours.\",\"breadcrumb\":{\"@id\":\"https:\/\/unalomesilverdesign.com\/th\/faqs\/#breadcrumb\"},\"inLanguage\":\"fr-FR\",\"potentialAction\":[{\"@type\":\"ReadAction\",\"target\":[\"https:\/\/unalomesilverdesign.com\/th\/faqs\/\"]}]},{\"@type\":\"BreadcrumbList\",\"@id\":\"https:\/\/unalomesilverdesign.com\/th\/faqs\/#breadcrumb\",\"itemListElement\":[{\"@type\":\"ListItem\",\"position\":1,\"name\":\"Home\",\"item\":\"https:\/\/unalomesilverdesign.com\/th\/\"},{\"@type\":\"ListItem\",\"position\":2,\"name\":\"\u0e04\u0e33\u0e16\u0e32\u0e21 \u0e41\u0e25\u0e30 \u0e02\u0e49\u0e2d\u0e2a\u0e07\u0e2a\u0e31\u0e22\"}]},{\"@type\":\"WebSite\",\"@id\":\"https:\/\/unalomesilverdesign.com\/#website\",\"url\":\"https:\/\/unalomesilverdesign.com\/\",\"name\":\"Unalome Silver Design\",\"description\":\"Silver Handmade Jewelry\",\"publisher\":{\"@id\":\"https:\/\/unalomesilverdesign.com\/#organization\"},\"potentialAction\":[{\"@type\":\"SearchAction\",\"target\":{\"@type\":\"EntryPoint\",\"urlTemplate\":\"https:\/\/unalomesilverdesign.com\/?s={search_term_string}\"},\"query-input\":{\"@type\":\"PropertyValueSpecification\",\"valueRequired\":true,\"valueName\":\"search_term_string\"}}],\"inLanguage\":\"fr-FR\"},{\"@type\":\"Organization\",\"@id\":\"https:\/\/unalomesilverdesign.com\/#organization\",\"name\":\"Unalome Silver Design\",\"url\":\"https:\/\/unalomesilverdesign.com\/\",\"logo\":{\"@type\":\"ImageObject\",\"inLanguage\":\"fr-FR\",\"@id\":\"https:\/\/unalomesilverdesign.com\/#\/schema\/logo\/image\/\",\"url\":\"https:\/\/mlvd6rox4fnu.i.optimole.com\/cb:RW0d.39f8a\/w:1600\/h:800\/q:mauto\/f:best\/https:\/\/unalomesilverdesign.com\/wp-content\/uploads\/2025\/05\/Unalome-Silver-Design-Logo-Site-SEO.jpg\",\"contentUrl\":\"https:\/\/mlvd6rox4fnu.i.optimole.com\/cb:RW0d.39f8a\/w:1600\/h:800\/q:mauto\/f:best\/https:\/\/unalomesilverdesign.com\/wp-content\/uploads\/2025\/05\/Unalome-Silver-Design-Logo-Site-SEO.jpg\",\"width\":1600,\"height\":800,\"caption\":\"Unalome Silver Design\"},\"image\":{\"@id\":\"https:\/\/unalomesilverdesign.com\/#\/schema\/logo\/image\/\"},\"sameAs\":[\"https:\/\/www.facebook.com\/UnalomeSilverDesign\/\"]}]}<\/script>\n<!-- \/ Yoast SEO plugin. -->","yoast_head_json":{"title":"F.A.Q.s","description":"Une page de F.A.Q.s sur nos modalites concernant l'envoi, les modes de paiments, les commandes et les retours.","robots":{"index":"index","follow":"follow","max-snippet":"max-snippet:-1","max-image-preview":"max-image-preview:large","max-video-preview":"max-video-preview:-1"},"canonical":"https:\/\/unalomesilverdesign.com\/fr\/faqs\/","og_locale":"fr_FR","og_type":"article","og_title":"[:en]F.A.Q.s[:fr]F.A.Q.s[:th]\u0e04\u0e33\u0e16\u0e32\u0e21 \u0e41\u0e25\u0e30 \u0e02\u0e49\u0e2d\u0e2a\u0e07\u0e2a\u0e31\u0e22[:] - Unalome Silver Design","og_description":"[:en]An F.A.Q.s page about our policies on shipping, payments, orders and returns[:fr]Une page de F.A.Q.s sur nos modalites concernant l'envoi, les modes de paiments, les commandes et les retours.[:]","og_url":"https:\/\/unalomesilverdesign.com\/fr\/faqs\/","og_site_name":"Unalome Silver Design","article_publisher":"https:\/\/www.facebook.com\/UnalomeSilverDesign\/","article_modified_time":"2025-05-30T02:44:02+00:00","twitter_card":"summary_large_image","twitter_misc":{"Dur\u00e9e de lecture estim\u00e9e":"1 minute"},"schema":{"@context":"https:\/\/schema.org","@graph":[{"@type":"WebPage","@id":"https:\/\/unalomesilverdesign.com\/th\/faqs\/","url":"https:\/\/unalomesilverdesign.com\/th\/faqs\/","name":"F.A.Q.s","isPartOf":{"@id":"https:\/\/unalomesilverdesign.com\/#website"},"datePublished":"2017-01-10T14:44:03+00:00","dateModified":"2025-05-30T02:44:02+00:00","description":"Une page de F.A.Q.s sur nos modalites concernant l'envoi, les modes de paiments, les commandes et les retours.","breadcrumb":{"@id":"https:\/\/unalomesilverdesign.com\/th\/faqs\/#breadcrumb"},"inLanguage":"fr-FR","potentialAction":[{"@type":"ReadAction","target":["https:\/\/unalomesilverdesign.com\/th\/faqs\/"]}]},{"@type":"BreadcrumbList","@id":"https:\/\/unalomesilverdesign.com\/th\/faqs\/#breadcrumb","itemListElement":[{"@type":"ListItem","position":1,"name":"Home","item":"https:\/\/unalomesilverdesign.com\/th\/"},{"@type":"ListItem","position":2,"name":"\u0e04\u0e33\u0e16\u0e32\u0e21 \u0e41\u0e25\u0e30 \u0e02\u0e49\u0e2d\u0e2a\u0e07\u0e2a\u0e31\u0e22"}]},{"@type":"WebSite","@id":"https:\/\/unalomesilverdesign.com\/#website","url":"https:\/\/unalomesilverdesign.com\/","name":"Unalome Silver Design","description":"Silver Handmade Jewelry","publisher":{"@id":"https:\/\/unalomesilverdesign.com\/#organization"},"potentialAction":[{"@type":"SearchAction","target":{"@type":"EntryPoint","urlTemplate":"https:\/\/unalomesilverdesign.com\/?s={search_term_string}"},"query-input":{"@type":"PropertyValueSpecification","valueRequired":true,"valueName":"search_term_string"}}],"inLanguage":"fr-FR"},{"@type":"Organization","@id":"https:\/\/unalomesilverdesign.com\/#organization","name":"Unalome Silver Design","url":"https:\/\/unalomesilverdesign.com\/","logo":{"@type":"ImageObject","inLanguage":"fr-FR","@id":"https:\/\/unalomesilverdesign.com\/#\/schema\/logo\/image\/","url":"https:\/\/mlvd6rox4fnu.i.optimole.com\/cb:RW0d.39f8a\/w:1600\/h:800\/q:mauto\/f:best\/https:\/\/unalomesilverdesign.com\/wp-content\/uploads\/2025\/05\/Unalome-Silver-Design-Logo-Site-SEO.jpg","contentUrl":"https:\/\/mlvd6rox4fnu.i.optimole.com\/cb:RW0d.39f8a\/w:1600\/h:800\/q:mauto\/f:best\/https:\/\/unalomesilverdesign.com\/wp-content\/uploads\/2025\/05\/Unalome-Silver-Design-Logo-Site-SEO.jpg","width":1600,"height":800,"caption":"Unalome Silver Design"},"image":{"@id":"https:\/\/unalomesilverdesign.com\/#\/schema\/logo\/image\/"},"sameAs":["https:\/\/www.facebook.com\/UnalomeSilverDesign\/"]}]}},"_links":{"self":[{"href":"https:\/\/unalomesilverdesign.com\/fr\/wp-json\/wp\/v2\/pages\/433","targetHints":{"allow":["GET"]}}],"collection":[{"href":"https:\/\/unalomesilverdesign.com\/fr\/wp-json\/wp\/v2\/pages"}],"about":[{"href":"https:\/\/unalomesilverdesign.com\/fr\/wp-json\/wp\/v2\/types\/page"}],"author":[{"embeddable":true,"href":"https:\/\/unalomesilverdesign.com\/fr\/wp-json\/wp\/v2\/users\/1"}],"replies":[{"embeddable":true,"href":"https:\/\/unalomesilverdesign.com\/fr\/wp-json\/wp\/v2\/comments?post=433"}],"version-history":[{"count":27,"href":"https:\/\/unalomesilverdesign.com\/fr\/wp-json\/wp\/v2\/pages\/433\/revisions"}],"predecessor-version":[{"id":8185,"href":"https:\/\/unalomesilverdesign.com\/fr\/wp-json\/wp\/v2\/pages\/433\/revisions\/8185"}],"wp:attachment":[{"href":"https:\/\/unalomesilverdesign.com\/fr\/wp-json\/wp\/v2\/media?parent=433"}],"curies":[{"name":"wp","href":"https:\/\/api.w.org\/{rel}","templated":true}]}}