{"id":4289,"date":"2019-07-17T18:02:55","date_gmt":"2019-07-17T17:02:55","guid":{"rendered":"https:\/\/unalomesilverdesign.com\/?page_id=4289"},"modified":"2025-05-30T10:43:55","modified_gmt":"2025-05-30T03:43:55","slug":"terms-conditions","status":"publish","type":"page","link":"https:\/\/unalomesilverdesign.com\/fr\/terms-conditions\/","title":{"rendered":"Termes &#038; conditions"},"content":{"rendered":"<div class=\"wpb-content-wrapper\"><p>[vc_row css=\u00a0\u00bb.vc_custom_1748575332024{padding-top: 50px !important;}\u00a0\u00bb][vc_column width=\u00a0\u00bb1\/2&Prime;][vc_column_text css=\u00a0\u00bb\u00a0\u00bb]<\/p>\r\n<h4><span style=\"font-size: 14pt;\"><strong>Prix :<\/strong><\/span><\/h4>\r\n<p><span style=\"font-size: 14pt;\"><!-- \/wp:post-content --><\/span><\/p>\r\n<p><span style=\"font-size: 14pt;\"><!-- wp:paragraph -->Les prix sont en US$, EU\u20ac ou TH\u0e3f . Choisissez votre devise pr\u00e9f\u00e9r\u00e9e dans la barre lat\u00e9rale et sur la page boutique<\/span><\/p>\r\n<p>[\/vc_column_text][\/vc_column][vc_column width=\u00a0\u00bb1\/2&Prime;][vc_column_text css=\u00a0\u00bb\u00a0\u00bb]<\/p>\r\n<h4><span style=\"font-size: 14pt;\"><strong>M\u00e9thodes de paiement :<\/strong><\/span><\/h4>\r\n<p><span style=\"font-size: 14pt;\"><!-- \/wp:paragraph --><\/span><\/p>\r\n<p><span style=\"font-size: 14pt;\"><!-- wp:paragraph -->Lors du r\u00e8glement, vous pouvez choisir entre transfert banquaire ou paiement par carte s\u00e9curis\u00e9 par Stripe Payments (avec une commission de 3%).<\/span><\/p>\r\n<p>[\/vc_column_text][\/vc_column][\/vc_row][vc_row][vc_column width=\u00a0\u00bb1\/2&Prime;][vc_column_text css=\u00a0\u00bb\u00a0\u00bb]<\/p>\r\n<h4><span style=\"font-size: 14pt;\"><strong>Envoi :<\/strong><\/span><\/h4>\r\n<!-- \/wp:paragraph -->\r\n<p><!-- wp:paragraph --><span style=\"font-size: 14pt;\">La plupart des commandes sont envoy\u00e9es sous 2-3 jours ouvrables apr\u00e8s r\u00e9ception du paiement sauf mention contraire dans la description du produit.<\/span><\/p>\r\n<p><span style=\"font-size: 14pt;\">Toutes les commandes sont envoy\u00e9es via Thaipost airmail avec suivi.<\/span><br \/><span style=\"font-size: 14pt;\">Le num\u00e9ro de tracking est inclu dans le mail de notification\/confirmation d&rsquo;envoi.<\/span><\/p>\r\n<p><span style=\"font-size: 14pt;\"><!-- \/wp:paragraph --><\/span><\/p>\r\n<p><span style=\"font-size: 14pt;\"><!-- wp:paragraph -->Le temps de livraison d\u00e9pend de la destination.<\/span><br \/><span style=\"font-size: 14pt;\">Pour l&rsquo;Europe et l&rsquo;Am\u00e9rique du nord, cela peut prendre entre 14 et 21 jours.<\/span><br \/><span style=\"font-size: 14pt;\">La dur\u00e9e peut varier en p\u00e9riode de vacances.<\/span><\/p>\r\n<p><span style=\"font-size: 14pt;\">IMPORTANT : Depuis Juillet 2021, les colis entrant en Union Europ\u00e9enne (U.E) depuis l&rsquo;\u00e9tranger sont assujettis \u00e0 la TVA et le destinataire peut recevoir une lettre lui demandant de s&rsquo;acquitter de la taxe douani\u00e8re.<\/span><\/p>\r\n<p>[\/vc_column_text][\/vc_column][vc_column width=\u00a0\u00bb1\/2&Prime;][vc_column_text css=\u00a0\u00bb\u00a0\u00bb]<\/p>\r\n<h4><span style=\"font-size: 14pt;\"><strong>TVA, taxes d&rsquo;import :<\/strong><\/span><\/h4>\r\n<!-- \/wp:paragraph -->\r\n<p><!-- wp:paragraph --><span style=\"font-size: 14pt;\">Les acheteurs sont responsables pour les taxes d&rsquo;import, TVA et autres charges qui ne sont PAS INCLUSES dans le prix du produit ou de l&rsquo;envoi.<\/span><br \/><span style=\"font-size: 14pt;\">Veuillez vous renseigner aupr\u00e8s des douanes de votre pays pour ces d\u00e9tails.<\/span><\/p>\r\n<p><span style=\"font-size: 14pt;\">Si un colis n&rsquo;est pas r\u00e9clam\u00e9 et retourn\u00e9, nous pourrons le renvoyer avec un cout additionnel <\/span><span style=\"font-size: 14pt;\">ou effectuer un remboursement partiel, n&rsquo;incluant pas le cout de l&rsquo;envoi originel.<\/span><\/p>\r\n<p>[\/vc_column_text][\/vc_column][\/vc_row][vc_row][vc_column width=\u00a0\u00bb1\/2&Prime;][vc_column_text css=\u00a0\u00bb\u00a0\u00bb]<\/p>\r\n<h4><span style=\"font-size: 14pt;\"><strong>Retours et <\/strong> \u00e9<strong>changes :<\/strong><\/span><\/h4>\r\n<!-- \/wp:paragraph -->\r\n<p><!-- wp:paragraph --><span style=\"font-size: 14pt;\">En cas de produit abim\u00e9, veuillez nous contacter dans les 7 jours suivant la r\u00e9ception avec photos.<\/span><\/p>\r\n<p><span style=\"font-size: 14pt;\"><!-- \/wp:paragraph --><\/span><\/p>\r\n<p><span style=\"font-size: 14pt;\"><!-- wp:paragraph -->Si vous n&rsquo; \u00eates pas totalement satisfaits avec votre bijou et souhaitez le retourner ou l&rsquo;\u00e9changer, veuillez nous contacter dans les 7 jours suivant la r\u00e9ception.<\/span><\/p>\r\n<p><span style=\"font-size: 14pt;\">Le bijou ne doit pas avoir \u00e9t\u00e9 port\u00e9 et \u00eatre renvoy\u00e9 dans sa condition originelle.<\/span><\/p>\r\n<p><span style=\"font-size: 14pt;\">Le remboursement sera effectu\u00e9 apr\u00e8s r\u00e9ception et inspection du produit.<\/span><br \/><span style=\"font-size: 14pt;\">L&rsquo;acheteur est responsable des frais d&rsquo;envoi retour. Les frais d&rsquo;envoi d&rsquo;origine ne sont pas remboursables.<\/span><\/p>\r\n<p>[\/vc_column_text][\/vc_column][vc_column width=\u00a0\u00bb1\/2&Prime;][vc_column_text css=\u00a0\u00bb\u00a0\u00bb]<\/p>\r\n<h4><span style=\"font-size: 14pt;\">Puis-je retourner un cadeau ?<\/span><\/h4>\r\n<p><span style=\"font-size: 14pt;\"><!-- \/wp:paragraph --><\/span><\/p>\r\n<p><!-- wp:paragraph --><span style=\"font-size: 14pt;\">Les bijoux re\u00e7us en tant que cadeau sont \u00e9changeables contre un autre bijou de valeur \u00e9gale ou sup\u00e9rieure. Veuillez vous assurer que le bijou est retourn\u00e9 dans de bonnes conditions sous 7 jours ouvrables suivant la date de r\u00e9ception de votre commande. L&rsquo;acheteur est responsable des frais d&rsquo;envoi retour. Les frais d&rsquo;envoi d&rsquo;origine ne sont pas remboursables.<\/span><\/p>\r\n<p>[\/vc_column_text][vc_column_text css=\u00a0\u00bb\u00a0\u00bb]<\/p>\r\n<h4><span style=\"font-size: 14pt;\"><strong>Information<\/strong> <strong>additionnelle<\/strong> <strong>:<\/strong><\/span><\/h4>\r\n<!-- \/wp:paragraph -->\r\n<p><!-- wp:paragraph --><span style=\"font-size: 14pt;\">Veuillez prendre en compte que la couleur des cristaux et autres pierres et mat\u00e9riaux peuvent l\u00e9g\u00e8rement varier selon l&rsquo;\u00e9cran et la personne.<\/span><\/p>\r\n<p>[\/vc_column_text][\/vc_column][\/vc_row]<\/p><\/div>","protected":false},"excerpt":{"rendered":"<p>[vc_row css=\u00a0\u00bb.vc_custom_1748575332024{padding-top: 50px !important;}\u00a0\u00bb][vc_column width=\u00a0\u00bb1\/2&Prime;][vc_column_text css=\u00a0\u00bb\u00a0\u00bb] Prix : Les prix sont en US$, EU\u20ac ou TH\u0e3f . Choisissez votre devise pr\u00e9f\u00e9r\u00e9e dans la barre lat\u00e9rale et sur la page boutique [\/vc_column_text][\/vc_column][vc_column width=\u00a0\u00bb1\/2&Prime;][vc_column_text css=\u00a0\u00bb\u00a0\u00bb] M\u00e9thodes de paiement : Lors du r\u00e8glement, vous pouvez choisir entre transfert banquaire ou paiement par carte s\u00e9curis\u00e9 par Stripe Payments (avec [&hellip;]<\/p>\n","protected":false},"author":1,"featured_media":0,"parent":0,"menu_order":0,"comment_status":"closed","ping_status":"closed","template":"","meta":{"inline_featured_image":false,"_exactmetrics_skip_tracking":false,"_exactmetrics_sitenote_active":false,"_exactmetrics_sitenote_note":"","_exactmetrics_sitenote_category":0,"_vp_format_video_url":"","_vp_image_focal_point":[],"footnotes":""},"class_list":["post-4289","page","type-page","status-publish","hentry"],"yoast_head":"<!-- This site is optimized with the Yoast SEO plugin v26.5 - https:\/\/yoast.com\/wordpress\/plugins\/seo\/ -->\n<title>Termes &amp; conditions<\/title>\n<meta name=\"description\" content=\"Page des Termes &amp; conditions de notre site sur les prix, les paiements, l&#039;envoi, les taxes et les retours.\" \/>\n<meta name=\"robots\" content=\"noindex, nofollow\" \/>\n<meta property=\"og:locale\" content=\"fr_FR\" \/>\n<meta property=\"og:locale:alternate\" content=\"en_GB\" \/>\n<meta property=\"og:locale:alternate\" content=\"th_TH\" \/>\n<meta property=\"og:type\" content=\"article\" \/>\n<meta property=\"og:title\" content=\"Termes &amp; conditions\" \/>\n<meta property=\"og:description\" content=\"Page des Termes &amp; conditions de notre site sur les prix, les paiements, l&#039;envoi, les taxes et les retours.\" \/>\n<meta property=\"og:url\" content=\"https:\/\/unalomesilverdesign.com\/fr\/terms-conditions\/\" \/>\n<meta property=\"og:site_name\" content=\"Unalome Silver Design\" \/>\n<meta property=\"article:publisher\" content=\"https:\/\/www.facebook.com\/UnalomeSilverDesign\/\" \/>\n<meta property=\"article:modified_time\" content=\"2025-05-30T03:43:55+00:00\" \/>\n<meta name=\"twitter:card\" content=\"summary_large_image\" \/>\n<meta name=\"twitter:label1\" content=\"Dur\u00e9e de lecture estim\u00e9e\" \/>\n\t<meta name=\"twitter:data1\" content=\"1 minute\" \/>\n<script type=\"application\/ld+json\" class=\"yoast-schema-graph\">{\"@context\":\"https:\/\/schema.org\",\"@graph\":[{\"@type\":\"WebPage\",\"@id\":\"https:\/\/unalomesilverdesign.com\/th\/terms-conditions\/\",\"url\":\"https:\/\/unalomesilverdesign.com\/th\/terms-conditions\/\",\"name\":\"Termes & conditions\",\"isPartOf\":{\"@id\":\"https:\/\/unalomesilverdesign.com\/#website\"},\"datePublished\":\"2019-07-17T17:02:55+00:00\",\"dateModified\":\"2025-05-30T03:43:55+00:00\",\"description\":\"Page des Termes & conditions de notre site sur les prix, les paiements, l'envoi, les taxes et les retours.\",\"breadcrumb\":{\"@id\":\"https:\/\/unalomesilverdesign.com\/th\/terms-conditions\/#breadcrumb\"},\"inLanguage\":\"fr-FR\",\"potentialAction\":[{\"@type\":\"ReadAction\",\"target\":[\"https:\/\/unalomesilverdesign.com\/th\/terms-conditions\/\"]}]},{\"@type\":\"BreadcrumbList\",\"@id\":\"https:\/\/unalomesilverdesign.com\/th\/terms-conditions\/#breadcrumb\",\"itemListElement\":[{\"@type\":\"ListItem\",\"position\":1,\"name\":\"Home\",\"item\":\"https:\/\/unalomesilverdesign.com\/th\/\"},{\"@type\":\"ListItem\",\"position\":2,\"name\":\"\u0e02\u0e49\u0e2d\u0e15\u0e01\u0e25\u0e07\u0e41\u0e25\u0e30\u0e40\u0e07\u0e37\u0e48\u0e2d\u0e19\u0e44\u0e02\"}]},{\"@type\":\"WebSite\",\"@id\":\"https:\/\/unalomesilverdesign.com\/#website\",\"url\":\"https:\/\/unalomesilverdesign.com\/\",\"name\":\"Unalome Silver Design\",\"description\":\"Silver Handmade Jewelry\",\"publisher\":{\"@id\":\"https:\/\/unalomesilverdesign.com\/#organization\"},\"potentialAction\":[{\"@type\":\"SearchAction\",\"target\":{\"@type\":\"EntryPoint\",\"urlTemplate\":\"https:\/\/unalomesilverdesign.com\/?s={search_term_string}\"},\"query-input\":{\"@type\":\"PropertyValueSpecification\",\"valueRequired\":true,\"valueName\":\"search_term_string\"}}],\"inLanguage\":\"fr-FR\"},{\"@type\":\"Organization\",\"@id\":\"https:\/\/unalomesilverdesign.com\/#organization\",\"name\":\"Unalome Silver Design\",\"url\":\"https:\/\/unalomesilverdesign.com\/\",\"logo\":{\"@type\":\"ImageObject\",\"inLanguage\":\"fr-FR\",\"@id\":\"https:\/\/unalomesilverdesign.com\/#\/schema\/logo\/image\/\",\"url\":\"https:\/\/mlvd6rox4fnu.i.optimole.com\/cb:RW0d.39f8a\/w:1600\/h:800\/q:mauto\/f:best\/https:\/\/unalomesilverdesign.com\/wp-content\/uploads\/2025\/05\/Unalome-Silver-Design-Logo-Site-SEO.jpg\",\"contentUrl\":\"https:\/\/mlvd6rox4fnu.i.optimole.com\/cb:RW0d.39f8a\/w:1600\/h:800\/q:mauto\/f:best\/https:\/\/unalomesilverdesign.com\/wp-content\/uploads\/2025\/05\/Unalome-Silver-Design-Logo-Site-SEO.jpg\",\"width\":1600,\"height\":800,\"caption\":\"Unalome Silver Design\"},\"image\":{\"@id\":\"https:\/\/unalomesilverdesign.com\/#\/schema\/logo\/image\/\"},\"sameAs\":[\"https:\/\/www.facebook.com\/UnalomeSilverDesign\/\"]}]}<\/script>\n<!-- \/ Yoast SEO plugin. -->","yoast_head_json":{"title":"Termes & conditions","description":"Page des Termes & conditions de notre site sur les prix, les paiements, l'envoi, les taxes et les retours.","robots":{"index":"noindex","follow":"nofollow"},"og_locale":"fr_FR","og_type":"article","og_title":"[:en]Terms & conditions[:fr]Termes & conditions[:th]\u0e02\u0e49\u0e2d\u0e15\u0e01\u0e25\u0e07\u0e41\u0e25\u0e30\u0e40\u0e07\u0e37\u0e48\u0e2d\u0e19\u0e44\u0e02[:] - Unalome Silver Design","og_description":"[:en]Terms & conditions page for our website about price, payments, shipping, V.A.T., returns and exchanges policies.[:fr]Page des Termes & conditions de notre site sur les prix, les paiements, l'envoi, les taxes et les retours.[:th]\u0e02\u0e49\u0e2d\u0e15\u0e01\u0e25\u0e07\u0e41\u0e25\u0e30\u0e40\u0e07\u0e37\u0e48\u0e2d\u0e19\u0e44\u0e02 for our website about price, payments, shipping, V.A.T., returns and exchanges policies.[:]","og_url":"https:\/\/unalomesilverdesign.com\/fr\/terms-conditions\/","og_site_name":"Unalome Silver Design","article_publisher":"https:\/\/www.facebook.com\/UnalomeSilverDesign\/","article_modified_time":"2025-05-30T03:43:55+00:00","twitter_card":"summary_large_image","twitter_misc":{"Dur\u00e9e de lecture estim\u00e9e":"1 minute"},"schema":{"@context":"https:\/\/schema.org","@graph":[{"@type":"WebPage","@id":"https:\/\/unalomesilverdesign.com\/th\/terms-conditions\/","url":"https:\/\/unalomesilverdesign.com\/th\/terms-conditions\/","name":"Termes & conditions","isPartOf":{"@id":"https:\/\/unalomesilverdesign.com\/#website"},"datePublished":"2019-07-17T17:02:55+00:00","dateModified":"2025-05-30T03:43:55+00:00","description":"Page des Termes & conditions de notre site sur les prix, les paiements, l'envoi, les taxes et les retours.","breadcrumb":{"@id":"https:\/\/unalomesilverdesign.com\/th\/terms-conditions\/#breadcrumb"},"inLanguage":"fr-FR","potentialAction":[{"@type":"ReadAction","target":["https:\/\/unalomesilverdesign.com\/th\/terms-conditions\/"]}]},{"@type":"BreadcrumbList","@id":"https:\/\/unalomesilverdesign.com\/th\/terms-conditions\/#breadcrumb","itemListElement":[{"@type":"ListItem","position":1,"name":"Home","item":"https:\/\/unalomesilverdesign.com\/th\/"},{"@type":"ListItem","position":2,"name":"\u0e02\u0e49\u0e2d\u0e15\u0e01\u0e25\u0e07\u0e41\u0e25\u0e30\u0e40\u0e07\u0e37\u0e48\u0e2d\u0e19\u0e44\u0e02"}]},{"@type":"WebSite","@id":"https:\/\/unalomesilverdesign.com\/#website","url":"https:\/\/unalomesilverdesign.com\/","name":"Unalome Silver Design","description":"Silver Handmade Jewelry","publisher":{"@id":"https:\/\/unalomesilverdesign.com\/#organization"},"potentialAction":[{"@type":"SearchAction","target":{"@type":"EntryPoint","urlTemplate":"https:\/\/unalomesilverdesign.com\/?s={search_term_string}"},"query-input":{"@type":"PropertyValueSpecification","valueRequired":true,"valueName":"search_term_string"}}],"inLanguage":"fr-FR"},{"@type":"Organization","@id":"https:\/\/unalomesilverdesign.com\/#organization","name":"Unalome Silver Design","url":"https:\/\/unalomesilverdesign.com\/","logo":{"@type":"ImageObject","inLanguage":"fr-FR","@id":"https:\/\/unalomesilverdesign.com\/#\/schema\/logo\/image\/","url":"https:\/\/mlvd6rox4fnu.i.optimole.com\/cb:RW0d.39f8a\/w:1600\/h:800\/q:mauto\/f:best\/https:\/\/unalomesilverdesign.com\/wp-content\/uploads\/2025\/05\/Unalome-Silver-Design-Logo-Site-SEO.jpg","contentUrl":"https:\/\/mlvd6rox4fnu.i.optimole.com\/cb:RW0d.39f8a\/w:1600\/h:800\/q:mauto\/f:best\/https:\/\/unalomesilverdesign.com\/wp-content\/uploads\/2025\/05\/Unalome-Silver-Design-Logo-Site-SEO.jpg","width":1600,"height":800,"caption":"Unalome Silver Design"},"image":{"@id":"https:\/\/unalomesilverdesign.com\/#\/schema\/logo\/image\/"},"sameAs":["https:\/\/www.facebook.com\/UnalomeSilverDesign\/"]}]}},"_links":{"self":[{"href":"https:\/\/unalomesilverdesign.com\/fr\/wp-json\/wp\/v2\/pages\/4289","targetHints":{"allow":["GET"]}}],"collection":[{"href":"https:\/\/unalomesilverdesign.com\/fr\/wp-json\/wp\/v2\/pages"}],"about":[{"href":"https:\/\/unalomesilverdesign.com\/fr\/wp-json\/wp\/v2\/types\/page"}],"author":[{"embeddable":true,"href":"https:\/\/unalomesilverdesign.com\/fr\/wp-json\/wp\/v2\/users\/1"}],"replies":[{"embeddable":true,"href":"https:\/\/unalomesilverdesign.com\/fr\/wp-json\/wp\/v2\/comments?post=4289"}],"version-history":[{"count":17,"href":"https:\/\/unalomesilverdesign.com\/fr\/wp-json\/wp\/v2\/pages\/4289\/revisions"}],"predecessor-version":[{"id":8190,"href":"https:\/\/unalomesilverdesign.com\/fr\/wp-json\/wp\/v2\/pages\/4289\/revisions\/8190"}],"wp:attachment":[{"href":"https:\/\/unalomesilverdesign.com\/fr\/wp-json\/wp\/v2\/media?parent=4289"}],"curies":[{"name":"wp","href":"https:\/\/api.w.org\/{rel}","templated":true}]}}